{"id":116050,"date":"2024-10-30T06:10:23","date_gmt":"2024-10-30T06:10:23","guid":{"rendered":"https:\/\/bitsmag.ro\/aff\/shop\/uncategorized\/imprimanta-inkjet-mono-epson-workforce-pro-wf-m5299dw-dimensiune-a4-printareduplex-viteza-34ppm-rezolutie-1200-x-2400-dpi-alimentare-hartie-330-coli-volum-lunar-printare-45-000-pagini-dis-2\/"},"modified":"2024-10-30T06:10:29","modified_gmt":"2024-10-30T06:10:29","slug":"imprimanta-inkjet-mono-epson-workforce-pro-wf-m5299dw-dimensiune-a4-printareduplex-viteza-34ppm-rezolutie-1200-x-2400-dpi-alimentare-hartie-330-coli-volum-lunar-printare-45-000-pagini-dis-2","status":"publish","type":"product","link":"https:\/\/bitsmag.ro\/aff\/shop\/imprimante\/ca-nou-imprimante\/imprimanta-inkjet-mono-epson-workforce-pro-wf-m5299dw-dimensiune-a4-printareduplex-viteza-34ppm-rezolutie-1200-x-2400-dpi-alimentare-hartie-330-coli-volum-lunar-printare-45-000-pagini-dis-2\/","title":{"rendered":"Imprimanta inkjet mono Epson WorkForce Pro WF-M5299DW , dimensiune A4 (Printare),duplex, viteza 34ppm, rezolutie 1200 x 2400 dpi, alimentare hartie 330 coli, , volum lunar printare: 45.000 pagini, Display LCD 6.1cm Interfa\u021b\u0103: WiFi, USB, Wi-Fi Direct, Interfa\u0163\u0103 Ethernet, Dimensiuni: 425\u200e x 535 x 357"},"content":{"rendered":"<ul>\n<li>Grupa: Ca Nou<\/li>\n<li>Brand: EPSON<\/li>\n<li>Model: <\/li>\n<li>Calitate: Nou<\/li>\n<li>Mod printare: Color \/ Monocrom<\/li>\n<li>Duplex: Automat<\/li>\n<li>Volum lunar: max-50.000pgs<\/li>\n<li>Format printare: A4<\/li>\n<li>Porturi \/ Conectare: USB+LAN+WLAN<\/li>\n<li>Viteza de printare: 30-40ppm<\/li>\n<\/ul>\n<p> <\/br><\/p>\n","protected":false},"excerpt":{"rendered":"<p>Imprimanta inkjet mono Epson WorkForce Pro WF-M5299DW , dimensiune A4 (Printare),duplex, viteza 34ppm, rezolutie 1200 x 2400 dpi, alimentare hartie 330 coli, , volum lunar printare: 45.000 pagini, Display LCD 6.1cm Interfa\u021b\u0103: WiFi, USB, Wi-Fi Direct, Interfa\u0163\u0103 Ethernet, Dimensiuni: 425\u200e x 535 x 357<a class=\"button\" href=\"https:\/\/bitsmag.ro\/aff\/shop\/imprimante\/ca-nou-imprimante\/imprimanta-inkjet-mono-epson-workforce-pro-wf-m5299dw-dimensiune-a4-printareduplex-viteza-34ppm-rezolutie-1200-x-2400-dpi-alimentare-hartie-330-coli-volum-lunar-printare-45-000-pagini-dis-2\/\" title=\"More\">Read more<\/a><\/p>\n","protected":false},"featured_media":82202,"comment_status":"open","ping_status":"open","template":"","meta":{"_acf_changed":false},"product_brand":[],"product_cat":[15790,15768],"product_tag":[15806,15803,15811,15808,15783,15802,15810,15805,15784,15804,15807,15809],"class_list":{"0":"post-116050","1":"product","2":"type-product","3":"status-publish","4":"has-post-thumbnail","6":"product_cat-ca-nou-imprimante","7":"product_cat-imprimante","8":"product_tag-alimentare-hartie-330-coli","9":"product_tag-dimensiune-a4-printare","10":"product_tag-dimensiuni-425-x-535-x-357","11":"product_tag-display-lcd-6-1cm-interfata-wifi","12":"product_tag-duplex","13":"product_tag-imprimanta-inkjet-mono-epson-workforce-pro-wf-m5299dw","14":"product_tag-interfata-ethernet","15":"product_tag-rezolutie-1200-x-2400-dpi","16":"product_tag-usb","17":"product_tag-viteza-34ppm","18":"product_tag-volum-lunar-printare-45-000-pagini","19":"product_tag-wi-fi-direct","20":"pa_garantie-garantie-1-an","22":"first","23":"outofstock","24":"shipping-taxable","25":"purchasable","26":"product-type-simple"},"acf":[],"_links":{"self":[{"href":"https:\/\/bitsmag.ro\/aff\/wp-json\/wp\/v2\/product\/116050","targetHints":{"allow":["GET"]}}],"collection":[{"href":"https:\/\/bitsmag.ro\/aff\/wp-json\/wp\/v2\/product"}],"about":[{"href":"https:\/\/bitsmag.ro\/aff\/wp-json\/wp\/v2\/types\/product"}],"replies":[{"embeddable":true,"href":"https:\/\/bitsmag.ro\/aff\/wp-json\/wp\/v2\/comments?post=116050"}],"wp:featuredmedia":[{"embeddable":true,"href":"https:\/\/bitsmag.ro\/aff\/wp-json\/wp\/v2\/media\/82202"}],"wp:attachment":[{"href":"https:\/\/bitsmag.ro\/aff\/wp-json\/wp\/v2\/media?parent=116050"}],"wp:term":[{"taxonomy":"product_brand","embeddable":true,"href":"https:\/\/bitsmag.ro\/aff\/wp-json\/wp\/v2\/product_brand?post=116050"},{"taxonomy":"product_cat","embeddable":true,"href":"https:\/\/bitsmag.ro\/aff\/wp-json\/wp\/v2\/product_cat?post=116050"},{"taxonomy":"product_tag","embeddable":true,"href":"https:\/\/bitsmag.ro\/aff\/wp-json\/wp\/v2\/product_tag?post=116050"}],"curies":[{"name":"wp","href":"https:\/\/api.w.org\/{rel}","templated":true}]}}