{"id":116475,"date":"2024-11-09T12:11:14","date_gmt":"2024-11-09T12:11:14","guid":{"rendered":"https:\/\/bitsmag.ro\/aff\/shop\/uncategorized\/imprimanta-laser-monocrom-lexmark-ms631dw-a4-grup-de-lucru-mediu-2-8-inch-7-2-cm-colour-touch-screenalimentator-multifunctional-de-100-de-coli-tava-de-iesire-de-250-de-coli-unitate-duplex-inte\/"},"modified":"2024-11-09T12:11:14","modified_gmt":"2024-11-09T12:11:14","slug":"imprimanta-laser-monocrom-lexmark-ms631dw-a4-grup-de-lucru-mediu-2-8-inch-7-2-cm-colour-touch-screenalimentator-multifunctional-de-100-de-coli-tava-de-iesire-de-250-de-coli-unitate-duplex-inte","status":"publish","type":"product","link":"https:\/\/bitsmag.ro\/aff\/shop\/imprimante\/ca-nou-imprimante\/imprimanta-laser-monocrom-lexmark-ms631dw-a4-grup-de-lucru-mediu-2-8-inch-7-2-cm-colour-touch-screenalimentator-multifunctional-de-100-de-coli-tava-de-iesire-de-250-de-coli-unitate-duplex-inte\/","title":{"rendered":"Imprimanta laser monocrom Lexmark MS631dw, A4, Grup de lucru mediu, 2.8 inch (7.2 cm) Colour touch screen,Alimentator multifunc\u0163ional de 100 de coli, Tav\u0103 de ie\u015fire de 250 de coli, Unitate duplex integrat\u0103, Tav\u0103 integrat de 550 coli, Porturi standard  Gigabit Ethernet (10\/100\/1000), Port frontal de"},"content":{"rendered":"<ul>\n<li>Grupa: Ca Nou<\/li>\n<li>Brand: Lexmark<\/li>\n<li>Model: <\/li>\n<li>Calitate: Nou<\/li>\n<li>Mod printare: Color \/ Monocrom<\/li>\n<li>Duplex: Automat<\/li>\n<li>Volum lunar: \u2265100.001pgs<\/li>\n<li>Format printare: A4<\/li>\n<li>Porturi \/ Conectare: USB+LAN<\/li>\n<li>Viteza de printare: >40ppm<\/li>\n<\/ul>\n<p> <\/br><br \/>\nImprimanta laser monocrom Lexmark MS631dw, A4, Grup de lucru mediu, 2.8 inch (7.2 cm) Colour touch screen,Alimentator multifunc\u0163ional de 100 de coli, Tav\u0103 de ie\u015fire de 250 de coli, Unitate duplex integrat\u0103, Tav\u0103 integrat de 550 coli, Porturi standard  Gigabit Ethernet (10\/100\/1000), Port frontal de mare vitez\u0103 conform specifica\u0163iei USB 2.0 (tip A), Certificare de mare vitez\u0103 conform specifica\u0163iei USB 2.0 (tip B), 802.11b\/g\/n\/ac + BLE, Viteza pana la 47 ppm, rezolutie 1200 x 1200 dpi, 1200 calitate a imaginii, Duplex integrat, Intrare standard de 650 coli cu maxim 2300 coli, Volum maxim pana la 175000 pagini pe luna cu recomandat de maxim 20000 pagini pe luna, Procesor Dual Core, 1 GHz, Memorie standard 512 MB, Se livreaza cu toner de 5000 pagini, foloseste ulterior 66S2X00, 66S2000, unitate imagine 66S0ZA0, 66S0Z00<\/p>\n","protected":false},"excerpt":{"rendered":"<p>Imprimanta laser monocrom Lexmark MS631dw, A4, Grup de lucru mediu, 2.8 inch (7.2 cm) Colour touch screen,Alimentator multifunc\u0163ional de 100 de coli, Tav\u0103 de ie\u015fire de 250 de coli, Unitate duplex integrat\u0103, Tav\u0103 integrat de 550 coli, Porturi standard  Gigabit Ethernet (10\/100\/1000), Port frontal de<a class=\"button\" href=\"https:\/\/bitsmag.ro\/aff\/shop\/imprimante\/ca-nou-imprimante\/imprimanta-laser-monocrom-lexmark-ms631dw-a4-grup-de-lucru-mediu-2-8-inch-7-2-cm-colour-touch-screenalimentator-multifunctional-de-100-de-coli-tava-de-iesire-de-250-de-coli-unitate-duplex-inte\/\" title=\"More\">Read more<\/a><\/p>\n","protected":false},"featured_media":116476,"comment_status":"open","ping_status":"open","template":"","meta":{"_acf_changed":false},"product_brand":[],"product_cat":[15790,15768],"product_tag":[16023,15782,16024,16022,16021,16029,16028,16025,16027,16026],"class_list":{"0":"post-116475","1":"product","2":"type-product","3":"status-publish","4":"has-post-thumbnail","6":"product_cat-ca-nou-imprimante","7":"product_cat-imprimante","8":"product_tag-2-8-inch-7-2-cm-colour-touch-screen","9":"product_tag-a4","10":"product_tag-alimentator-multifunctional-de-100-de-coli","11":"product_tag-grup-de-lucru-mediu","12":"product_tag-imprimanta-laser-monocrom-lexmark-ms631dw","13":"product_tag-port-frontal-de","14":"product_tag-porturi-standard-gigabit-ethernet-10-100-1000","15":"product_tag-tava-de-iesire-de-250-de-coli","16":"product_tag-tava-integrat-de-550-coli","17":"product_tag-unitate-duplex-integrata","18":"pa_garantie-garantie-1-an","20":"first","21":"outofstock","22":"sale","23":"shipping-taxable","24":"purchasable","25":"product-type-simple"},"acf":[],"_links":{"self":[{"href":"https:\/\/bitsmag.ro\/aff\/wp-json\/wp\/v2\/product\/116475","targetHints":{"allow":["GET"]}}],"collection":[{"href":"https:\/\/bitsmag.ro\/aff\/wp-json\/wp\/v2\/product"}],"about":[{"href":"https:\/\/bitsmag.ro\/aff\/wp-json\/wp\/v2\/types\/product"}],"replies":[{"embeddable":true,"href":"https:\/\/bitsmag.ro\/aff\/wp-json\/wp\/v2\/comments?post=116475"}],"wp:featuredmedia":[{"embeddable":true,"href":"https:\/\/bitsmag.ro\/aff\/wp-json\/wp\/v2\/media\/116476"}],"wp:attachment":[{"href":"https:\/\/bitsmag.ro\/aff\/wp-json\/wp\/v2\/media?parent=116475"}],"wp:term":[{"taxonomy":"product_brand","embeddable":true,"href":"https:\/\/bitsmag.ro\/aff\/wp-json\/wp\/v2\/product_brand?post=116475"},{"taxonomy":"product_cat","embeddable":true,"href":"https:\/\/bitsmag.ro\/aff\/wp-json\/wp\/v2\/product_cat?post=116475"},{"taxonomy":"product_tag","embeddable":true,"href":"https:\/\/bitsmag.ro\/aff\/wp-json\/wp\/v2\/product_tag?post=116475"}],"curies":[{"name":"wp","href":"https:\/\/api.w.org\/{rel}","templated":true}]}}