{"id":121121,"date":"2025-11-24T12:22:32","date_gmt":"2025-11-24T12:22:32","guid":{"rendered":"https:\/\/bitsmag.ro\/aff\/shop\/uncategorized\/convertor-audio-digital-la-analog-techstar-dac-192khz-cu-bluetooth-5-4-si-telecomanda-intrari-optice-iesiri-rca-si-jack-3-5mm\/"},"modified":"2025-11-24T12:22:41","modified_gmt":"2025-11-24T12:22:41","slug":"convertor-audio-digital-la-analog-techstar-dac-192khz-cu-bluetooth-5-4-si-telecomanda-intrari-optice-iesiri-rca-si-jack-3-5mm","status":"publish","type":"product","link":"https:\/\/bitsmag.ro\/aff\/shop\/techstar-ro\/adaptoare-audio-wireless\/convertor-audio-digital-la-analog-techstar-dac-192khz-cu-bluetooth-5-4-si-telecomanda-intrari-optice-iesiri-rca-si-jack-3-5mm\/","title":{"rendered":"Convertor Audio Digital la Analog Techstar\u00ae DAC 192KHz cu Bluetooth 5.4 \u0219i Telecomanda, Intrari Optice, Iesiri RCA \u0219i Jack 3.5mm"},"content":{"rendered":"<p>Convertor Audio Digital la Analog Techstar\u00ae DAC 192KHz cu Bluetooth 5.4 \u0219i Telecomanda, Intrari Optice, Iesiri RCA \u0219i Jack 3.5mm|Convertor Audio Digital-Analogic cu Bluetooth 5.4 \u0219i Telecomand\u0103 Transform\u0103 experien\u021ba ta auditiv\u0103 cu acest convertor audio digital-analogic de \u00eenalt\u0103 calitate, echipat cu Bluetooth 5.4 \u0219i telecomand\u0103. Ideal pentru conectarea dispozitivelor digitale moderne la sisteme audio tradi\u021bionale, oferind un sunet clar \u0219i fidel. Caracteristici principale: Conversie Digital-Analogic\u0103 de \u00cenalt\u0103 Fidelitate: Accept\u0103 intr\u0103ri digitale prin fibr\u0103 optic\u0103 (Toslink), convertind semnalele \u00een ie\u0219iri || Techstar.ro <\/p>\n<p>Disponibilitate: In Stoc<\/p>\n","protected":false},"excerpt":{"rendered":"<p>Convertor Audio Digital-Analogic cu Bluetooth 5.4 \u0219i Telecomand\u0103 Transform\u0103 experien\u021ba ta auditiv\u0103 cu acest convertor audio digital-analogic de \u00eenalt\u0103 calitate, echipat cu Bluetooth 5.4 \u0219i telecomand\u0103. Ideal pentru conectarea dispozitivelor digitale moderne la sisteme audio tradi\u021bionale, oferind un sunet clar \u0219i fidel. Caracteristici principale: Conversie Digital-Analogic\u0103 de \u00cenalt\u0103 Fidelitate: Accept\u0103 intr\u0103ri digitale prin fibr\u0103 optic\u0103 (Toslink), convertind semnalele \u00een ie\u0219iri<a class=\"button\" href=\"https:\/\/bitsmag.ro\/aff\/shop\/techstar-ro\/adaptoare-audio-wireless\/convertor-audio-digital-la-analog-techstar-dac-192khz-cu-bluetooth-5-4-si-telecomanda-intrari-optice-iesiri-rca-si-jack-3-5mm\/\" title=\"More\">Read more<\/a><\/p>\n","protected":false},"featured_media":121123,"comment_status":"open","ping_status":"open","template":"","meta":{"_acf_changed":false},"product_brand":[],"product_cat":[13606,175],"product_tag":[],"class_list":{"0":"post-121121","1":"product","2":"type-product","3":"status-publish","4":"has-post-thumbnail","6":"product_cat-adaptoare-audio-wireless","7":"product_cat-techstar-ro","8":"pa_stock-disponibilitate-in-stoc","10":"first","11":"instock","12":"sale","13":"product-type-external"},"acf":[],"_links":{"self":[{"href":"https:\/\/bitsmag.ro\/aff\/wp-json\/wp\/v2\/product\/121121","targetHints":{"allow":["GET"]}}],"collection":[{"href":"https:\/\/bitsmag.ro\/aff\/wp-json\/wp\/v2\/product"}],"about":[{"href":"https:\/\/bitsmag.ro\/aff\/wp-json\/wp\/v2\/types\/product"}],"replies":[{"embeddable":true,"href":"https:\/\/bitsmag.ro\/aff\/wp-json\/wp\/v2\/comments?post=121121"}],"wp:featuredmedia":[{"embeddable":true,"href":"https:\/\/bitsmag.ro\/aff\/wp-json\/wp\/v2\/media\/121123"}],"wp:attachment":[{"href":"https:\/\/bitsmag.ro\/aff\/wp-json\/wp\/v2\/media?parent=121121"}],"wp:term":[{"taxonomy":"product_brand","embeddable":true,"href":"https:\/\/bitsmag.ro\/aff\/wp-json\/wp\/v2\/product_brand?post=121121"},{"taxonomy":"product_cat","embeddable":true,"href":"https:\/\/bitsmag.ro\/aff\/wp-json\/wp\/v2\/product_cat?post=121121"},{"taxonomy":"product_tag","embeddable":true,"href":"https:\/\/bitsmag.ro\/aff\/wp-json\/wp\/v2\/product_tag?post=121121"}],"curies":[{"name":"wp","href":"https:\/\/api.w.org\/{rel}","templated":true}]}}