{"id":121328,"date":"2025-11-24T12:23:48","date_gmt":"2025-11-24T12:23:48","guid":{"rendered":"https:\/\/bitsmag.ro\/aff\/shop\/uncategorized\/adaptor-wireless-techstar-ax-1800-dual-band-1200mbps-usb-3-0-2-4g-5g-long-range-2-antene-negru\/"},"modified":"2025-11-24T12:23:54","modified_gmt":"2025-11-24T12:23:54","slug":"adaptor-wireless-techstar-ax-1800-dual-band-1200mbps-usb-3-0-2-4g-5g-long-range-2-antene-negru","status":"publish","type":"product","link":"https:\/\/bitsmag.ro\/aff\/shop\/techstar-ro\/lampi-spoturi-led\/adaptor-wireless-techstar-ax-1800-dual-band-1200mbps-usb-3-0-2-4g-5g-long-range-2-antene-negru\/","title":{"rendered":"Adaptor Wireless Techstar\u00ae AX 1800 Dual-Band, 1200Mbps, USB 3.0, 2.4G\/5G, Long Range, 2 Antene, Negru"},"content":{"rendered":"<p>Adaptor Wireless Techstar\u00ae AX 1800 Dual-Band, 1200Mbps, USB 3.0, 2.4G\/5G, Long Range, 2 Antene, Negru|Adaptorul wireless Techstar AX 1800 reprezint\u0103 solu\u021bia ideal\u0103 pentru conectarea dispozitivelor la internet f\u0103r\u0103 fir, indiferent de loca\u021bia dumneavoastr\u0103. Acest adaptor dual-band ofer\u0103 viteze de transfer de p\u00e2n\u0103 la 1200Mbps, perfect pentru activit\u0103\u021bi online de mare vitez\u0103, precum streaming-ul video HD \u0219i jocurile online. Performan\u021b\u0103 remarcabil\u0103: Cu dou\u0103 antene puternice, adaptorul Techstar AX 1800 extinde semnalul wireless pe o distan\u021b\u0103 mai mare, asigur\u00e2nd o conexiune stabil\u0103 \u00een orice || Techstar.ro <\/p>\n<p>Disponibilitate: In Stoc<\/p>\n","protected":false},"excerpt":{"rendered":"<p>Adaptorul wireless Techstar AX 1800 reprezint\u0103 solu\u021bia ideal\u0103 pentru conectarea dispozitivelor la internet f\u0103r\u0103 fir, indiferent de loca\u021bia dumneavoastr\u0103. Acest adaptor dual-band ofer\u0103 viteze de transfer de p\u00e2n\u0103 la 1200Mbps, perfect pentru activit\u0103\u021bi online de mare vitez\u0103, precum streaming-ul video HD \u0219i jocurile online. Performan\u021b\u0103 remarcabil\u0103: Cu dou\u0103 antene puternice, adaptorul Techstar AX 1800 extinde semnalul wireless pe o distan\u021b\u0103 mai mare, asigur\u00e2nd o conexiune stabil\u0103 \u00een orice<a class=\"button\" href=\"https:\/\/bitsmag.ro\/aff\/shop\/techstar-ro\/lampi-spoturi-led\/adaptor-wireless-techstar-ax-1800-dual-band-1200mbps-usb-3-0-2-4g-5g-long-range-2-antene-negru\/\" title=\"More\">Read more<\/a><\/p>\n","protected":false},"featured_media":70347,"comment_status":"open","ping_status":"open","template":"","meta":{"_acf_changed":false},"product_brand":[],"product_cat":[13586,175],"product_tag":[],"class_list":{"0":"post-121328","1":"product","2":"type-product","3":"status-publish","4":"has-post-thumbnail","6":"product_cat-lampi-spoturi-led","7":"product_cat-techstar-ro","8":"pa_stock-disponibilitate-in-stoc","10":"first","11":"instock","12":"sale","13":"product-type-external"},"acf":[],"_links":{"self":[{"href":"https:\/\/bitsmag.ro\/aff\/wp-json\/wp\/v2\/product\/121328","targetHints":{"allow":["GET"]}}],"collection":[{"href":"https:\/\/bitsmag.ro\/aff\/wp-json\/wp\/v2\/product"}],"about":[{"href":"https:\/\/bitsmag.ro\/aff\/wp-json\/wp\/v2\/types\/product"}],"replies":[{"embeddable":true,"href":"https:\/\/bitsmag.ro\/aff\/wp-json\/wp\/v2\/comments?post=121328"}],"wp:featuredmedia":[{"embeddable":true,"href":"https:\/\/bitsmag.ro\/aff\/wp-json\/wp\/v2\/media\/70347"}],"wp:attachment":[{"href":"https:\/\/bitsmag.ro\/aff\/wp-json\/wp\/v2\/media?parent=121328"}],"wp:term":[{"taxonomy":"product_brand","embeddable":true,"href":"https:\/\/bitsmag.ro\/aff\/wp-json\/wp\/v2\/product_brand?post=121328"},{"taxonomy":"product_cat","embeddable":true,"href":"https:\/\/bitsmag.ro\/aff\/wp-json\/wp\/v2\/product_cat?post=121328"},{"taxonomy":"product_tag","embeddable":true,"href":"https:\/\/bitsmag.ro\/aff\/wp-json\/wp\/v2\/product_tag?post=121328"}],"curies":[{"name":"wp","href":"https:\/\/api.w.org\/{rel}","templated":true}]}}