{"id":121420,"date":"2025-04-21T16:59:34","date_gmt":"2025-04-21T16:59:34","guid":{"rendered":"https:\/\/bitsmag.ro\/aff\/shop\/uncategorized\/tv-box-techstar-hk1-k8-rk3528-smart-media-player-8k-ram-2gb-rom-16gb-bluetooth-5-0-android-13-rk3528-quad-core-arm-cortex-a53-culori-rgb-programabile-telecomanda-ir-negru\/"},"modified":"2025-04-21T16:59:36","modified_gmt":"2025-04-21T16:59:36","slug":"tv-box-techstar-hk1-k8-rk3528-smart-media-player-8k-ram-2gb-rom-16gb-bluetooth-5-0-android-13-rk3528-quad-core-arm-cortex-a53-culori-rgb-programabile-telecomanda-ir-negru","status":"publish","type":"product","link":"https:\/\/bitsmag.ro\/aff\/shop\/techstar-ro\/cartuse-cerneala-canon\/tv-box-techstar-hk1-k8-rk3528-smart-media-player-8k-ram-2gb-rom-16gb-bluetooth-5-0-android-13-rk3528-quad-core-arm-cortex-a53-culori-rgb-programabile-telecomanda-ir-negru\/","title":{"rendered":"TV Box Techstar\u00ae HK1 K8 RK3528 Smart Media Player, 8K, RAM 2GB, ROM 16GB, Bluetooth 5.0, Android 13, RK3528 Quad Core ARM Cortex-A53, Culori RGB Programabile, Telecomanda IR, Negru"},"content":{"rendered":"<p>TV Box Techstar\u00ae HK1 K8 RK3528 Smart Media Player, 8K, RAM 2GB, ROM 16GB, Bluetooth 5.0, Android 13, RK3528 Quad Core ARM Cortex-A53, Culori RGB Programabile, Telecomanda IR, Negru|TV Box-ul Techstar\u00ae HK1 K8 Android 13 este un mic calculator pe care ruleaz\u0103 sistemul de operare Android TV \u0219i are func\u021bii specializate pentru redarea pe un televizor a con\u021binutului media. TV BOX-urile pot reda inclusiv filme sau muzica stocate\/salvate local \u00een propria memorie sau de pe un disc extern conectat la TV BOX prin portul USB. TV BOX-urile pot transforma orice televizor \u00eentr-un televizor inteligent sau \u00eentr-un computer, cu o gam\u0103 larg\u0103 de op\u021biuni. Dispozitivul are un ecran LCD || Techstar.ro <\/p>\n<p>Disponibilitate: In Stoc<\/p>\n","protected":false},"excerpt":{"rendered":"<p>TV Box-ul Techstar\u00ae HK1 K8 Android 13 este un mic calculator pe care ruleaz\u0103 sistemul de operare Android TV \u0219i are func\u021bii specializate pentru redarea pe un televizor a con\u021binutului media. TV BOX-urile pot reda inclusiv filme sau muzica stocate\/salvate local \u00een propria memorie sau de pe un disc extern conectat la TV BOX prin portul USB. TV BOX-urile pot transforma orice televizor \u00eentr-un televizor inteligent sau \u00eentr-un computer, cu o gam\u0103 larg\u0103 de op\u021biuni. Dispozitivul are un ecran LCD<a class=\"button\" href=\"https:\/\/bitsmag.ro\/aff\/shop\/techstar-ro\/cartuse-cerneala-canon\/tv-box-techstar-hk1-k8-rk3528-smart-media-player-8k-ram-2gb-rom-16gb-bluetooth-5-0-android-13-rk3528-quad-core-arm-cortex-a53-culori-rgb-programabile-telecomanda-ir-negru\/\" title=\"More\">Read more<\/a><\/p>\n","protected":false},"featured_media":121421,"comment_status":"open","ping_status":"open","template":"","meta":{"_acf_changed":false},"product_brand":[],"product_cat":[13542,175],"product_tag":[],"class_list":{"0":"post-121420","1":"product","2":"type-product","3":"status-publish","4":"has-post-thumbnail","6":"product_cat-cartuse-cerneala-canon","7":"product_cat-techstar-ro","8":"pa_stock-disponibilitate-in-stoc","10":"first","11":"instock","12":"sale","13":"product-type-external"},"acf":[],"_links":{"self":[{"href":"https:\/\/bitsmag.ro\/aff\/wp-json\/wp\/v2\/product\/121420","targetHints":{"allow":["GET"]}}],"collection":[{"href":"https:\/\/bitsmag.ro\/aff\/wp-json\/wp\/v2\/product"}],"about":[{"href":"https:\/\/bitsmag.ro\/aff\/wp-json\/wp\/v2\/types\/product"}],"replies":[{"embeddable":true,"href":"https:\/\/bitsmag.ro\/aff\/wp-json\/wp\/v2\/comments?post=121420"}],"wp:featuredmedia":[{"embeddable":true,"href":"https:\/\/bitsmag.ro\/aff\/wp-json\/wp\/v2\/media\/121421"}],"wp:attachment":[{"href":"https:\/\/bitsmag.ro\/aff\/wp-json\/wp\/v2\/media?parent=121420"}],"wp:term":[{"taxonomy":"product_brand","embeddable":true,"href":"https:\/\/bitsmag.ro\/aff\/wp-json\/wp\/v2\/product_brand?post=121420"},{"taxonomy":"product_cat","embeddable":true,"href":"https:\/\/bitsmag.ro\/aff\/wp-json\/wp\/v2\/product_cat?post=121420"},{"taxonomy":"product_tag","embeddable":true,"href":"https:\/\/bitsmag.ro\/aff\/wp-json\/wp\/v2\/product_tag?post=121420"}],"curies":[{"name":"wp","href":"https:\/\/api.w.org\/{rel}","templated":true}]}}