{"id":121462,"date":"2025-04-21T16:59:34","date_gmt":"2025-04-21T16:59:34","guid":{"rendered":"https:\/\/bitsmag.ro\/aff\/shop\/uncategorized\/adaptor-multifunctional-4-in-1-usb-c-la-hdmi-techstar-dj4in1-hdmi-4k-vga-1080p-1-x-usb-3-0-pd-port-argintiu\/"},"modified":"2025-04-21T16:59:44","modified_gmt":"2025-04-21T16:59:44","slug":"adaptor-multifunctional-4-in-1-usb-c-la-hdmi-techstar-dj4in1-hdmi-4k-vga-1080p-1-x-usb-3-0-pd-port-argintiu","status":"publish","type":"product","link":"https:\/\/bitsmag.ro\/aff\/shop\/techstar-ro\/cartuse-toner-samsung\/adaptor-multifunctional-4-in-1-usb-c-la-hdmi-techstar-dj4in1-hdmi-4k-vga-1080p-1-x-usb-3-0-pd-port-argintiu\/","title":{"rendered":"Adaptor multifunctional 4 in 1 USB-C la HDMI Techstar\u00ae DJ4IN1, HDMI 4K, VGA 1080P, 1 x USB 3.0, PD Port, Argintiu"},"content":{"rendered":"<p>Adaptor multifunctional 4 in 1 USB-C la HDMI Techstar\u00ae DJ4IN1, HDMI 4K, VGA 1080P, 1 x USB 3.0, PD Port, Argintiu|Adaptor Multifunctional 4 In 1 USB-C La HDMI Techstar\u00ae &#8211; Extinde\u021bi-v\u0103 portul USB C la HDMI, ie\u0219ire VGA, portul USB 3.0 \u0219i portul de \u00eenc\u0103rcare USB-C. V\u0103 permite s\u0103 oglindi\u021bi sau s\u0103 extinde\u021bi telefonul pe un ecran mare \u0219i s\u0103 transmite\u021bi imagini 4K UHD sau 1080p pe televizoare HD, monitoare, proiectoare. Perfect pentru jocuri, munc\u0103 \u0219i divertisment. F\u0103r\u0103 driver, u\u0219or de utilizat: plug and play. Convertorul USB C la HDMI VGA nu este necesar pentru a instala driverul, acesta poate fi utilizat cu || Techstar.ro <\/p>\n<p>Disponibilitate: In Stoc<\/p>\n","protected":false},"excerpt":{"rendered":"<p>Adaptor Multifunctional 4 In 1 USB-C La HDMI Techstar\u00ae &#8211; Extinde\u021bi-v\u0103 portul USB C la HDMI, ie\u0219ire VGA, portul USB 3.0 \u0219i portul de \u00eenc\u0103rcare USB-C. V\u0103 permite s\u0103 oglindi\u021bi sau s\u0103 extinde\u021bi telefonul pe un ecran mare \u0219i s\u0103 transmite\u021bi imagini 4K UHD sau 1080p pe televizoare HD, monitoare, proiectoare. Perfect pentru jocuri, munc\u0103 \u0219i divertisment. F\u0103r\u0103 driver, u\u0219or de utilizat: plug and play. Convertorul USB C la HDMI VGA nu este necesar pentru a instala driverul, acesta poate fi utilizat cu<a class=\"button\" href=\"https:\/\/bitsmag.ro\/aff\/shop\/techstar-ro\/cartuse-toner-samsung\/adaptor-multifunctional-4-in-1-usb-c-la-hdmi-techstar-dj4in1-hdmi-4k-vga-1080p-1-x-usb-3-0-pd-port-argintiu\/\" title=\"More\">Read more<\/a><\/p>\n","protected":false},"featured_media":121463,"comment_status":"open","ping_status":"open","template":"","meta":{"_acf_changed":false},"product_brand":[],"product_cat":[13604,175],"product_tag":[],"class_list":{"0":"post-121462","1":"product","2":"type-product","3":"status-publish","4":"has-post-thumbnail","6":"product_cat-cartuse-toner-samsung","7":"product_cat-techstar-ro","8":"pa_stock-disponibilitate-in-stoc","10":"first","11":"instock","12":"sale","13":"product-type-external"},"acf":[],"_links":{"self":[{"href":"https:\/\/bitsmag.ro\/aff\/wp-json\/wp\/v2\/product\/121462","targetHints":{"allow":["GET"]}}],"collection":[{"href":"https:\/\/bitsmag.ro\/aff\/wp-json\/wp\/v2\/product"}],"about":[{"href":"https:\/\/bitsmag.ro\/aff\/wp-json\/wp\/v2\/types\/product"}],"replies":[{"embeddable":true,"href":"https:\/\/bitsmag.ro\/aff\/wp-json\/wp\/v2\/comments?post=121462"}],"wp:featuredmedia":[{"embeddable":true,"href":"https:\/\/bitsmag.ro\/aff\/wp-json\/wp\/v2\/media\/121463"}],"wp:attachment":[{"href":"https:\/\/bitsmag.ro\/aff\/wp-json\/wp\/v2\/media?parent=121462"}],"wp:term":[{"taxonomy":"product_brand","embeddable":true,"href":"https:\/\/bitsmag.ro\/aff\/wp-json\/wp\/v2\/product_brand?post=121462"},{"taxonomy":"product_cat","embeddable":true,"href":"https:\/\/bitsmag.ro\/aff\/wp-json\/wp\/v2\/product_cat?post=121462"},{"taxonomy":"product_tag","embeddable":true,"href":"https:\/\/bitsmag.ro\/aff\/wp-json\/wp\/v2\/product_tag?post=121462"}],"curies":[{"name":"wp","href":"https:\/\/api.w.org\/{rel}","templated":true}]}}