{"id":121540,"date":"2025-08-01T13:00:59","date_gmt":"2025-08-01T13:00:59","guid":{"rendered":"https:\/\/bitsmag.ro\/aff\/shop\/uncategorized\/priza-programabila-techstar-digital-timer-240v-10a-timp-temperatura-termostat-senzor-temperatura-pentru-sera-terariu-acvariu-germinare-incalzire-alb\/"},"modified":"2025-08-01T13:01:06","modified_gmt":"2025-08-01T13:01:06","slug":"priza-programabila-techstar-digital-timer-240v-10a-timp-temperatura-termostat-senzor-temperatura-pentru-sera-terariu-acvariu-germinare-incalzire-alb","status":"publish","type":"product","link":"https:\/\/bitsmag.ro\/aff\/shop\/techstar-ro\/autoaparare\/priza-programabila-techstar-digital-timer-240v-10a-timp-temperatura-termostat-senzor-temperatura-pentru-sera-terariu-acvariu-germinare-incalzire-alb\/","title":{"rendered":"Priza Programabila Techstar\u00ae , Digital Timer, 240V, 10A, Timp\/Temperatura, Termostat, Senzor Temperatura, Pentru sera, terariu, acvariu, germinare, incalzire, Alb"},"content":{"rendered":"<p>Priza Programabila Techstar\u00ae , Digital Timer, 240V, 10A, Timp\/Temperatura, Termostat, Senzor Temperatura, Pentru sera, terariu, acvariu, germinare, incalzire, Alb|Controlul temperaturii: Interval de reglare a temperaturii: -20\u2103 p\u00e2n\u0103 la 120\u2103. Precizia reglarii temperaturii: \u00b11%. Priza termostatului poate comuta automat \u00eentre modurile de \u00eenc\u0103lzire \u0219i de r\u0103cire. Comutatorul termostatului cu priz\u0103 vine cu un senzor de temperatur\u0103 cu fir care poate fi ata\u0219at oriunde este necesar\u0103 o m\u0103surare a temperaturii. Afi\u0219aj LCD u\u0219or: Prizele pentru termostat digital utilizeaz\u0103 un afi\u0219aj LCD mare de culoare albastru deschis pentru a v\u0103 oferi un afi\u0219aj precis al || Techstar.ro <\/p>\n<p>Disponibilitate: In Stoc<\/p>\n","protected":false},"excerpt":{"rendered":"<p>Controlul temperaturii: Interval de reglare a temperaturii: -20\u2103 p\u00e2n\u0103 la 120\u2103. Precizia reglarii temperaturii: \u00b11%. Priza termostatului poate comuta automat \u00eentre modurile de \u00eenc\u0103lzire \u0219i de r\u0103cire. Comutatorul termostatului cu priz\u0103 vine cu un senzor de temperatur\u0103 cu fir care poate fi ata\u0219at oriunde este necesar\u0103 o m\u0103surare a temperaturii. Afi\u0219aj LCD u\u0219or: Prizele pentru termostat digital utilizeaz\u0103 un afi\u0219aj LCD mare de culoare albastru deschis pentru a v\u0103 oferi un afi\u0219aj precis al<a class=\"button\" href=\"https:\/\/bitsmag.ro\/aff\/shop\/techstar-ro\/autoaparare\/priza-programabila-techstar-digital-timer-240v-10a-timp-temperatura-termostat-senzor-temperatura-pentru-sera-terariu-acvariu-germinare-incalzire-alb\/\" title=\"More\">Read more<\/a><\/p>\n","protected":false},"featured_media":121541,"comment_status":"open","ping_status":"open","template":"","meta":{"_acf_changed":false},"product_brand":[],"product_cat":[13625,175],"product_tag":[],"class_list":{"0":"post-121540","1":"product","2":"type-product","3":"status-publish","4":"has-post-thumbnail","6":"product_cat-autoaparare","7":"product_cat-techstar-ro","8":"pa_stock-disponibilitate-in-stoc","10":"first","11":"instock","12":"sale","13":"product-type-external"},"acf":[],"_links":{"self":[{"href":"https:\/\/bitsmag.ro\/aff\/wp-json\/wp\/v2\/product\/121540","targetHints":{"allow":["GET"]}}],"collection":[{"href":"https:\/\/bitsmag.ro\/aff\/wp-json\/wp\/v2\/product"}],"about":[{"href":"https:\/\/bitsmag.ro\/aff\/wp-json\/wp\/v2\/types\/product"}],"replies":[{"embeddable":true,"href":"https:\/\/bitsmag.ro\/aff\/wp-json\/wp\/v2\/comments?post=121540"}],"wp:featuredmedia":[{"embeddable":true,"href":"https:\/\/bitsmag.ro\/aff\/wp-json\/wp\/v2\/media\/121541"}],"wp:attachment":[{"href":"https:\/\/bitsmag.ro\/aff\/wp-json\/wp\/v2\/media?parent=121540"}],"wp:term":[{"taxonomy":"product_brand","embeddable":true,"href":"https:\/\/bitsmag.ro\/aff\/wp-json\/wp\/v2\/product_brand?post=121540"},{"taxonomy":"product_cat","embeddable":true,"href":"https:\/\/bitsmag.ro\/aff\/wp-json\/wp\/v2\/product_cat?post=121540"},{"taxonomy":"product_tag","embeddable":true,"href":"https:\/\/bitsmag.ro\/aff\/wp-json\/wp\/v2\/product_tag?post=121540"}],"curies":[{"name":"wp","href":"https:\/\/api.w.org\/{rel}","templated":true}]}}