{"id":126750,"date":"2024-12-13T19:02:08","date_gmt":"2024-12-13T19:02:08","guid":{"rendered":"https:\/\/bitsmag.ro\/aff\/shop\/uncategorized\/mini-gps-tracker-techstar-tk205-functie-anti-furt-localizare-precisa-in-timp-real-alarma-miscare-aplicatie-gratuita-mod-de-economisire-a-energiei-potrivit-masini-motociclete-si-obiecte-d\/"},"modified":"2024-12-13T19:02:13","modified_gmt":"2024-12-13T19:02:13","slug":"mini-gps-tracker-techstar-tk205-functie-anti-furt-localizare-precisa-in-timp-real-alarma-miscare-aplicatie-gratuita-mod-de-economisire-a-energiei-potrivit-masini-motociclete-si-obiecte-d","status":"publish","type":"product","link":"https:\/\/bitsmag.ro\/aff\/shop\/techstar-ro\/suporturi-tv\/mini-gps-tracker-techstar-tk205-functie-anti-furt-localizare-precisa-in-timp-real-alarma-miscare-aplicatie-gratuita-mod-de-economisire-a-energiei-potrivit-masini-motociclete-si-obiecte-d\/","title":{"rendered":"Mini GPS Tracker Techstar\u00ae TK205, Functie Anti-Furt, Localizare Precisa in Timp Real, Alarma Miscare, Aplicatie Gratuita, Mod de Economisire a Energiei, potrivit Masini, Motociclete, si Obiecte de Valoare"},"content":{"rendered":"<p>Mini GPS Tracker Techstar\u00ae TK205, Functie Anti-Furt, Localizare Precisa in Timp Real, Alarma Miscare, Aplicatie Gratuita, Mod de Economisire a Energiei, potrivit Masini, Motociclete, si Obiecte de Valoare|Mini GPS Tracker Techstar TK205, Dispozitiv de Urm\u0103rire \u00een Timp Real, Func\u021bie Anti-Furt, Alarm\u0103 Mi\u0219care, Aplica\u021bie Gratuit\u0103, Mod de Economisire a Energiei, Localizare precis\u0103 pentru Ma\u0219ini, Motociclete, \u0219i Obiecte de Valoare Asigur\u0103-te c\u0103 obiectele tale de valoare sunt \u00eentotdeauna \u00een siguran\u021b\u0103 cu acest mini GPS Tracker de \u00eenalt\u0103 performan\u021b\u0103 Techstar TK205, perfect pentru monitorizarea vehiculelor, bagajelor sau a alto r bunuri pre\u021bioase. Dispozitivul utilizeaz\u0103 tehnologia avansat\u0103 GPS || Techstar.ro <\/p>\n<p>Disponibilitate: In Stoc<\/p>\n","protected":false},"excerpt":{"rendered":"<p>Mini GPS Tracker Techstar TK205, Dispozitiv de Urm\u0103rire \u00een Timp Real, Func\u021bie Anti-Furt, Alarm\u0103 Mi\u0219care, Aplica\u021bie Gratuit\u0103, Mod de Economisire a Energiei, Localizare precis\u0103 pentru Ma\u0219ini, Motociclete, \u0219i Obiecte de Valoare Asigur\u0103-te c\u0103 obiectele tale de valoare sunt \u00eentotdeauna \u00een siguran\u021b\u0103 cu acest mini GPS Tracker de \u00eenalt\u0103 performan\u021b\u0103 Techstar TK205, perfect pentru monitorizarea vehiculelor, bagajelor sau a alto r bunuri pre\u021bioase. Dispozitivul utilizeaz\u0103 tehnologia avansat\u0103 GPS<a class=\"button\" href=\"https:\/\/bitsmag.ro\/aff\/shop\/techstar-ro\/suporturi-tv\/mini-gps-tracker-techstar-tk205-functie-anti-furt-localizare-precisa-in-timp-real-alarma-miscare-aplicatie-gratuita-mod-de-economisire-a-energiei-potrivit-masini-motociclete-si-obiecte-d\/\" title=\"More\">Read more<\/a><\/p>\n","protected":false},"featured_media":126751,"comment_status":"open","ping_status":"open","template":"","meta":{"_acf_changed":false},"product_brand":[],"product_cat":[13554,175],"product_tag":[],"class_list":{"0":"post-126750","1":"product","2":"type-product","3":"status-publish","4":"has-post-thumbnail","6":"product_cat-suporturi-tv","7":"product_cat-techstar-ro","8":"pa_stock-disponibilitate-in-stoc","10":"first","11":"instock","12":"product-type-external"},"acf":[],"_links":{"self":[{"href":"https:\/\/bitsmag.ro\/aff\/wp-json\/wp\/v2\/product\/126750","targetHints":{"allow":["GET"]}}],"collection":[{"href":"https:\/\/bitsmag.ro\/aff\/wp-json\/wp\/v2\/product"}],"about":[{"href":"https:\/\/bitsmag.ro\/aff\/wp-json\/wp\/v2\/types\/product"}],"replies":[{"embeddable":true,"href":"https:\/\/bitsmag.ro\/aff\/wp-json\/wp\/v2\/comments?post=126750"}],"wp:featuredmedia":[{"embeddable":true,"href":"https:\/\/bitsmag.ro\/aff\/wp-json\/wp\/v2\/media\/126751"}],"wp:attachment":[{"href":"https:\/\/bitsmag.ro\/aff\/wp-json\/wp\/v2\/media?parent=126750"}],"wp:term":[{"taxonomy":"product_brand","embeddable":true,"href":"https:\/\/bitsmag.ro\/aff\/wp-json\/wp\/v2\/product_brand?post=126750"},{"taxonomy":"product_cat","embeddable":true,"href":"https:\/\/bitsmag.ro\/aff\/wp-json\/wp\/v2\/product_cat?post=126750"},{"taxonomy":"product_tag","embeddable":true,"href":"https:\/\/bitsmag.ro\/aff\/wp-json\/wp\/v2\/product_tag?post=126750"}],"curies":[{"name":"wp","href":"https:\/\/api.w.org\/{rel}","templated":true}]}}