{"id":154025,"date":"2025-08-01T12:57:29","date_gmt":"2025-08-01T12:57:29","guid":{"rendered":"https:\/\/bitsmag.ro\/aff\/shop\/uncategorized\/redresor-inteligent-demuda-power-dc10-incarcare-rapida-pentru-baterii-auto-si-moto-12-24v-10-5a\/"},"modified":"2025-08-01T12:57:38","modified_gmt":"2025-08-01T12:57:38","slug":"redresor-inteligent-demuda-power-dc10-incarcare-rapida-pentru-baterii-auto-si-moto-12-24v-10-5a","status":"publish","type":"product","link":"https:\/\/bitsmag.ro\/aff\/shop\/techstar-ro\/redresoare-si-incarcatoare-baterie-auto\/redresor-inteligent-demuda-power-dc10-incarcare-rapida-pentru-baterii-auto-si-moto-12-24v-10-5a\/","title":{"rendered":"Redresor Inteligent Demuda Power DC10 &#8211; Incarcare Rapida pentru Baterii Auto si Moto 12\/24V, 10.5A"},"content":{"rendered":"<p>Redresor Inteligent Demuda Power DC10 &#8211; Incarcare Rapida pentru Baterii Auto si Moto 12\/24V, 10.5A|Redresor Inteligent cu Impuls pentru Baterii Auto \u0219i Moto &#8211; Demuda Power DC10, 12\/24V, 10.5A Caracteristici principale: Tehnologie de \u00eenc\u0103rcare inteligent\u0103 cu impulsuri: Optimizeaz\u0103 procesul de \u00eenc\u0103rcare prin monitorizarea constant\u0103 a tensiunii \u0219i a curentului, oferind protec\u021bie \u00eempotriva supra\u00eenc\u0103rc\u0103rii \u0219i prelungind durata de via\u021b\u0103 a bateriei. Compatibilitate universal\u0103: Poate \u00eenc\u0103rca baterii de 12V \u0219i 24V din plumb-acid, inclusiv baterii standard, AGM \u0219i GEL, cu o capacitate || Techstar.ro <\/p>\n<p>Disponibilitate: In Stoc<\/p>\n","protected":false},"excerpt":{"rendered":"<p>Redresor Inteligent cu Impuls pentru Baterii Auto \u0219i Moto &#8211; Demuda Power DC10, 12\/24V, 10.5A Caracteristici principale: Tehnologie de \u00eenc\u0103rcare inteligent\u0103 cu impulsuri: Optimizeaz\u0103 procesul de \u00eenc\u0103rcare prin monitorizarea constant\u0103 a tensiunii \u0219i a curentului, oferind protec\u021bie \u00eempotriva supra\u00eenc\u0103rc\u0103rii \u0219i prelungind durata de via\u021b\u0103 a bateriei. Compatibilitate universal\u0103: Poate \u00eenc\u0103rca baterii de 12V \u0219i 24V din plumb-acid, inclusiv baterii standard, AGM \u0219i GEL, cu o capacitate<a class=\"button\" href=\"https:\/\/bitsmag.ro\/aff\/shop\/techstar-ro\/redresoare-si-incarcatoare-baterie-auto\/redresor-inteligent-demuda-power-dc10-incarcare-rapida-pentru-baterii-auto-si-moto-12-24v-10-5a\/\" title=\"More\">Read more<\/a><\/p>\n","protected":false},"featured_media":154026,"comment_status":"open","ping_status":"open","template":"","meta":{"_acf_changed":false},"product_brand":[],"product_cat":[13550,175],"product_tag":[],"class_list":{"0":"post-154025","1":"product","2":"type-product","3":"status-publish","4":"has-post-thumbnail","6":"product_cat-redresoare-si-incarcatoare-baterie-auto","7":"product_cat-techstar-ro","8":"pa_stock-disponibilitate-in-stoc","10":"first","11":"instock","12":"sale","13":"product-type-external"},"acf":[],"_links":{"self":[{"href":"https:\/\/bitsmag.ro\/aff\/wp-json\/wp\/v2\/product\/154025","targetHints":{"allow":["GET"]}}],"collection":[{"href":"https:\/\/bitsmag.ro\/aff\/wp-json\/wp\/v2\/product"}],"about":[{"href":"https:\/\/bitsmag.ro\/aff\/wp-json\/wp\/v2\/types\/product"}],"replies":[{"embeddable":true,"href":"https:\/\/bitsmag.ro\/aff\/wp-json\/wp\/v2\/comments?post=154025"}],"wp:featuredmedia":[{"embeddable":true,"href":"https:\/\/bitsmag.ro\/aff\/wp-json\/wp\/v2\/media\/154026"}],"wp:attachment":[{"href":"https:\/\/bitsmag.ro\/aff\/wp-json\/wp\/v2\/media?parent=154025"}],"wp:term":[{"taxonomy":"product_brand","embeddable":true,"href":"https:\/\/bitsmag.ro\/aff\/wp-json\/wp\/v2\/product_brand?post=154025"},{"taxonomy":"product_cat","embeddable":true,"href":"https:\/\/bitsmag.ro\/aff\/wp-json\/wp\/v2\/product_cat?post=154025"},{"taxonomy":"product_tag","embeddable":true,"href":"https:\/\/bitsmag.ro\/aff\/wp-json\/wp\/v2\/product_tag?post=154025"}],"curies":[{"name":"wp","href":"https:\/\/api.w.org\/{rel}","templated":true}]}}