{"id":154031,"date":"2025-11-24T12:22:22","date_gmt":"2025-11-24T12:22:22","guid":{"rendered":"https:\/\/bitsmag.ro\/aff\/shop\/uncategorized\/invertor-de-putere-sinusoidal-techstar-200w400w-12v-la-220v-2-prize-ac-eu-2-porturi-usb-qc-si-1-usb-c-cu-afisaj-digital-si-tehnologie-pd\/"},"modified":"2025-11-24T12:22:29","modified_gmt":"2025-11-24T12:22:29","slug":"invertor-de-putere-sinusoidal-techstar-200w400w-12v-la-220v-2-prize-ac-eu-2-porturi-usb-qc-si-1-usb-c-cu-afisaj-digital-si-tehnologie-pd","status":"publish","type":"product","link":"https:\/\/bitsmag.ro\/aff\/shop\/techstar-ro\/spoturi-led-rotunde\/invertor-de-putere-sinusoidal-techstar-200w400w-12v-la-220v-2-prize-ac-eu-2-porturi-usb-qc-si-1-usb-c-cu-afisaj-digital-si-tehnologie-pd\/","title":{"rendered":"Invertor de Putere Sinusoidal Techstar\u00ae, 200W~400W, 12V la 220V \u2013 2 Prize AC EU, 2 Porturi USB QC \u0219i 1 USB-C, cu Afisaj Digital \u0219i Tehnologie PD"},"content":{"rendered":"<p>Invertor de Putere Sinusoidal Techstar\u00ae, 200W~400W, 12V la 220V \u2013 2 Prize AC EU, 2 Porturi USB QC \u0219i 1 USB-C, cu Afisaj Digital \u0219i Tehnologie PD|Invertor de Tensiune AutoTechstar 8300-2: Conversie 24V la 230V, 200W, cu Afi\u0219aj Digital \u0219i Porturi USB Transforma\u021bi energia vehiculului dumneavoastr\u0103 \u00eentr-o surs\u0103 de alimentare fiabil\u0103 pentru dispozitivele electrice cu invertorul autoTechstar 8300-2. Acest dispozitiv converte\u0219te tensiunea de 12V DC a vehiculului \u00een 220V AC, permi\u021b\u00e2nd alimentarea simultan\u0103 a mai multor aparate. Caracteristici principale: Putere de ie\u0219ire 200W~400W: Ideal pentru alimentarea laptopurilor, tabletelor, || Techstar.ro <\/p>\n<p>Disponibilitate: In Stoc<\/p>\n","protected":false},"excerpt":{"rendered":"<p>Invertor de Tensiune AutoTechstar 8300-2: Conversie 24V la 230V, 200W, cu Afi\u0219aj Digital \u0219i Porturi USB Transforma\u021bi energia vehiculului dumneavoastr\u0103 \u00eentr-o surs\u0103 de alimentare fiabil\u0103 pentru dispozitivele electrice cu invertorul autoTechstar 8300-2. Acest dispozitiv converte\u0219te tensiunea de 12V DC a vehiculului \u00een 220V AC, permi\u021b\u00e2nd alimentarea simultan\u0103 a mai multor aparate. Caracteristici principale: Putere de ie\u0219ire 200W~400W: Ideal pentru alimentarea laptopurilor, tabletelor,<a class=\"button\" href=\"https:\/\/bitsmag.ro\/aff\/shop\/techstar-ro\/spoturi-led-rotunde\/invertor-de-putere-sinusoidal-techstar-200w400w-12v-la-220v-2-prize-ac-eu-2-porturi-usb-qc-si-1-usb-c-cu-afisaj-digital-si-tehnologie-pd\/\" title=\"More\">Read more<\/a><\/p>\n","protected":false},"featured_media":154032,"comment_status":"open","ping_status":"open","template":"","meta":{"_acf_changed":false},"product_brand":[],"product_cat":[13613,175],"product_tag":[],"class_list":{"0":"post-154031","1":"product","2":"type-product","3":"status-publish","4":"has-post-thumbnail","6":"product_cat-spoturi-led-rotunde","7":"product_cat-techstar-ro","8":"pa_stock-disponibilitate-in-stoc","10":"first","11":"instock","12":"sale","13":"product-type-external"},"acf":[],"_links":{"self":[{"href":"https:\/\/bitsmag.ro\/aff\/wp-json\/wp\/v2\/product\/154031","targetHints":{"allow":["GET"]}}],"collection":[{"href":"https:\/\/bitsmag.ro\/aff\/wp-json\/wp\/v2\/product"}],"about":[{"href":"https:\/\/bitsmag.ro\/aff\/wp-json\/wp\/v2\/types\/product"}],"replies":[{"embeddable":true,"href":"https:\/\/bitsmag.ro\/aff\/wp-json\/wp\/v2\/comments?post=154031"}],"wp:featuredmedia":[{"embeddable":true,"href":"https:\/\/bitsmag.ro\/aff\/wp-json\/wp\/v2\/media\/154032"}],"wp:attachment":[{"href":"https:\/\/bitsmag.ro\/aff\/wp-json\/wp\/v2\/media?parent=154031"}],"wp:term":[{"taxonomy":"product_brand","embeddable":true,"href":"https:\/\/bitsmag.ro\/aff\/wp-json\/wp\/v2\/product_brand?post=154031"},{"taxonomy":"product_cat","embeddable":true,"href":"https:\/\/bitsmag.ro\/aff\/wp-json\/wp\/v2\/product_cat?post=154031"},{"taxonomy":"product_tag","embeddable":true,"href":"https:\/\/bitsmag.ro\/aff\/wp-json\/wp\/v2\/product_tag?post=154031"}],"curies":[{"name":"wp","href":"https:\/\/api.w.org\/{rel}","templated":true}]}}