{"id":154033,"date":"2025-11-24T12:22:22","date_gmt":"2025-11-24T12:22:22","guid":{"rendered":"https:\/\/bitsmag.ro\/aff\/shop\/uncategorized\/invertor-de-putere-auto-techstar-150w-12v-dc-la-220v-ac-cu-porturi-usb-c-si-usb-a-pentru-incarcare-rapida\/"},"modified":"2025-11-24T12:22:30","modified_gmt":"2025-11-24T12:22:30","slug":"invertor-de-putere-auto-techstar-150w-12v-dc-la-220v-ac-cu-porturi-usb-c-si-usb-a-pentru-incarcare-rapida","status":"publish","type":"product","link":"https:\/\/bitsmag.ro\/aff\/shop\/techstar-ro\/spoturi-led-rotunde\/invertor-de-putere-auto-techstar-150w-12v-dc-la-220v-ac-cu-porturi-usb-c-si-usb-a-pentru-incarcare-rapida\/","title":{"rendered":"Invertor de Putere Auto Techstar\u00ae 150W &#8211; 12V DC la 220V AC, cu Porturi USB-C si USB-A pentru Incarcare Rapida"},"content":{"rendered":"<p>Invertor de Putere Auto Techstar\u00ae 150W &#8211; 12V DC la 220V AC, cu Porturi USB-C si USB-A pentru Incarcare Rapida|Acest invertor de putere auto este un dispozitiv compact \u0219i eficient, conceput pentru a transforma tensiunea continu\u0103 de 12V DC de la bateria unui vehicul \u00een tensiune alternativ\u0103 de 220V AC, oferind o solu\u021bie portabil\u0103 de alimentare pentru diverse aparate \u0219i dispozitive electronice. Cu func\u021bii avansate de \u00eenc\u0103rcare rapid\u0103 prin USB-C \u0219i USB-A, este ideal pentru utilizare \u00een c\u0103l\u0103torii, camping sau la locul de munc\u0103. Caracteristici Principale Putere Nominal\u0103: 150W, potrivit\u0103 pentru || Techstar.ro <\/p>\n<p>Disponibilitate: In Stoc<\/p>\n","protected":false},"excerpt":{"rendered":"<p>Acest invertor de putere auto este un dispozitiv compact \u0219i eficient, conceput pentru a transforma tensiunea continu\u0103 de 12V DC de la bateria unui vehicul \u00een tensiune alternativ\u0103 de 220V AC, oferind o solu\u021bie portabil\u0103 de alimentare pentru diverse aparate \u0219i dispozitive electronice. Cu func\u021bii avansate de \u00eenc\u0103rcare rapid\u0103 prin USB-C \u0219i USB-A, este ideal pentru utilizare \u00een c\u0103l\u0103torii, camping sau la locul de munc\u0103. Caracteristici Principale Putere Nominal\u0103: 150W, potrivit\u0103 pentru<a class=\"button\" href=\"https:\/\/bitsmag.ro\/aff\/shop\/techstar-ro\/spoturi-led-rotunde\/invertor-de-putere-auto-techstar-150w-12v-dc-la-220v-ac-cu-porturi-usb-c-si-usb-a-pentru-incarcare-rapida\/\" title=\"More\">Read more<\/a><\/p>\n","protected":false},"featured_media":154034,"comment_status":"open","ping_status":"open","template":"","meta":{"_acf_changed":false},"product_brand":[],"product_cat":[13613,175],"product_tag":[],"class_list":{"0":"post-154033","1":"product","2":"type-product","3":"status-publish","4":"has-post-thumbnail","6":"product_cat-spoturi-led-rotunde","7":"product_cat-techstar-ro","8":"pa_stock-disponibilitate-in-stoc","10":"first","11":"instock","12":"sale","13":"product-type-external"},"acf":[],"_links":{"self":[{"href":"https:\/\/bitsmag.ro\/aff\/wp-json\/wp\/v2\/product\/154033","targetHints":{"allow":["GET"]}}],"collection":[{"href":"https:\/\/bitsmag.ro\/aff\/wp-json\/wp\/v2\/product"}],"about":[{"href":"https:\/\/bitsmag.ro\/aff\/wp-json\/wp\/v2\/types\/product"}],"replies":[{"embeddable":true,"href":"https:\/\/bitsmag.ro\/aff\/wp-json\/wp\/v2\/comments?post=154033"}],"wp:featuredmedia":[{"embeddable":true,"href":"https:\/\/bitsmag.ro\/aff\/wp-json\/wp\/v2\/media\/154034"}],"wp:attachment":[{"href":"https:\/\/bitsmag.ro\/aff\/wp-json\/wp\/v2\/media?parent=154033"}],"wp:term":[{"taxonomy":"product_brand","embeddable":true,"href":"https:\/\/bitsmag.ro\/aff\/wp-json\/wp\/v2\/product_brand?post=154033"},{"taxonomy":"product_cat","embeddable":true,"href":"https:\/\/bitsmag.ro\/aff\/wp-json\/wp\/v2\/product_cat?post=154033"},{"taxonomy":"product_tag","embeddable":true,"href":"https:\/\/bitsmag.ro\/aff\/wp-json\/wp\/v2\/product_tag?post=154033"}],"curies":[{"name":"wp","href":"https:\/\/api.w.org\/{rel}","templated":true}]}}