{"id":154039,"date":"2025-11-24T12:22:32","date_gmt":"2025-11-24T12:22:32","guid":{"rendered":"https:\/\/bitsmag.ro\/aff\/shop\/uncategorized\/corp-spot-led-suspendat-pe-sina-tracklight-tip-pendul-15w-lumina-moderna-de-interior-reglabil-anti-orbire-compatibil-sina-2-fire-4000k-lumina-neutra\/"},"modified":"2025-11-24T12:22:35","modified_gmt":"2025-11-24T12:22:35","slug":"corp-spot-led-suspendat-pe-sina-tracklight-tip-pendul-15w-lumina-moderna-de-interior-reglabil-anti-orbire-compatibil-sina-2-fire-4000k-lumina-neutra","status":"publish","type":"product","link":"https:\/\/bitsmag.ro\/aff\/shop\/techstar-ro\/echipamente-dj-si-club\/corp-spot-led-suspendat-pe-sina-tracklight-tip-pendul-15w-lumina-moderna-de-interior-reglabil-anti-orbire-compatibil-sina-2-fire-4000k-lumina-neutra\/","title":{"rendered":"Corp Spot LED Suspendat, pe Sina Tracklight, tip Pendul, 15W, Lumina Moderna de Interior, Reglabil, Anti-Orbire, Compatibil Sina 2 Fire, 4000K, Lumina Neutra"},"content":{"rendered":"<p>Corp Spot LED Suspendat, pe Sina Tracklight, tip Pendul, 15W, Lumina Moderna de Interior, Reglabil, Anti-Orbire, Compatibil Sina 2 Fire, 4000K, Lumina Neutra|Adaug\u0103 un plus de stil \u0219i func\u021bionalitate cu acest corp LED spot suspendat de 15W, tip pendul, pe \u0219in\u0103 tracklight, ideal pentru iluminarea modern\u0103 a oric\u0103rui spa\u021biu interior. Cu un design minimalist \u0219i sofisticat, acest corp de iluminat ofer\u0103 o luminozitate intens\u0103, f\u0103r\u0103 reflexii sau efect de orbire, perfect pentru buc\u0103t\u0103rii, sufragerii, birouri \u0219i spa\u021bii comerciale. Compatibil cu \u0219inele de alimentare cu 2 fire \u0219i dotat cu un conector din cupru pur, acest spot pe \u0219in\u0103 tracklight asigur\u0103 o || Techstar.ro <\/p>\n<p>Disponibilitate: In Stoc<\/p>\n","protected":false},"excerpt":{"rendered":"<p>Adaug\u0103 un plus de stil \u0219i func\u021bionalitate cu acest corp LED spot suspendat de 15W, tip pendul, pe \u0219in\u0103 tracklight, ideal pentru iluminarea modern\u0103 a oric\u0103rui spa\u021biu interior. Cu un design minimalist \u0219i sofisticat, acest corp de iluminat ofer\u0103 o luminozitate intens\u0103, f\u0103r\u0103 reflexii sau efect de orbire, perfect pentru buc\u0103t\u0103rii, sufragerii, birouri \u0219i spa\u021bii comerciale. Compatibil cu \u0219inele de alimentare cu 2 fire \u0219i dotat cu un conector din cupru pur, acest spot pe \u0219in\u0103 tracklight asigur\u0103 o<a class=\"button\" href=\"https:\/\/bitsmag.ro\/aff\/shop\/techstar-ro\/echipamente-dj-si-club\/corp-spot-led-suspendat-pe-sina-tracklight-tip-pendul-15w-lumina-moderna-de-interior-reglabil-anti-orbire-compatibil-sina-2-fire-4000k-lumina-neutra\/\" title=\"More\">Read more<\/a><\/p>\n","protected":false},"featured_media":154040,"comment_status":"open","ping_status":"open","template":"","meta":{"_acf_changed":false},"product_brand":[],"product_cat":[13587,175],"product_tag":[],"class_list":{"0":"post-154039","1":"product","2":"type-product","3":"status-publish","4":"has-post-thumbnail","6":"product_cat-echipamente-dj-si-club","7":"product_cat-techstar-ro","8":"pa_stock-disponibilitate-in-stoc","10":"first","11":"instock","12":"sale","13":"product-type-external"},"acf":[],"_links":{"self":[{"href":"https:\/\/bitsmag.ro\/aff\/wp-json\/wp\/v2\/product\/154039","targetHints":{"allow":["GET"]}}],"collection":[{"href":"https:\/\/bitsmag.ro\/aff\/wp-json\/wp\/v2\/product"}],"about":[{"href":"https:\/\/bitsmag.ro\/aff\/wp-json\/wp\/v2\/types\/product"}],"replies":[{"embeddable":true,"href":"https:\/\/bitsmag.ro\/aff\/wp-json\/wp\/v2\/comments?post=154039"}],"wp:featuredmedia":[{"embeddable":true,"href":"https:\/\/bitsmag.ro\/aff\/wp-json\/wp\/v2\/media\/154040"}],"wp:attachment":[{"href":"https:\/\/bitsmag.ro\/aff\/wp-json\/wp\/v2\/media?parent=154039"}],"wp:term":[{"taxonomy":"product_brand","embeddable":true,"href":"https:\/\/bitsmag.ro\/aff\/wp-json\/wp\/v2\/product_brand?post=154039"},{"taxonomy":"product_cat","embeddable":true,"href":"https:\/\/bitsmag.ro\/aff\/wp-json\/wp\/v2\/product_cat?post=154039"},{"taxonomy":"product_tag","embeddable":true,"href":"https:\/\/bitsmag.ro\/aff\/wp-json\/wp\/v2\/product_tag?post=154039"}],"curies":[{"name":"wp","href":"https:\/\/api.w.org\/{rel}","templated":true}]}}