{"id":154055,"date":"2025-08-01T12:58:14","date_gmt":"2025-08-01T12:58:14","guid":{"rendered":"https:\/\/bitsmag.ro\/aff\/shop\/uncategorized\/redresor-auto-digital-foxsur-12v-24v-10a-cu-ecran-led-incarcare-baterii-6ah-200ah-functie-de-reparatie-prin-impulsuri-protectie-completa\/"},"modified":"2025-08-01T12:58:20","modified_gmt":"2025-08-01T12:58:20","slug":"redresor-auto-digital-foxsur-12v-24v-10a-cu-ecran-led-incarcare-baterii-6ah-200ah-functie-de-reparatie-prin-impulsuri-protectie-completa","status":"publish","type":"product","link":"https:\/\/bitsmag.ro\/aff\/shop\/techstar-ro\/redresoare-si-incarcatoare-baterie-auto\/redresor-auto-digital-foxsur-12v-24v-10a-cu-ecran-led-incarcare-baterii-6ah-200ah-functie-de-reparatie-prin-impulsuri-protectie-completa\/","title":{"rendered":"Redresor Auto Digital FOXSUR 12V\/24V 10A cu Ecran LED, Incarcare Baterii 6Ah-200Ah, Functie de Reparatie prin Impulsuri, Protectie Completa"},"content":{"rendered":"<p>Redresor Auto Digital FOXSUR 12V\/24V 10A cu Ecran LED, Incarcare Baterii 6Ah-200Ah, Functie de Reparatie prin Impulsuri, Protectie Completa|Redresor Auto Digital FOXSUR 12V\/24V 10A cu Ecran LED, \u00cenc\u0103rcare Baterii 6Ah-200Ah, Func\u021bie de Repara\u021bie prin Impulsuri, Protec\u021bie Complet\u0103 \u00cenc\u0103rc\u0103torul Inteligent FOXSUR 12V\/24V 10A este solu\u021bia ideal\u0103 pentru a men\u021bine \u0219i repara bateriile auto \u0219i moto \u00eentr-o stare optim\u0103. Cu un ecran LED mare \u0219i u\u0219or de citit, acest \u00eenc\u0103rc\u0103tor ofer\u0103 o \u00eenc\u0103rcare rapid\u0103, sigur\u0103 \u0219i eficient\u0103 pentru o varietate de baterii, inclusiv AGM, GEL, SLA, \u0219i LiFePO4. Caracteristici principale: || Techstar.ro <\/p>\n<p>Disponibilitate: In Stoc<\/p>\n","protected":false},"excerpt":{"rendered":"<p>Redresor Auto Digital FOXSUR 12V\/24V 10A cu Ecran LED, \u00cenc\u0103rcare Baterii 6Ah-200Ah, Func\u021bie de Repara\u021bie prin Impulsuri, Protec\u021bie Complet\u0103 \u00cenc\u0103rc\u0103torul Inteligent FOXSUR 12V\/24V 10A este solu\u021bia ideal\u0103 pentru a men\u021bine \u0219i repara bateriile auto \u0219i moto \u00eentr-o stare optim\u0103. Cu un ecran LED mare \u0219i u\u0219or de citit, acest \u00eenc\u0103rc\u0103tor ofer\u0103 o \u00eenc\u0103rcare rapid\u0103, sigur\u0103 \u0219i eficient\u0103 pentru o varietate de baterii, inclusiv AGM, GEL, SLA, \u0219i LiFePO4. Caracteristici principale:<a class=\"button\" href=\"https:\/\/bitsmag.ro\/aff\/shop\/techstar-ro\/redresoare-si-incarcatoare-baterie-auto\/redresor-auto-digital-foxsur-12v-24v-10a-cu-ecran-led-incarcare-baterii-6ah-200ah-functie-de-reparatie-prin-impulsuri-protectie-completa\/\" title=\"More\">Read more<\/a><\/p>\n","protected":false},"featured_media":154056,"comment_status":"open","ping_status":"open","template":"","meta":{"_acf_changed":false},"product_brand":[],"product_cat":[13550,175],"product_tag":[],"class_list":{"0":"post-154055","1":"product","2":"type-product","3":"status-publish","4":"has-post-thumbnail","6":"product_cat-redresoare-si-incarcatoare-baterie-auto","7":"product_cat-techstar-ro","8":"pa_stock-disponibilitate-in-stoc","10":"first","11":"instock","12":"product-type-external"},"acf":[],"_links":{"self":[{"href":"https:\/\/bitsmag.ro\/aff\/wp-json\/wp\/v2\/product\/154055","targetHints":{"allow":["GET"]}}],"collection":[{"href":"https:\/\/bitsmag.ro\/aff\/wp-json\/wp\/v2\/product"}],"about":[{"href":"https:\/\/bitsmag.ro\/aff\/wp-json\/wp\/v2\/types\/product"}],"replies":[{"embeddable":true,"href":"https:\/\/bitsmag.ro\/aff\/wp-json\/wp\/v2\/comments?post=154055"}],"wp:featuredmedia":[{"embeddable":true,"href":"https:\/\/bitsmag.ro\/aff\/wp-json\/wp\/v2\/media\/154056"}],"wp:attachment":[{"href":"https:\/\/bitsmag.ro\/aff\/wp-json\/wp\/v2\/media?parent=154055"}],"wp:term":[{"taxonomy":"product_brand","embeddable":true,"href":"https:\/\/bitsmag.ro\/aff\/wp-json\/wp\/v2\/product_brand?post=154055"},{"taxonomy":"product_cat","embeddable":true,"href":"https:\/\/bitsmag.ro\/aff\/wp-json\/wp\/v2\/product_cat?post=154055"},{"taxonomy":"product_tag","embeddable":true,"href":"https:\/\/bitsmag.ro\/aff\/wp-json\/wp\/v2\/product_tag?post=154055"}],"curies":[{"name":"wp","href":"https:\/\/api.w.org\/{rel}","templated":true}]}}