{"id":154059,"date":"2025-11-24T12:22:44","date_gmt":"2025-11-24T12:22:44","guid":{"rendered":"https:\/\/bitsmag.ro\/aff\/shop\/uncategorized\/tester-pentru-relee-auto-cu-indicator-led-techstar-cnbj707-compatibil-4-si-5-pini\/"},"modified":"2025-11-24T12:22:48","modified_gmt":"2025-11-24T12:22:48","slug":"tester-pentru-relee-auto-cu-indicator-led-techstar-cnbj707-compatibil-4-si-5-pini","status":"publish","type":"product","link":"https:\/\/bitsmag.ro\/aff\/shop\/techstar-ro\/aparate-medicale\/tester-pentru-relee-auto-cu-indicator-led-techstar-cnbj707-compatibil-4-si-5-pini\/","title":{"rendered":"Tester pentru Relee Auto cu Indicator LED, Techstar\u00ae CNBJ707, Compatibil 4 \u0219i 5 Pini"},"content":{"rendered":"<p>Tester pentru Relee Auto cu Indicator LED, Techstar\u00ae CNBJ707, Compatibil 4 \u0219i 5 Pini|Testerul pentru relee auto CNBJ-707 este un instrument esen\u021bial pentru orice mecanic sau pasionat de autoturisme care dore\u0219te s\u0103 diagnosticheze rapid \u0219i eficient starea releelor. Acest dispozitiv portabil verific\u0103 s\u0103n\u0103tatea general\u0103 \u0219i func\u021bionarea corect\u0103 a celor mai comune relee auto, oferind un diagnostic precis prin conectarea la bateria ma\u0219inii (11V-15V). Cu un design robust \u0219i durabil, acest tester este ideal pentru utilizarea \u00een ateliere auto sau pentru diagnoza personal\u0103 a vehiculelor. || Techstar.ro <\/p>\n<p>Disponibilitate: In Stoc<\/p>\n","protected":false},"excerpt":{"rendered":"<p>Testerul pentru relee auto CNBJ-707 este un instrument esen\u021bial pentru orice mecanic sau pasionat de autoturisme care dore\u0219te s\u0103 diagnosticheze rapid \u0219i eficient starea releelor. Acest dispozitiv portabil verific\u0103 s\u0103n\u0103tatea general\u0103 \u0219i func\u021bionarea corect\u0103 a celor mai comune relee auto, oferind un diagnostic precis prin conectarea la bateria ma\u0219inii (11V-15V). Cu un design robust \u0219i durabil, acest tester este ideal pentru utilizarea \u00een ateliere auto sau pentru diagnoza personal\u0103 a vehiculelor.<a class=\"button\" href=\"https:\/\/bitsmag.ro\/aff\/shop\/techstar-ro\/aparate-medicale\/tester-pentru-relee-auto-cu-indicator-led-techstar-cnbj707-compatibil-4-si-5-pini\/\" title=\"More\">Read more<\/a><\/p>\n","protected":false},"featured_media":154060,"comment_status":"open","ping_status":"open","template":"","meta":{"_acf_changed":false},"product_brand":[],"product_cat":[27136,175],"product_tag":[],"class_list":{"0":"post-154059","1":"product","2":"type-product","3":"status-publish","4":"has-post-thumbnail","6":"product_cat-aparate-medicale","7":"product_cat-techstar-ro","8":"pa_stock-disponibilitate-in-stoc","10":"first","11":"instock","12":"sale","13":"product-type-external"},"acf":[],"_links":{"self":[{"href":"https:\/\/bitsmag.ro\/aff\/wp-json\/wp\/v2\/product\/154059","targetHints":{"allow":["GET"]}}],"collection":[{"href":"https:\/\/bitsmag.ro\/aff\/wp-json\/wp\/v2\/product"}],"about":[{"href":"https:\/\/bitsmag.ro\/aff\/wp-json\/wp\/v2\/types\/product"}],"replies":[{"embeddable":true,"href":"https:\/\/bitsmag.ro\/aff\/wp-json\/wp\/v2\/comments?post=154059"}],"wp:featuredmedia":[{"embeddable":true,"href":"https:\/\/bitsmag.ro\/aff\/wp-json\/wp\/v2\/media\/154060"}],"wp:attachment":[{"href":"https:\/\/bitsmag.ro\/aff\/wp-json\/wp\/v2\/media?parent=154059"}],"wp:term":[{"taxonomy":"product_brand","embeddable":true,"href":"https:\/\/bitsmag.ro\/aff\/wp-json\/wp\/v2\/product_brand?post=154059"},{"taxonomy":"product_cat","embeddable":true,"href":"https:\/\/bitsmag.ro\/aff\/wp-json\/wp\/v2\/product_cat?post=154059"},{"taxonomy":"product_tag","embeddable":true,"href":"https:\/\/bitsmag.ro\/aff\/wp-json\/wp\/v2\/product_tag?post=154059"}],"curies":[{"name":"wp","href":"https:\/\/api.w.org\/{rel}","templated":true}]}}