{"id":154064,"date":"2025-11-24T12:22:44","date_gmt":"2025-11-24T12:22:44","guid":{"rendered":"https:\/\/bitsmag.ro\/aff\/shop\/uncategorized\/adaptor-triplu-rotativ-180-cu-2-prize-si-2-porturi-usb-techstar-2500w-albastru-ideal-pentru-spatii-inguste\/"},"modified":"2025-11-24T12:22:50","modified_gmt":"2025-11-24T12:22:50","slug":"adaptor-triplu-rotativ-180-cu-2-prize-si-2-porturi-usb-techstar-2500w-albastru-ideal-pentru-spatii-inguste","status":"publish","type":"product","link":"https:\/\/bitsmag.ro\/aff\/shop\/techstar-ro\/accesorii-animale\/adaptor-triplu-rotativ-180-cu-2-prize-si-2-porturi-usb-techstar-2500w-albastru-ideal-pentru-spatii-inguste\/","title":{"rendered":"Adaptor Triplu Rotativ 180\u00b0 cu 2 Prize \u0219i 2 Porturi USB Techstar\u00ae, 2500W, Albastru &#8211; Ideal pentru Spatii Inguste"},"content":{"rendered":"<p>Adaptor Triplu Rotativ 180\u00b0 cu 2 Prize \u0219i 2 Porturi USB Techstar\u00ae, 2500W, Albastru &#8211; Ideal pentru Spatii Inguste|Adaptorul Triplu Rotativ Techstar\u00ae este solu\u021bia perfect\u0103 pentru optimizarea spa\u021biului \u0219i alimentarea simultan\u0103 a mai multor dispozitive electrice. Acest adaptor inovativ ofer\u0103 dou\u0103 prize rotative la 180\u00b0 \u0219i dou\u0103 porturi USB, fiind ideal pentru locuin\u021be, birouri sau orice alte spa\u021bii \u00eenguste. Caracteristici principale: Design Rotativ 180\u00b0: Cele dou\u0103 prize rotative la 180\u00b0 permit adaptarea \u0219i utilizarea \u00een spa\u021bii \u00eenguste sau greu accesibile, maximiz\u00e2nd astfel func\u021bionalitatea \u0219i || Techstar.ro <\/p>\n<p>Disponibilitate: In Stoc<\/p>\n","protected":false},"excerpt":{"rendered":"<p>Adaptorul Triplu Rotativ Techstar\u00ae este solu\u021bia perfect\u0103 pentru optimizarea spa\u021biului \u0219i alimentarea simultan\u0103 a mai multor dispozitive electrice. Acest adaptor inovativ ofer\u0103 dou\u0103 prize rotative la 180\u00b0 \u0219i dou\u0103 porturi USB, fiind ideal pentru locuin\u021be, birouri sau orice alte spa\u021bii \u00eenguste. Caracteristici principale: Design Rotativ 180\u00b0: Cele dou\u0103 prize rotative la 180\u00b0 permit adaptarea \u0219i utilizarea \u00een spa\u021bii \u00eenguste sau greu accesibile, maximiz\u00e2nd astfel func\u021bionalitatea \u0219i<a class=\"button\" href=\"https:\/\/bitsmag.ro\/aff\/shop\/techstar-ro\/accesorii-animale\/adaptor-triplu-rotativ-180-cu-2-prize-si-2-porturi-usb-techstar-2500w-albastru-ideal-pentru-spatii-inguste\/\" title=\"More\">Read more<\/a><\/p>\n","protected":false},"featured_media":69835,"comment_status":"open","ping_status":"open","template":"","meta":{"_acf_changed":false},"product_brand":[],"product_cat":[13549,175],"product_tag":[],"class_list":{"0":"post-154064","1":"product","2":"type-product","3":"status-publish","4":"has-post-thumbnail","6":"product_cat-accesorii-animale","7":"product_cat-techstar-ro","8":"pa_stock-disponibilitate-in-stoc","10":"first","11":"instock","12":"sale","13":"product-type-external"},"acf":[],"_links":{"self":[{"href":"https:\/\/bitsmag.ro\/aff\/wp-json\/wp\/v2\/product\/154064","targetHints":{"allow":["GET"]}}],"collection":[{"href":"https:\/\/bitsmag.ro\/aff\/wp-json\/wp\/v2\/product"}],"about":[{"href":"https:\/\/bitsmag.ro\/aff\/wp-json\/wp\/v2\/types\/product"}],"replies":[{"embeddable":true,"href":"https:\/\/bitsmag.ro\/aff\/wp-json\/wp\/v2\/comments?post=154064"}],"wp:featuredmedia":[{"embeddable":true,"href":"https:\/\/bitsmag.ro\/aff\/wp-json\/wp\/v2\/media\/69835"}],"wp:attachment":[{"href":"https:\/\/bitsmag.ro\/aff\/wp-json\/wp\/v2\/media?parent=154064"}],"wp:term":[{"taxonomy":"product_brand","embeddable":true,"href":"https:\/\/bitsmag.ro\/aff\/wp-json\/wp\/v2\/product_brand?post=154064"},{"taxonomy":"product_cat","embeddable":true,"href":"https:\/\/bitsmag.ro\/aff\/wp-json\/wp\/v2\/product_cat?post=154064"},{"taxonomy":"product_tag","embeddable":true,"href":"https:\/\/bitsmag.ro\/aff\/wp-json\/wp\/v2\/product_tag?post=154064"}],"curies":[{"name":"wp","href":"https:\/\/api.w.org\/{rel}","templated":true}]}}