{"id":154065,"date":"2025-11-24T12:22:44","date_gmt":"2025-11-24T12:22:44","guid":{"rendered":"https:\/\/bitsmag.ro\/aff\/shop\/uncategorized\/adaptor-triplu-stecher-pentru-priza-techstar-ts-a3-cu-rotire-180-250v-10a-compatibil-eu-us-albastru\/"},"modified":"2025-11-24T12:22:51","modified_gmt":"2025-11-24T12:22:51","slug":"adaptor-triplu-stecher-pentru-priza-techstar-ts-a3-cu-rotire-180-250v-10a-compatibil-eu-us-albastru","status":"publish","type":"product","link":"https:\/\/bitsmag.ro\/aff\/shop\/techstar-ro\/accesorii-animale\/adaptor-triplu-stecher-pentru-priza-techstar-ts-a3-cu-rotire-180-250v-10a-compatibil-eu-us-albastru\/","title":{"rendered":"Adaptor Triplu Stecher Pentru Priza Techstar\u00ae TS-A3 Cu Rotire 180\u00b0, 250V, 10A, Compatibil EU\/US, Albastru"},"content":{"rendered":"<p>Adaptor Triplu Stecher Pentru Priza Techstar\u00ae TS-A3 Cu Rotire 180\u00b0, 250V, 10A, Compatibil EU\/US, Albastru|V\u0103 prezent\u0103m adaptorul nostru inovator de priz\u0103 Techstar\u00ae TS-A3 cu rotire la 180\u00b0, conceput pentru a oferi solu\u021bii de conectivitate versatile \u0219i convenabile pentru dispozitivele dumneavoastr\u0103 electronice. F\u0103r\u0103 unghiuri incomode \u0219i acces limitat \u2013 cu convertorul nostru de priz\u0103, pute\u021bi ajusta orientarea acestuia pentru a se potrivi nevoilor dumneavoastr\u0103 \u0219i a maximiza eficien\u021ba spa\u021biului. Rotire flexibil\u0103: Datorit\u0103 designului s\u0103u rotativ la 180\u00b0, convertorul nostru de priz\u0103 ofer\u0103 o || Techstar.ro <\/p>\n<p>Disponibilitate: In Stoc<\/p>\n","protected":false},"excerpt":{"rendered":"<p>V\u0103 prezent\u0103m adaptorul nostru inovator de priz\u0103 Techstar\u00ae TS-A3 cu rotire la 180\u00b0, conceput pentru a oferi solu\u021bii de conectivitate versatile \u0219i convenabile pentru dispozitivele dumneavoastr\u0103 electronice. F\u0103r\u0103 unghiuri incomode \u0219i acces limitat \u2013 cu convertorul nostru de priz\u0103, pute\u021bi ajusta orientarea acestuia pentru a se potrivi nevoilor dumneavoastr\u0103 \u0219i a maximiza eficien\u021ba spa\u021biului. Rotire flexibil\u0103: Datorit\u0103 designului s\u0103u rotativ la 180\u00b0, convertorul nostru de priz\u0103 ofer\u0103 o<a class=\"button\" href=\"https:\/\/bitsmag.ro\/aff\/shop\/techstar-ro\/accesorii-animale\/adaptor-triplu-stecher-pentru-priza-techstar-ts-a3-cu-rotire-180-250v-10a-compatibil-eu-us-albastru\/\" title=\"More\">Read more<\/a><\/p>\n","protected":false},"featured_media":69849,"comment_status":"open","ping_status":"open","template":"","meta":{"_acf_changed":false},"product_brand":[],"product_cat":[13549,175],"product_tag":[],"class_list":{"0":"post-154065","1":"product","2":"type-product","3":"status-publish","4":"has-post-thumbnail","6":"product_cat-accesorii-animale","7":"product_cat-techstar-ro","8":"pa_stock-disponibilitate-in-stoc","10":"first","11":"instock","12":"sale","13":"product-type-external"},"acf":[],"_links":{"self":[{"href":"https:\/\/bitsmag.ro\/aff\/wp-json\/wp\/v2\/product\/154065","targetHints":{"allow":["GET"]}}],"collection":[{"href":"https:\/\/bitsmag.ro\/aff\/wp-json\/wp\/v2\/product"}],"about":[{"href":"https:\/\/bitsmag.ro\/aff\/wp-json\/wp\/v2\/types\/product"}],"replies":[{"embeddable":true,"href":"https:\/\/bitsmag.ro\/aff\/wp-json\/wp\/v2\/comments?post=154065"}],"wp:featuredmedia":[{"embeddable":true,"href":"https:\/\/bitsmag.ro\/aff\/wp-json\/wp\/v2\/media\/69849"}],"wp:attachment":[{"href":"https:\/\/bitsmag.ro\/aff\/wp-json\/wp\/v2\/media?parent=154065"}],"wp:term":[{"taxonomy":"product_brand","embeddable":true,"href":"https:\/\/bitsmag.ro\/aff\/wp-json\/wp\/v2\/product_brand?post=154065"},{"taxonomy":"product_cat","embeddable":true,"href":"https:\/\/bitsmag.ro\/aff\/wp-json\/wp\/v2\/product_cat?post=154065"},{"taxonomy":"product_tag","embeddable":true,"href":"https:\/\/bitsmag.ro\/aff\/wp-json\/wp\/v2\/product_tag?post=154065"}],"curies":[{"name":"wp","href":"https:\/\/api.w.org\/{rel}","templated":true}]}}