{"id":154072,"date":"2025-11-24T12:23:09","date_gmt":"2025-11-24T12:23:09","guid":{"rendered":"https:\/\/bitsmag.ro\/aff\/shop\/uncategorized\/creion-de-testare-a-tensiunii-auto-techstar-d0086-y-dc-6v-12v-24v-115x10-mm-compatibil-masini-barci-motociclete-si-motoare-mici-argintiu\/"},"modified":"2025-11-24T12:23:15","modified_gmt":"2025-11-24T12:23:15","slug":"creion-de-testare-a-tensiunii-auto-techstar-d0086-y-dc-6v-12v-24v-115x10-mm-compatibil-masini-barci-motociclete-si-motoare-mici-argintiu","status":"publish","type":"product","link":"https:\/\/bitsmag.ro\/aff\/shop\/techstar-ro\/viori\/creion-de-testare-a-tensiunii-auto-techstar-d0086-y-dc-6v-12v-24v-115x10-mm-compatibil-masini-barci-motociclete-si-motoare-mici-argintiu\/","title":{"rendered":"Creion De Testare A Tensiunii Auto Techstar\u00ae D0086-Y, DC 6V\/12V\/24V, 115&#215;10 Mm, Compatibil Ma\u0219ini, B\u0103rci, Motociclete \u0218i Motoare Mici, Argintiu"},"content":{"rendered":"<p>Creion De Testare A Tensiunii Auto Techstar\u00ae D0086-Y, DC 6V\/12V\/24V, 115&#215;10 Mm, Compatibil Ma\u0219ini, B\u0103rci, Motociclete \u0218i Motoare Mici, Argintiu|Creionul de testare a tensiunii auto Techstar\u00ae D0086-Y, DC 6V\/12V\/24V este de neinlocuit la cautarea defectiunilor de cablare electrica intr-o masina. Potrivit pentru gasirea rapida a unei caderi de tensiune in sistemele electrice, sigurante, iluminat si becuri. Acul este fixat cu un capac metalic. Clema de crocodil este fixata de polul negativ, de exemplu, un element metalic al caroseriei unei masini, iar varful strapunge izolatia cablului. Caracteristici: Adopt\u0103 lamp\u0103 luminiscent\u0103 || Techstar.ro <\/p>\n<p>Disponibilitate: In Stoc<\/p>\n","protected":false},"excerpt":{"rendered":"<p>Creionul de testare a tensiunii auto Techstar\u00ae D0086-Y, DC 6V\/12V\/24V este de neinlocuit la cautarea defectiunilor de cablare electrica intr-o masina. Potrivit pentru gasirea rapida a unei caderi de tensiune in sistemele electrice, sigurante, iluminat si becuri. Acul este fixat cu un capac metalic. Clema de crocodil este fixata de polul negativ, de exemplu, un element metalic al caroseriei unei masini, iar varful strapunge izolatia cablului. Caracteristici: Adopt\u0103 lamp\u0103 luminiscent\u0103<a class=\"button\" href=\"https:\/\/bitsmag.ro\/aff\/shop\/techstar-ro\/viori\/creion-de-testare-a-tensiunii-auto-techstar-d0086-y-dc-6v-12v-24v-115x10-mm-compatibil-masini-barci-motociclete-si-motoare-mici-argintiu\/\" title=\"More\">Read more<\/a><\/p>\n","protected":false},"featured_media":154073,"comment_status":"open","ping_status":"open","template":"","meta":{"_acf_changed":false},"product_brand":[],"product_cat":[175,13603],"product_tag":[],"class_list":{"0":"post-154072","1":"product","2":"type-product","3":"status-publish","4":"has-post-thumbnail","6":"product_cat-techstar-ro","7":"product_cat-viori","8":"pa_stock-disponibilitate-in-stoc","10":"first","11":"instock","12":"sale","13":"product-type-external"},"acf":[],"_links":{"self":[{"href":"https:\/\/bitsmag.ro\/aff\/wp-json\/wp\/v2\/product\/154072","targetHints":{"allow":["GET"]}}],"collection":[{"href":"https:\/\/bitsmag.ro\/aff\/wp-json\/wp\/v2\/product"}],"about":[{"href":"https:\/\/bitsmag.ro\/aff\/wp-json\/wp\/v2\/types\/product"}],"replies":[{"embeddable":true,"href":"https:\/\/bitsmag.ro\/aff\/wp-json\/wp\/v2\/comments?post=154072"}],"wp:featuredmedia":[{"embeddable":true,"href":"https:\/\/bitsmag.ro\/aff\/wp-json\/wp\/v2\/media\/154073"}],"wp:attachment":[{"href":"https:\/\/bitsmag.ro\/aff\/wp-json\/wp\/v2\/media?parent=154072"}],"wp:term":[{"taxonomy":"product_brand","embeddable":true,"href":"https:\/\/bitsmag.ro\/aff\/wp-json\/wp\/v2\/product_brand?post=154072"},{"taxonomy":"product_cat","embeddable":true,"href":"https:\/\/bitsmag.ro\/aff\/wp-json\/wp\/v2\/product_cat?post=154072"},{"taxonomy":"product_tag","embeddable":true,"href":"https:\/\/bitsmag.ro\/aff\/wp-json\/wp\/v2\/product_tag?post=154072"}],"curies":[{"name":"wp","href":"https:\/\/api.w.org\/{rel}","templated":true}]}}