{"id":154375,"date":"2025-08-01T12:55:52","date_gmt":"2025-08-01T12:55:52","guid":{"rendered":"https:\/\/bitsmag.ro\/aff\/shop\/uncategorized\/kit-reparatie-incuietoare-yala-butuc-usa-fata-techstar-compatibil-cu-bmw-x5-e53-x3-e83-stanga-sau-dreapta-metal-7-piese\/"},"modified":"2025-08-01T12:55:59","modified_gmt":"2025-08-01T12:55:59","slug":"kit-reparatie-incuietoare-yala-butuc-usa-fata-techstar-compatibil-cu-bmw-x5-e53-x3-e83-stanga-sau-dreapta-metal-7-piese","status":"publish","type":"product","link":"https:\/\/bitsmag.ro\/aff\/shop\/techstar-ro\/accesorii-auto\/kit-reparatie-incuietoare-yala-butuc-usa-fata-techstar-compatibil-cu-bmw-x5-e53-x3-e83-stanga-sau-dreapta-metal-7-piese\/","title":{"rendered":"Kit reparatie incuietoare yala butuc usa fata Techstar, compatibil cu BMW X5 E53, X3 E83, stanga sau dreapta, metal, 7 piese"},"content":{"rendered":"<p>Kit reparatie incuietoare yala butuc usa fata Techstar, compatibil cu BMW X5 E53, X3 E83, stanga sau dreapta, metal, 7 piese|Kitul de repara\u021bie pentru butuc u\u0219\u0103 BMW X5 E53 \u0219i BMW X3 E83 este solu\u021bia ideal\u0103 pentru remedierea rapid\u0103 \u0219i economic\u0103 a defectelor sistemului de \u00eenchidere. Produsul este compatibil cu yal\u0103 original\u0103 \u0219i include toate piesele necesare pentru refacerea func\u021bionalit\u0103\u021bii cilindrului de blocare a u\u0219ii din fa\u021b\u0103. Avantaje principale: \u2714\ufe0f Compatibil cu BMW X5 E53 (1999\u20132006) \u0219i BMW X3 E83 (2004\u20132010) \u2714\ufe0f Set complet 7 piese \u2013 toate componentele necesare pentru repararea butucului || Techstar.ro <\/p>\n<p>Disponibilitate: In Stoc<\/p>\n","protected":false},"excerpt":{"rendered":"<p>Kitul de repara\u021bie pentru butuc u\u0219\u0103 BMW X5 E53 \u0219i BMW X3 E83 este solu\u021bia ideal\u0103 pentru remedierea rapid\u0103 \u0219i economic\u0103 a defectelor sistemului de \u00eenchidere. Produsul este compatibil cu yal\u0103 original\u0103 \u0219i include toate piesele necesare pentru refacerea func\u021bionalit\u0103\u021bii cilindrului de blocare a u\u0219ii din fa\u021b\u0103. Avantaje principale: \u2714\ufe0f Compatibil cu BMW X5 E53 (1999\u20132006) \u0219i BMW X3 E83 (2004\u20132010) \u2714\ufe0f Set complet 7 piese \u2013 toate componentele necesare pentru repararea butucului<a class=\"button\" href=\"https:\/\/bitsmag.ro\/aff\/shop\/techstar-ro\/accesorii-auto\/kit-reparatie-incuietoare-yala-butuc-usa-fata-techstar-compatibil-cu-bmw-x5-e53-x3-e83-stanga-sau-dreapta-metal-7-piese\/\" title=\"More\">Read more<\/a><\/p>\n","protected":false},"featured_media":154376,"comment_status":"open","ping_status":"open","template":"","meta":{"_acf_changed":false},"product_brand":[],"product_cat":[26696,175],"product_tag":[],"class_list":{"0":"post-154375","1":"product","2":"type-product","3":"status-publish","4":"has-post-thumbnail","6":"product_cat-accesorii-auto","7":"product_cat-techstar-ro","8":"pa_stock-disponibilitate-in-stoc","10":"first","11":"instock","12":"product-type-external"},"acf":[],"_links":{"self":[{"href":"https:\/\/bitsmag.ro\/aff\/wp-json\/wp\/v2\/product\/154375","targetHints":{"allow":["GET"]}}],"collection":[{"href":"https:\/\/bitsmag.ro\/aff\/wp-json\/wp\/v2\/product"}],"about":[{"href":"https:\/\/bitsmag.ro\/aff\/wp-json\/wp\/v2\/types\/product"}],"replies":[{"embeddable":true,"href":"https:\/\/bitsmag.ro\/aff\/wp-json\/wp\/v2\/comments?post=154375"}],"wp:featuredmedia":[{"embeddable":true,"href":"https:\/\/bitsmag.ro\/aff\/wp-json\/wp\/v2\/media\/154376"}],"wp:attachment":[{"href":"https:\/\/bitsmag.ro\/aff\/wp-json\/wp\/v2\/media?parent=154375"}],"wp:term":[{"taxonomy":"product_brand","embeddable":true,"href":"https:\/\/bitsmag.ro\/aff\/wp-json\/wp\/v2\/product_brand?post=154375"},{"taxonomy":"product_cat","embeddable":true,"href":"https:\/\/bitsmag.ro\/aff\/wp-json\/wp\/v2\/product_cat?post=154375"},{"taxonomy":"product_tag","embeddable":true,"href":"https:\/\/bitsmag.ro\/aff\/wp-json\/wp\/v2\/product_tag?post=154375"}],"curies":[{"name":"wp","href":"https:\/\/api.w.org\/{rel}","templated":true}]}}