{"id":154523,"date":"2025-08-01T12:57:29","date_gmt":"2025-08-01T12:57:29","guid":{"rendered":"https:\/\/bitsmag.ro\/aff\/shop\/uncategorized\/tester-diagnoza-auto-launch-x431-crp129e-v2-0-cititor-de-coduri-obd2-suport-pentru-10-moduri-de-testare-ecran-color-de-4-3-inch\/"},"modified":"2025-08-01T12:57:37","modified_gmt":"2025-08-01T12:57:37","slug":"tester-diagnoza-auto-launch-x431-crp129e-v2-0-cititor-de-coduri-obd2-suport-pentru-10-moduri-de-testare-ecran-color-de-4-3-inch","status":"publish","type":"product","link":"https:\/\/bitsmag.ro\/aff\/shop\/techstar-ro\/tuburi-led-t8\/tester-diagnoza-auto-launch-x431-crp129e-v2-0-cititor-de-coduri-obd2-suport-pentru-10-moduri-de-testare-ecran-color-de-4-3-inch\/","title":{"rendered":"Tester Diagnoza Auto LAUNCH X431 CRP129E V2.0, Cititor de Coduri OBD2, Suport pentru 10 Moduri de Testare, Ecran Color de 4.3 inch"},"content":{"rendered":"<p>Tester Diagnoza Auto LAUNCH X431 CRP129E V2.0, Cititor de Coduri OBD2, Suport pentru 10 Moduri de Testare, Ecran Color de 4.3 inch|De ce s\u0103 alege\u021bi LAUNCH X431 CRP129E V2.0 OBD2 Scanner? Diagnosticare pe 4 sisteme pentru vehiculele interna\u021bionale: Sistem ABS, Sistem Airbag (SRS), Sistem Motor \u0219i Sistem Transmisie. Mai multe servicii de resetare : 12 func\u021bii (fa\u021b\u0103 de 8 anterior) precum Resetare SAS, Resetare Ulei, Resetare Fr\u00e2n\u0103, Regenerare DPF, Resetare Baterie (BMS), Resetare Clapet\u0103 Electronic\u0103, Serviciu TPMS, Codificare Injectoare, Resetare S\u00e2ngerare, Resetare AdBlue, Resetare AFS, Resetare Raport || Techstar.ro <\/p>\n<p>Disponibilitate: In Stoc<\/p>\n","protected":false},"excerpt":{"rendered":"<p>De ce s\u0103 alege\u021bi LAUNCH X431 CRP129E V2.0 OBD2 Scanner? Diagnosticare pe 4 sisteme pentru vehiculele interna\u021bionale: Sistem ABS, Sistem Airbag (SRS), Sistem Motor \u0219i Sistem Transmisie. Mai multe servicii de resetare : 12 func\u021bii (fa\u021b\u0103 de 8 anterior) precum Resetare SAS, Resetare Ulei, Resetare Fr\u00e2n\u0103, Regenerare DPF, Resetare Baterie (BMS), Resetare Clapet\u0103 Electronic\u0103, Serviciu TPMS, Codificare Injectoare, Resetare S\u00e2ngerare, Resetare AdBlue, Resetare AFS, Resetare Raport<a class=\"button\" href=\"https:\/\/bitsmag.ro\/aff\/shop\/techstar-ro\/tuburi-led-t8\/tester-diagnoza-auto-launch-x431-crp129e-v2-0-cititor-de-coduri-obd2-suport-pentru-10-moduri-de-testare-ecran-color-de-4-3-inch\/\" title=\"More\">Read more<\/a><\/p>\n","protected":false},"featured_media":154524,"comment_status":"open","ping_status":"open","template":"","meta":{"_acf_changed":false},"product_brand":[],"product_cat":[175,13556],"product_tag":[],"class_list":{"0":"post-154523","1":"product","2":"type-product","3":"status-publish","4":"has-post-thumbnail","6":"product_cat-techstar-ro","7":"product_cat-tuburi-led-t8","8":"pa_stock-disponibilitate-in-stoc","10":"first","11":"instock","12":"sale","13":"product-type-external"},"acf":[],"_links":{"self":[{"href":"https:\/\/bitsmag.ro\/aff\/wp-json\/wp\/v2\/product\/154523","targetHints":{"allow":["GET"]}}],"collection":[{"href":"https:\/\/bitsmag.ro\/aff\/wp-json\/wp\/v2\/product"}],"about":[{"href":"https:\/\/bitsmag.ro\/aff\/wp-json\/wp\/v2\/types\/product"}],"replies":[{"embeddable":true,"href":"https:\/\/bitsmag.ro\/aff\/wp-json\/wp\/v2\/comments?post=154523"}],"wp:featuredmedia":[{"embeddable":true,"href":"https:\/\/bitsmag.ro\/aff\/wp-json\/wp\/v2\/media\/154524"}],"wp:attachment":[{"href":"https:\/\/bitsmag.ro\/aff\/wp-json\/wp\/v2\/media?parent=154523"}],"wp:term":[{"taxonomy":"product_brand","embeddable":true,"href":"https:\/\/bitsmag.ro\/aff\/wp-json\/wp\/v2\/product_brand?post=154523"},{"taxonomy":"product_cat","embeddable":true,"href":"https:\/\/bitsmag.ro\/aff\/wp-json\/wp\/v2\/product_cat?post=154523"},{"taxonomy":"product_tag","embeddable":true,"href":"https:\/\/bitsmag.ro\/aff\/wp-json\/wp\/v2\/product_tag?post=154523"}],"curies":[{"name":"wp","href":"https:\/\/api.w.org\/{rel}","templated":true}]}}