{"id":154525,"date":"2025-08-01T12:57:39","date_gmt":"2025-08-01T12:57:39","guid":{"rendered":"https:\/\/bitsmag.ro\/aff\/shop\/uncategorized\/tester-resetare-presiune-pneuri-tpmsl-techstar-v2-compatibilitate-universala-auto-cu-resetare-senzori-si-activare-sistem-de-monitorizare\/"},"modified":"2025-08-01T12:57:40","modified_gmt":"2025-08-01T12:57:40","slug":"tester-resetare-presiune-pneuri-tpmsl-techstar-v2-compatibilitate-universala-auto-cu-resetare-senzori-si-activare-sistem-de-monitorizare","status":"publish","type":"product","link":"https:\/\/bitsmag.ro\/aff\/shop\/techstar-ro\/monitorizare-presiune-roti-tpms\/tester-resetare-presiune-pneuri-tpmsl-techstar-v2-compatibilitate-universala-auto-cu-resetare-senzori-si-activare-sistem-de-monitorizare\/","title":{"rendered":"Tester Resetare Presiune Pneuri TPMSl Techstar\u00ae V2, Compatibilitate Universala Auto, cu Resetare Senzori \u0219i Activare Sistem de Monitorizare"},"content":{"rendered":"<p>Tester Resetare Presiune Pneuri TPMSl Techstar\u00ae V2, Compatibilitate Universala Auto, cu Resetare Senzori \u0219i Activare Sistem de Monitorizare|Aparat Activare \u0219i Resetare Senzori Presiune TPMS Universal ST-TP Reset V2 Terminator Descoperi\u021bi ST-TP Reset V2 Terminator , solu\u021bia complet\u0103 pentru activarea, resetarea \u0219i sincronizarea senzorilor de presiune a anvelopelor (TPMS) de pe vehiculele echipate cu senzori de presiune p\u00e2n\u0103 \u00een decembrie 2017. Acest instrument versatil este conceput pentru a simplifica procesul de calibrare \u0219i \u00eentre\u021binere a senzorilor TPMS, fiind ideal pentru ateliere auto \u0219i utilizatori individuali. || Techstar.ro <\/p>\n<p>Disponibilitate: In Stoc<\/p>\n","protected":false},"excerpt":{"rendered":"<p>Aparat Activare \u0219i Resetare Senzori Presiune TPMS Universal ST-TP Reset V2 Terminator Descoperi\u021bi ST-TP Reset V2 Terminator , solu\u021bia complet\u0103 pentru activarea, resetarea \u0219i sincronizarea senzorilor de presiune a anvelopelor (TPMS) de pe vehiculele echipate cu senzori de presiune p\u00e2n\u0103 \u00een decembrie 2017. Acest instrument versatil este conceput pentru a simplifica procesul de calibrare \u0219i \u00eentre\u021binere a senzorilor TPMS, fiind ideal pentru ateliere auto \u0219i utilizatori individuali.<a class=\"button\" href=\"https:\/\/bitsmag.ro\/aff\/shop\/techstar-ro\/monitorizare-presiune-roti-tpms\/tester-resetare-presiune-pneuri-tpmsl-techstar-v2-compatibilitate-universala-auto-cu-resetare-senzori-si-activare-sistem-de-monitorizare\/\" title=\"More\">Read more<\/a><\/p>\n","protected":false},"featured_media":154526,"comment_status":"open","ping_status":"open","template":"","meta":{"_acf_changed":false},"product_brand":[],"product_cat":[13581,175],"product_tag":[],"class_list":{"0":"post-154525","1":"product","2":"type-product","3":"status-publish","4":"has-post-thumbnail","6":"product_cat-monitorizare-presiune-roti-tpms","7":"product_cat-techstar-ro","8":"pa_stock-disponibilitate-in-stoc","10":"first","11":"instock","12":"product-type-external"},"acf":[],"_links":{"self":[{"href":"https:\/\/bitsmag.ro\/aff\/wp-json\/wp\/v2\/product\/154525","targetHints":{"allow":["GET"]}}],"collection":[{"href":"https:\/\/bitsmag.ro\/aff\/wp-json\/wp\/v2\/product"}],"about":[{"href":"https:\/\/bitsmag.ro\/aff\/wp-json\/wp\/v2\/types\/product"}],"replies":[{"embeddable":true,"href":"https:\/\/bitsmag.ro\/aff\/wp-json\/wp\/v2\/comments?post=154525"}],"wp:featuredmedia":[{"embeddable":true,"href":"https:\/\/bitsmag.ro\/aff\/wp-json\/wp\/v2\/media\/154526"}],"wp:attachment":[{"href":"https:\/\/bitsmag.ro\/aff\/wp-json\/wp\/v2\/media?parent=154525"}],"wp:term":[{"taxonomy":"product_brand","embeddable":true,"href":"https:\/\/bitsmag.ro\/aff\/wp-json\/wp\/v2\/product_brand?post=154525"},{"taxonomy":"product_cat","embeddable":true,"href":"https:\/\/bitsmag.ro\/aff\/wp-json\/wp\/v2\/product_cat?post=154525"},{"taxonomy":"product_tag","embeddable":true,"href":"https:\/\/bitsmag.ro\/aff\/wp-json\/wp\/v2\/product_tag?post=154525"}],"curies":[{"name":"wp","href":"https:\/\/api.w.org\/{rel}","templated":true}]}}