{"id":154535,"date":"2025-11-24T12:22:22","date_gmt":"2025-11-24T12:22:22","guid":{"rendered":"https:\/\/bitsmag.ro\/aff\/shop\/uncategorized\/incarcator-usb-pentru-motocicleta-techstar-a83pd-porturi-usb-c-si-usb-cu-incarcare-rapida-qc3-0-instalare-dubla-rezistenta-waterproof\/"},"modified":"2025-11-24T12:22:31","modified_gmt":"2025-11-24T12:22:31","slug":"incarcator-usb-pentru-motocicleta-techstar-a83pd-porturi-usb-c-si-usb-cu-incarcare-rapida-qc3-0-instalare-dubla-rezistenta-waterproof","status":"publish","type":"product","link":"https:\/\/bitsmag.ro\/aff\/shop\/techstar-ro\/aspiratoare\/incarcator-usb-pentru-motocicleta-techstar-a83pd-porturi-usb-c-si-usb-cu-incarcare-rapida-qc3-0-instalare-dubla-rezistenta-waterproof\/","title":{"rendered":"Incarcator USB pentru Motocicleta Techstar\u00ae A83PD, Porturi USB-C si USB cu Incarcare Rapida QC3.0, Instalare Dubla, Rezistenta Waterproof"},"content":{"rendered":"<p>Incarcator USB pentru Motocicleta Techstar\u00ae A83PD, Porturi USB-C si USB cu Incarcare Rapida QC3.0, Instalare Dubla, Rezistenta Waterproof|\u00cenc\u0103rc\u0103tor USB pentru Motociclet\u0103 YC-A83PD \u2013 Porturi USB-C \u0219i QC3.0, Instalare Dubl\u0103, Rezistent la Ap\u0103 Acest \u00eenc\u0103rc\u0103tor USB pentru motociclet\u0103 este un accesoriu esen\u021bial pentru c\u0103l\u0103toriile lungi, oferind solu\u021bii eficiente pentru alimentarea dispozitivelor tale electronice. Designul compact \u0219i func\u021bional permite instalarea pe ghidon sau l\u00e2ng\u0103 oglinda retrovizoare, iar rezisten\u021ba la ap\u0103 \u00eel face ideal pentru utilizare \u00een orice condi\u021bii meteorologice. Caracteristici principale Porturi || Techstar.ro <\/p>\n<p>Disponibilitate: In Stoc<\/p>\n","protected":false},"excerpt":{"rendered":"<p>\u00cenc\u0103rc\u0103tor USB pentru Motociclet\u0103 YC-A83PD \u2013 Porturi USB-C \u0219i QC3.0, Instalare Dubl\u0103, Rezistent la Ap\u0103 Acest \u00eenc\u0103rc\u0103tor USB pentru motociclet\u0103 este un accesoriu esen\u021bial pentru c\u0103l\u0103toriile lungi, oferind solu\u021bii eficiente pentru alimentarea dispozitivelor tale electronice. Designul compact \u0219i func\u021bional permite instalarea pe ghidon sau l\u00e2ng\u0103 oglinda retrovizoare, iar rezisten\u021ba la ap\u0103 \u00eel face ideal pentru utilizare \u00een orice condi\u021bii meteorologice. Caracteristici principale Porturi<a class=\"button\" href=\"https:\/\/bitsmag.ro\/aff\/shop\/techstar-ro\/aspiratoare\/incarcator-usb-pentru-motocicleta-techstar-a83pd-porturi-usb-c-si-usb-cu-incarcare-rapida-qc3-0-instalare-dubla-rezistenta-waterproof\/\" title=\"More\">Read more<\/a><\/p>\n","protected":false},"featured_media":154536,"comment_status":"open","ping_status":"open","template":"","meta":{"_acf_changed":false},"product_brand":[],"product_cat":[13630,175],"product_tag":[],"class_list":{"0":"post-154535","1":"product","2":"type-product","3":"status-publish","4":"has-post-thumbnail","6":"product_cat-aspiratoare","7":"product_cat-techstar-ro","8":"pa_stock-disponibilitate-in-stoc","10":"first","11":"instock","12":"sale","13":"product-type-external"},"acf":[],"_links":{"self":[{"href":"https:\/\/bitsmag.ro\/aff\/wp-json\/wp\/v2\/product\/154535","targetHints":{"allow":["GET"]}}],"collection":[{"href":"https:\/\/bitsmag.ro\/aff\/wp-json\/wp\/v2\/product"}],"about":[{"href":"https:\/\/bitsmag.ro\/aff\/wp-json\/wp\/v2\/types\/product"}],"replies":[{"embeddable":true,"href":"https:\/\/bitsmag.ro\/aff\/wp-json\/wp\/v2\/comments?post=154535"}],"wp:featuredmedia":[{"embeddable":true,"href":"https:\/\/bitsmag.ro\/aff\/wp-json\/wp\/v2\/media\/154536"}],"wp:attachment":[{"href":"https:\/\/bitsmag.ro\/aff\/wp-json\/wp\/v2\/media?parent=154535"}],"wp:term":[{"taxonomy":"product_brand","embeddable":true,"href":"https:\/\/bitsmag.ro\/aff\/wp-json\/wp\/v2\/product_brand?post=154535"},{"taxonomy":"product_cat","embeddable":true,"href":"https:\/\/bitsmag.ro\/aff\/wp-json\/wp\/v2\/product_cat?post=154535"},{"taxonomy":"product_tag","embeddable":true,"href":"https:\/\/bitsmag.ro\/aff\/wp-json\/wp\/v2\/product_tag?post=154535"}],"curies":[{"name":"wp","href":"https:\/\/api.w.org\/{rel}","templated":true}]}}