{"id":154537,"date":"2025-11-24T12:22:32","date_gmt":"2025-11-24T12:22:32","guid":{"rendered":"https:\/\/bitsmag.ro\/aff\/shop\/uncategorized\/detector-tester-de-relee-auto-wireless-techstar-cnbj-722-pentru-12v-24v-compatibil-cu-relee-4-si-5-pini-afisaj-digital-led-integrat\/"},"modified":"2025-11-24T12:22:33","modified_gmt":"2025-11-24T12:22:33","slug":"detector-tester-de-relee-auto-wireless-techstar-cnbj-722-pentru-12v-24v-compatibil-cu-relee-4-si-5-pini-afisaj-digital-led-integrat","status":"publish","type":"product","link":"https:\/\/bitsmag.ro\/aff\/shop\/techstar-ro\/aparate-medicale\/detector-tester-de-relee-auto-wireless-techstar-cnbj-722-pentru-12v-24v-compatibil-cu-relee-4-si-5-pini-afisaj-digital-led-integrat\/","title":{"rendered":"Detector Tester de Relee Auto Wireless Techstar\u00ae CNBJ-722, pentru 12V\/24V , Compatibil cu Relee 4 si 5 Pini, Afisaj Digital, LED Integrat"},"content":{"rendered":"<p>Detector Tester de Relee Auto Wireless Techstar\u00ae CNBJ-722, pentru 12V\/24V , Compatibil cu Relee 4 si 5 Pini, Afisaj Digital, LED Integrat|Detectorul de relee auto CNBJ-722 este un instrument de diagnoz\u0103 inovator, proiectat pentru a testa rapid \u0219i precis func\u021bionalitatea releelor auto de 12V \u0219i 24V. Cu un afi\u0219aj digital intuitiv, semnal sonor \u0219i lumin\u0103 LED integrat\u0103, acest dispozitiv este perfect pentru ateliere auto, entuzia\u0219ti sau mecanici amatori care doresc s\u0103 economiseasc\u0103 timp \u0219i s\u0103 ob\u021bin\u0103 rezultate precise. Caracteristici Principale Compatibilitate Extins\u0103: Testeaz\u0103 relee auto de 12V \u0219i 24V. Compatibil cu || Techstar.ro <\/p>\n<p>Disponibilitate: In Stoc<\/p>\n","protected":false},"excerpt":{"rendered":"<p>Detectorul de relee auto CNBJ-722 este un instrument de diagnoz\u0103 inovator, proiectat pentru a testa rapid \u0219i precis func\u021bionalitatea releelor auto de 12V \u0219i 24V. Cu un afi\u0219aj digital intuitiv, semnal sonor \u0219i lumin\u0103 LED integrat\u0103, acest dispozitiv este perfect pentru ateliere auto, entuzia\u0219ti sau mecanici amatori care doresc s\u0103 economiseasc\u0103 timp \u0219i s\u0103 ob\u021bin\u0103 rezultate precise. Caracteristici Principale Compatibilitate Extins\u0103: Testeaz\u0103 relee auto de 12V \u0219i 24V. Compatibil cu<a class=\"button\" href=\"https:\/\/bitsmag.ro\/aff\/shop\/techstar-ro\/aparate-medicale\/detector-tester-de-relee-auto-wireless-techstar-cnbj-722-pentru-12v-24v-compatibil-cu-relee-4-si-5-pini-afisaj-digital-led-integrat\/\" title=\"More\">Read more<\/a><\/p>\n","protected":false},"featured_media":154538,"comment_status":"open","ping_status":"open","template":"","meta":{"_acf_changed":false},"product_brand":[],"product_cat":[27136,175],"product_tag":[],"class_list":{"0":"post-154537","1":"product","2":"type-product","3":"status-publish","4":"has-post-thumbnail","6":"product_cat-aparate-medicale","7":"product_cat-techstar-ro","8":"pa_stock-disponibilitate-in-stoc","10":"first","11":"instock","12":"sale","13":"product-type-external"},"acf":[],"_links":{"self":[{"href":"https:\/\/bitsmag.ro\/aff\/wp-json\/wp\/v2\/product\/154537","targetHints":{"allow":["GET"]}}],"collection":[{"href":"https:\/\/bitsmag.ro\/aff\/wp-json\/wp\/v2\/product"}],"about":[{"href":"https:\/\/bitsmag.ro\/aff\/wp-json\/wp\/v2\/types\/product"}],"replies":[{"embeddable":true,"href":"https:\/\/bitsmag.ro\/aff\/wp-json\/wp\/v2\/comments?post=154537"}],"wp:featuredmedia":[{"embeddable":true,"href":"https:\/\/bitsmag.ro\/aff\/wp-json\/wp\/v2\/media\/154538"}],"wp:attachment":[{"href":"https:\/\/bitsmag.ro\/aff\/wp-json\/wp\/v2\/media?parent=154537"}],"wp:term":[{"taxonomy":"product_brand","embeddable":true,"href":"https:\/\/bitsmag.ro\/aff\/wp-json\/wp\/v2\/product_brand?post=154537"},{"taxonomy":"product_cat","embeddable":true,"href":"https:\/\/bitsmag.ro\/aff\/wp-json\/wp\/v2\/product_cat?post=154537"},{"taxonomy":"product_tag","embeddable":true,"href":"https:\/\/bitsmag.ro\/aff\/wp-json\/wp\/v2\/product_tag?post=154537"}],"curies":[{"name":"wp","href":"https:\/\/api.w.org\/{rel}","templated":true}]}}