{"id":154549,"date":"2025-08-01T12:57:50","date_gmt":"2025-08-01T12:57:50","guid":{"rendered":"https:\/\/bitsmag.ro\/aff\/shop\/uncategorized\/redresor-auto-digital-foxsur-fpt-200-incarcator-automat-12v-24v-20a-pentru-baterii-6ah-300ah-ecran-lcd-si-compatibilitate-extinsa-pentru-baterii-auto-moto-camion\/"},"modified":"2025-08-01T12:57:57","modified_gmt":"2025-08-01T12:57:57","slug":"redresor-auto-digital-foxsur-fpt-200-incarcator-automat-12v-24v-20a-pentru-baterii-6ah-300ah-ecran-lcd-si-compatibilitate-extinsa-pentru-baterii-auto-moto-camion","status":"publish","type":"product","link":"https:\/\/bitsmag.ro\/aff\/shop\/techstar-ro\/redresoare-si-incarcatoare-baterie-auto\/redresor-auto-digital-foxsur-fpt-200-incarcator-automat-12v-24v-20a-pentru-baterii-6ah-300ah-ecran-lcd-si-compatibilitate-extinsa-pentru-baterii-auto-moto-camion\/","title":{"rendered":"Redresor Auto Digital Foxsur FPT-200, Incarcator Automat 12V\/24V 20A pentru Baterii 6Ah-300Ah, Ecran LCD \u0219i Compatibilitate Extinsa pentru Baterii Auto, Moto, Camion"},"content":{"rendered":"<p>Redresor Auto Digital Foxsur FPT-200, Incarcator Automat 12V\/24V 20A pentru Baterii 6Ah-300Ah, Ecran LCD \u0219i Compatibilitate Extinsa pentru Baterii Auto, Moto, Camion|Redresor Auto Digital Foxsur Inteligent 12V\/24V 20A cu Func\u021bie de Reparare prin Impulsuri \u2013 \u00cenc\u0103rc\u0103tor Multifunc\u021bional pentru Baterii Auto, Moto \u0219i Camion Descoper\u0103 solu\u021bia ideal\u0103 pentru \u00eentre\u021binerea \u0219i prelungirea duratei de via\u021b\u0103 a bateriilor tale cu Redresorul Auto Digital Inteligent 12V\/24V 20A , un \u00eenc\u0103rc\u0103tor avansat cu func\u021bie de reparare prin impulsuri, potrivit pentru o gam\u0103 larg\u0103 de vehicule \u0219i tipuri de baterii. Caracteristici principale: \u00cenc\u0103rcare Inteligent\u0103 || Techstar.ro <\/p>\n<p>Disponibilitate: In Stoc<\/p>\n","protected":false},"excerpt":{"rendered":"<p>Redresor Auto Digital Foxsur Inteligent 12V\/24V 20A cu Func\u021bie de Reparare prin Impulsuri \u2013 \u00cenc\u0103rc\u0103tor Multifunc\u021bional pentru Baterii Auto, Moto \u0219i Camion Descoper\u0103 solu\u021bia ideal\u0103 pentru \u00eentre\u021binerea \u0219i prelungirea duratei de via\u021b\u0103 a bateriilor tale cu Redresorul Auto Digital Inteligent 12V\/24V 20A , un \u00eenc\u0103rc\u0103tor avansat cu func\u021bie de reparare prin impulsuri, potrivit pentru o gam\u0103 larg\u0103 de vehicule \u0219i tipuri de baterii. Caracteristici principale: \u00cenc\u0103rcare Inteligent\u0103<a class=\"button\" href=\"https:\/\/bitsmag.ro\/aff\/shop\/techstar-ro\/redresoare-si-incarcatoare-baterie-auto\/redresor-auto-digital-foxsur-fpt-200-incarcator-automat-12v-24v-20a-pentru-baterii-6ah-300ah-ecran-lcd-si-compatibilitate-extinsa-pentru-baterii-auto-moto-camion\/\" title=\"More\">Read more<\/a><\/p>\n","protected":false},"featured_media":154550,"comment_status":"open","ping_status":"open","template":"","meta":{"_acf_changed":false},"product_brand":[],"product_cat":[13550,175],"product_tag":[],"class_list":{"0":"post-154549","1":"product","2":"type-product","3":"status-publish","4":"has-post-thumbnail","6":"product_cat-redresoare-si-incarcatoare-baterie-auto","7":"product_cat-techstar-ro","8":"pa_stock-disponibilitate-in-stoc","10":"first","11":"instock","12":"sale","13":"product-type-external"},"acf":[],"_links":{"self":[{"href":"https:\/\/bitsmag.ro\/aff\/wp-json\/wp\/v2\/product\/154549","targetHints":{"allow":["GET"]}}],"collection":[{"href":"https:\/\/bitsmag.ro\/aff\/wp-json\/wp\/v2\/product"}],"about":[{"href":"https:\/\/bitsmag.ro\/aff\/wp-json\/wp\/v2\/types\/product"}],"replies":[{"embeddable":true,"href":"https:\/\/bitsmag.ro\/aff\/wp-json\/wp\/v2\/comments?post=154549"}],"wp:featuredmedia":[{"embeddable":true,"href":"https:\/\/bitsmag.ro\/aff\/wp-json\/wp\/v2\/media\/154550"}],"wp:attachment":[{"href":"https:\/\/bitsmag.ro\/aff\/wp-json\/wp\/v2\/media?parent=154549"}],"wp:term":[{"taxonomy":"product_brand","embeddable":true,"href":"https:\/\/bitsmag.ro\/aff\/wp-json\/wp\/v2\/product_brand?post=154549"},{"taxonomy":"product_cat","embeddable":true,"href":"https:\/\/bitsmag.ro\/aff\/wp-json\/wp\/v2\/product_cat?post=154549"},{"taxonomy":"product_tag","embeddable":true,"href":"https:\/\/bitsmag.ro\/aff\/wp-json\/wp\/v2\/product_tag?post=154549"}],"curies":[{"name":"wp","href":"https:\/\/api.w.org\/{rel}","templated":true}]}}