{"id":154551,"date":"2025-11-24T12:22:32","date_gmt":"2025-11-24T12:22:32","guid":{"rendered":"https:\/\/bitsmag.ro\/aff\/shop\/uncategorized\/incarcator-si-tester-baterie-foxsur-ftc-1206-2-in-1-12v-6a-redresor-inteligent-pentru-baterii-auto-si-moto-cu-functii-desulfatare-reparare-prin-impulsuri-rosu-negru\/"},"modified":"2025-11-24T12:22:38","modified_gmt":"2025-11-24T12:22:38","slug":"incarcator-si-tester-baterie-foxsur-ftc-1206-2-in-1-12v-6a-redresor-inteligent-pentru-baterii-auto-si-moto-cu-functii-desulfatare-reparare-prin-impulsuri-rosu-negru","status":"publish","type":"product","link":"https:\/\/bitsmag.ro\/aff\/shop\/techstar-ro\/redresoare-si-incarcatoare-baterie-auto\/incarcator-si-tester-baterie-foxsur-ftc-1206-2-in-1-12v-6a-redresor-inteligent-pentru-baterii-auto-si-moto-cu-functii-desulfatare-reparare-prin-impulsuri-rosu-negru\/","title":{"rendered":"Incarcator \u0219i Tester Baterie FOXSUR FTC-1206 2-in-1, 12V\/6A \u2013 Redresor Inteligent pentru Baterii Auto si Moto cu Functii Desulfatare, Reparare prin Impulsuri, Rosu\/Negru"},"content":{"rendered":"<p>Incarcator \u0219i Tester Baterie FOXSUR FTC-1206 2-in-1, 12V\/6A \u2013 Redresor Inteligent pentru Baterii Auto si Moto cu Functii Desulfatare, Reparare prin Impulsuri, Rosu\/Negru|\u00cenc\u0103rc\u0103tor \u0219i Tester Baterie FOXSUR FTC-1206 2-\u00een-1, 12V\/6A \u2013 Solu\u021bia Ideal\u0103 pentru \u00centre\u021binerea Bateriilor Auto \u0219i Moto Descoper\u0103 FOXSUR FTC-1206 , un dispozitiv inteligent 2-\u00een-1 care combin\u0103 func\u021biile unui \u00eenc\u0103rc\u0103tor de baterie \u0219i ale unui tester, oferind o solu\u021bie complet\u0103 pentru \u00eentre\u021binerea \u0219i diagnosticarea bateriilor de 12V pentru autoturisme \u0219i motociclete. Cu un design compact \u0219i func\u021bionalit\u0103\u021bi avansate, acest aparat este indispensabil pentru orice proprietar de vehicul. || Techstar.ro <\/p>\n<p>Disponibilitate: In Stoc<\/p>\n","protected":false},"excerpt":{"rendered":"<p>\u00cenc\u0103rc\u0103tor \u0219i Tester Baterie FOXSUR FTC-1206 2-\u00een-1, 12V\/6A \u2013 Solu\u021bia Ideal\u0103 pentru \u00centre\u021binerea Bateriilor Auto \u0219i Moto Descoper\u0103 FOXSUR FTC-1206 , un dispozitiv inteligent 2-\u00een-1 care combin\u0103 func\u021biile unui \u00eenc\u0103rc\u0103tor de baterie \u0219i ale unui tester, oferind o solu\u021bie complet\u0103 pentru \u00eentre\u021binerea \u0219i diagnosticarea bateriilor de 12V pentru autoturisme \u0219i motociclete. Cu un design compact \u0219i func\u021bionalit\u0103\u021bi avansate, acest aparat este indispensabil pentru orice proprietar de vehicul.<a class=\"button\" href=\"https:\/\/bitsmag.ro\/aff\/shop\/techstar-ro\/redresoare-si-incarcatoare-baterie-auto\/incarcator-si-tester-baterie-foxsur-ftc-1206-2-in-1-12v-6a-redresor-inteligent-pentru-baterii-auto-si-moto-cu-functii-desulfatare-reparare-prin-impulsuri-rosu-negru\/\" title=\"More\">Read more<\/a><\/p>\n","protected":false},"featured_media":154552,"comment_status":"open","ping_status":"open","template":"","meta":{"_acf_changed":false},"product_brand":[],"product_cat":[13550,175],"product_tag":[],"class_list":{"0":"post-154551","1":"product","2":"type-product","3":"status-publish","4":"has-post-thumbnail","6":"product_cat-redresoare-si-incarcatoare-baterie-auto","7":"product_cat-techstar-ro","8":"pa_stock-disponibilitate-in-stoc","10":"first","11":"instock","12":"sale","13":"product-type-external"},"acf":[],"_links":{"self":[{"href":"https:\/\/bitsmag.ro\/aff\/wp-json\/wp\/v2\/product\/154551","targetHints":{"allow":["GET"]}}],"collection":[{"href":"https:\/\/bitsmag.ro\/aff\/wp-json\/wp\/v2\/product"}],"about":[{"href":"https:\/\/bitsmag.ro\/aff\/wp-json\/wp\/v2\/types\/product"}],"replies":[{"embeddable":true,"href":"https:\/\/bitsmag.ro\/aff\/wp-json\/wp\/v2\/comments?post=154551"}],"wp:featuredmedia":[{"embeddable":true,"href":"https:\/\/bitsmag.ro\/aff\/wp-json\/wp\/v2\/media\/154552"}],"wp:attachment":[{"href":"https:\/\/bitsmag.ro\/aff\/wp-json\/wp\/v2\/media?parent=154551"}],"wp:term":[{"taxonomy":"product_brand","embeddable":true,"href":"https:\/\/bitsmag.ro\/aff\/wp-json\/wp\/v2\/product_brand?post=154551"},{"taxonomy":"product_cat","embeddable":true,"href":"https:\/\/bitsmag.ro\/aff\/wp-json\/wp\/v2\/product_cat?post=154551"},{"taxonomy":"product_tag","embeddable":true,"href":"https:\/\/bitsmag.ro\/aff\/wp-json\/wp\/v2\/product_tag?post=154551"}],"curies":[{"name":"wp","href":"https:\/\/api.w.org\/{rel}","templated":true}]}}