{"id":154569,"date":"2025-08-01T12:58:49","date_gmt":"2025-08-01T12:58:49","guid":{"rendered":"https:\/\/bitsmag.ro\/aff\/shop\/uncategorized\/spot-led-incastrabil-techstar-cmj-td-001-12w-1800lm-lumina-rece-6500k-ip44-rotund-ultra-slim-148x110x30mm-alb\/"},"modified":"2025-08-01T12:58:51","modified_gmt":"2025-08-01T12:58:51","slug":"spot-led-incastrabil-techstar-cmj-td-001-12w-1800lm-lumina-rece-6500k-ip44-rotund-ultra-slim-148x110x30mm-alb","status":"publish","type":"product","link":"https:\/\/bitsmag.ro\/aff\/shop\/techstar-ro\/spoturi-cu-led-si-wifi\/spot-led-incastrabil-techstar-cmj-td-001-12w-1800lm-lumina-rece-6500k-ip44-rotund-ultra-slim-148x110x30mm-alb\/","title":{"rendered":"Spot LED Incastrabil Techstar\u00ae CMJ-TD-001, 12W, 1800lm, Lumina Rece 6500K, IP44, Rotund Ultra Slim, 148x110x30mm, Alb"},"content":{"rendered":"<p>Spot LED Incastrabil Techstar\u00ae CMJ-TD-001, 12W, 1800lm, Lumina Rece 6500K, IP44, Rotund Ultra Slim, 148x110x30mm, Alb|Spoturile LED Incastrabile Ultra Slim Techstar\u00ae CMJ-TD-001 sunt o alegere excelent\u0103 pentru cei care caut\u0103 o solu\u021bie modern\u0103 \u0219i eficient\u0103 din punct de vedere energetic pentru iluminatul comercial \u0219i reziden\u021bial. Aceste spoturi sunt fabricate din materiale de \u00eenalt\u0103 calitate, precum aluminiu \u0219i plastic, asigur\u00e2nd durabilitate \u0219i performan\u021b\u0103 pe termen lung. Prin utilizarea tehnologiei LED, aceste spoturi ofer\u0103 o lumin\u0103 puternic\u0103 \u0219i uniform\u0103, \u00een timp ce consum\u0103 cu 90% mai pu\u021bin\u0103 energie dec\u00e2t || Techstar.ro <\/p>\n<p>Disponibilitate: In Stoc<\/p>\n","protected":false},"excerpt":{"rendered":"<p>Spoturile LED Incastrabile Ultra Slim Techstar\u00ae CMJ-TD-001 sunt o alegere excelent\u0103 pentru cei care caut\u0103 o solu\u021bie modern\u0103 \u0219i eficient\u0103 din punct de vedere energetic pentru iluminatul comercial \u0219i reziden\u021bial. Aceste spoturi sunt fabricate din materiale de \u00eenalt\u0103 calitate, precum aluminiu \u0219i plastic, asigur\u00e2nd durabilitate \u0219i performan\u021b\u0103 pe termen lung. Prin utilizarea tehnologiei LED, aceste spoturi ofer\u0103 o lumin\u0103 puternic\u0103 \u0219i uniform\u0103, \u00een timp ce consum\u0103 cu 90% mai pu\u021bin\u0103 energie dec\u00e2t<a class=\"button\" href=\"https:\/\/bitsmag.ro\/aff\/shop\/techstar-ro\/spoturi-cu-led-si-wifi\/spot-led-incastrabil-techstar-cmj-td-001-12w-1800lm-lumina-rece-6500k-ip44-rotund-ultra-slim-148x110x30mm-alb\/\" title=\"More\">Read more<\/a><\/p>\n","protected":false},"featured_media":154570,"comment_status":"open","ping_status":"open","template":"","meta":{"_acf_changed":false},"product_brand":[],"product_cat":[13541,175],"product_tag":[],"class_list":{"0":"post-154569","1":"product","2":"type-product","3":"status-publish","4":"has-post-thumbnail","6":"product_cat-spoturi-cu-led-si-wifi","7":"product_cat-techstar-ro","8":"pa_stock-disponibilitate-in-stoc","10":"first","11":"instock","12":"sale","13":"product-type-external"},"acf":[],"_links":{"self":[{"href":"https:\/\/bitsmag.ro\/aff\/wp-json\/wp\/v2\/product\/154569","targetHints":{"allow":["GET"]}}],"collection":[{"href":"https:\/\/bitsmag.ro\/aff\/wp-json\/wp\/v2\/product"}],"about":[{"href":"https:\/\/bitsmag.ro\/aff\/wp-json\/wp\/v2\/types\/product"}],"replies":[{"embeddable":true,"href":"https:\/\/bitsmag.ro\/aff\/wp-json\/wp\/v2\/comments?post=154569"}],"wp:featuredmedia":[{"embeddable":true,"href":"https:\/\/bitsmag.ro\/aff\/wp-json\/wp\/v2\/media\/154570"}],"wp:attachment":[{"href":"https:\/\/bitsmag.ro\/aff\/wp-json\/wp\/v2\/media?parent=154569"}],"wp:term":[{"taxonomy":"product_brand","embeddable":true,"href":"https:\/\/bitsmag.ro\/aff\/wp-json\/wp\/v2\/product_brand?post=154569"},{"taxonomy":"product_cat","embeddable":true,"href":"https:\/\/bitsmag.ro\/aff\/wp-json\/wp\/v2\/product_cat?post=154569"},{"taxonomy":"product_tag","embeddable":true,"href":"https:\/\/bitsmag.ro\/aff\/wp-json\/wp\/v2\/product_tag?post=154569"}],"curies":[{"name":"wp","href":"https:\/\/api.w.org\/{rel}","templated":true}]}}