{"id":154571,"date":"2025-08-01T12:58:57","date_gmt":"2025-08-01T12:58:57","guid":{"rendered":"https:\/\/bitsmag.ro\/aff\/shop\/uncategorized\/set-680-clipsuri-cleme-auto-de-fixare-universale-techstar-repair-kit-plastic-23-dimensiuni-de-la-5-mm-la-100-mm-pentru-usi-aripi-bare-de-protectie-si-scuturi-multicolor\/"},"modified":"2025-08-01T12:59:02","modified_gmt":"2025-08-01T12:59:02","slug":"set-680-clipsuri-cleme-auto-de-fixare-universale-techstar-repair-kit-plastic-23-dimensiuni-de-la-5-mm-la-100-mm-pentru-usi-aripi-bare-de-protectie-si-scuturi-multicolor","status":"publish","type":"product","link":"https:\/\/bitsmag.ro\/aff\/shop\/techstar-ro\/scule-si-unelte-reparatie-auto\/set-680-clipsuri-cleme-auto-de-fixare-universale-techstar-repair-kit-plastic-23-dimensiuni-de-la-5-mm-la-100-mm-pentru-usi-aripi-bare-de-protectie-si-scuturi-multicolor\/","title":{"rendered":"Set 680 clipsuri \/ cleme auto de fixare universale Techstar\u00ae Repair Kit, plastic, 23 dimensiuni de la 5 mm la 100 mm, pentru usi, aripi, bare de protectie si scuturi, multicolor"},"content":{"rendered":"<p>Set 680 clipsuri \/ cleme auto de fixare universale Techstar\u00ae Repair Kit, plastic, 23 dimensiuni de la 5 mm la 100 mm, pentru usi, aripi, bare de protectie si scuturi, multicolor|Kit de montare universal &#8211; Un total de 680 de buc\u0103\u021bi de cleme cu nituri de \u00eempingere GM, inclusiv cele 23 cele mai obi\u0219nuite kit de cleme pentru bara de protec\u021bie auto, potrivite pentru \u00eenlocuirea OEM cu dimensiunea g\u0103urii de 5-10 mm, pentru a v\u0103 satisface diferitele nevoi de amenaj\u0103ri interioare a ma\u0219inii. Clipsuri auto rezistente la impact &#8211; Este realizat din material durabil din fibra de nailon, nu este usor de spart sau deformat. Manopera excelenta sunt conditii necesare pentru || Techstar.ro <\/p>\n<p>Disponibilitate: In Stoc<\/p>\n","protected":false},"excerpt":{"rendered":"<p>Kit de montare universal &#8211; Un total de 680 de buc\u0103\u021bi de cleme cu nituri de \u00eempingere GM, inclusiv cele 23 cele mai obi\u0219nuite kit de cleme pentru bara de protec\u021bie auto, potrivite pentru \u00eenlocuirea OEM cu dimensiunea g\u0103urii de 5-10 mm, pentru a v\u0103 satisface diferitele nevoi de amenaj\u0103ri interioare a ma\u0219inii. Clipsuri auto rezistente la impact &#8211; Este realizat din material durabil din fibra de nailon, nu este usor de spart sau deformat. Manopera excelenta sunt conditii necesare pentru<a class=\"button\" href=\"https:\/\/bitsmag.ro\/aff\/shop\/techstar-ro\/scule-si-unelte-reparatie-auto\/set-680-clipsuri-cleme-auto-de-fixare-universale-techstar-repair-kit-plastic-23-dimensiuni-de-la-5-mm-la-100-mm-pentru-usi-aripi-bare-de-protectie-si-scuturi-multicolor\/\" title=\"More\">Read more<\/a><\/p>\n","protected":false},"featured_media":154572,"comment_status":"open","ping_status":"open","template":"","meta":{"_acf_changed":false},"product_brand":[],"product_cat":[13553,175],"product_tag":[],"class_list":{"0":"post-154571","1":"product","2":"type-product","3":"status-publish","4":"has-post-thumbnail","6":"product_cat-scule-si-unelte-reparatie-auto","7":"product_cat-techstar-ro","8":"pa_stock-disponibilitate-in-stoc","10":"first","11":"instock","12":"product-type-external"},"acf":[],"_links":{"self":[{"href":"https:\/\/bitsmag.ro\/aff\/wp-json\/wp\/v2\/product\/154571","targetHints":{"allow":["GET"]}}],"collection":[{"href":"https:\/\/bitsmag.ro\/aff\/wp-json\/wp\/v2\/product"}],"about":[{"href":"https:\/\/bitsmag.ro\/aff\/wp-json\/wp\/v2\/types\/product"}],"replies":[{"embeddable":true,"href":"https:\/\/bitsmag.ro\/aff\/wp-json\/wp\/v2\/comments?post=154571"}],"wp:featuredmedia":[{"embeddable":true,"href":"https:\/\/bitsmag.ro\/aff\/wp-json\/wp\/v2\/media\/154572"}],"wp:attachment":[{"href":"https:\/\/bitsmag.ro\/aff\/wp-json\/wp\/v2\/media?parent=154571"}],"wp:term":[{"taxonomy":"product_brand","embeddable":true,"href":"https:\/\/bitsmag.ro\/aff\/wp-json\/wp\/v2\/product_brand?post=154571"},{"taxonomy":"product_cat","embeddable":true,"href":"https:\/\/bitsmag.ro\/aff\/wp-json\/wp\/v2\/product_cat?post=154571"},{"taxonomy":"product_tag","embeddable":true,"href":"https:\/\/bitsmag.ro\/aff\/wp-json\/wp\/v2\/product_tag?post=154571"}],"curies":[{"name":"wp","href":"https:\/\/api.w.org\/{rel}","templated":true}]}}