{"id":154575,"date":"2025-08-01T12:59:07","date_gmt":"2025-08-01T12:59:07","guid":{"rendered":"https:\/\/bitsmag.ro\/aff\/shop\/uncategorized\/resigilat-sistem-multimedia-techstar-apple-carplay-android-7095p-ecran-tactil-7-inch-1080p-full-hd-bluetooth-mirror-link-card-tf-usb-aux-negru\/"},"modified":"2025-08-01T12:59:07","modified_gmt":"2025-08-01T12:59:07","slug":"resigilat-sistem-multimedia-techstar-apple-carplay-android-7095p-ecran-tactil-7-inch-1080p-full-hd-bluetooth-mirror-link-card-tf-usb-aux-negru","status":"publish","type":"product","link":"https:\/\/bitsmag.ro\/aff\/shop\/techstar-ro\/becuri-spot-led-ar111\/resigilat-sistem-multimedia-techstar-apple-carplay-android-7095p-ecran-tactil-7-inch-1080p-full-hd-bluetooth-mirror-link-card-tf-usb-aux-negru\/","title":{"rendered":"Resigilat Sistem Multimedia Techstar\u00ae Apple Carplay\/Android 7095P, Ecran Tactil, 7 Inch 1080P Full HD, Bluetooth, Mirror Link\/Card TF\/USB\/AUX, Negru"},"content":{"rendered":"<p>Resigilat Sistem Multimedia Techstar\u00ae Apple Carplay\/Android 7095P, Ecran Tactil, 7 Inch 1080P Full HD, Bluetooth, Mirror Link\/Card TF\/USB\/AUX, Negru|Sistemul Multimedia Techstar\u00ae Apple Carplay\/Android 7095P pentru ma\u0219in\u0103 , vine echipat cu un ecran tactil capacitiv de \u00eenalt\u0103 defini\u021bie de 7 inchi, accept\u0103 redarea video 1080. Cu cel mai recent cip inteligent, atingerea va fi mai sensibil\u0103 \u0219i mai precis\u0103, rularea va fi mai stabil\u0103 \u0219i mai lin\u0103. Ecranul tactil mare clar v\u0103 ofer\u0103 control intuitiv asupra muzicii \u0219i func\u021biilor smartphone-ului. Control u\u0219or \u0219i experien\u021b\u0103 vizual\u0103 minunat\u0103. Wirelsee Apple Carplay\/Android Auto: Acest stereo auto || Techstar.ro <\/p>\n<p>Disponibilitate: In Stoc<\/p>\n","protected":false},"excerpt":{"rendered":"<p>Sistemul Multimedia Techstar\u00ae Apple Carplay\/Android 7095P pentru ma\u0219in\u0103 , vine echipat cu un ecran tactil capacitiv de \u00eenalt\u0103 defini\u021bie de 7 inchi, accept\u0103 redarea video 1080. Cu cel mai recent cip inteligent, atingerea va fi mai sensibil\u0103 \u0219i mai precis\u0103, rularea va fi mai stabil\u0103 \u0219i mai lin\u0103. Ecranul tactil mare clar v\u0103 ofer\u0103 control intuitiv asupra muzicii \u0219i func\u021biilor smartphone-ului. Control u\u0219or \u0219i experien\u021b\u0103 vizual\u0103 minunat\u0103. Wirelsee Apple Carplay\/Android Auto: Acest stereo auto<a class=\"button\" href=\"https:\/\/bitsmag.ro\/aff\/shop\/techstar-ro\/becuri-spot-led-ar111\/resigilat-sistem-multimedia-techstar-apple-carplay-android-7095p-ecran-tactil-7-inch-1080p-full-hd-bluetooth-mirror-link-card-tf-usb-aux-negru\/\" title=\"More\">Read more<\/a><\/p>\n","protected":false},"featured_media":154576,"comment_status":"open","ping_status":"open","template":"","meta":{"_acf_changed":false},"product_brand":[],"product_cat":[13557,175],"product_tag":[],"class_list":{"0":"post-154575","1":"product","2":"type-product","3":"status-publish","4":"has-post-thumbnail","6":"product_cat-becuri-spot-led-ar111","7":"product_cat-techstar-ro","8":"pa_stock-disponibilitate-in-stoc","10":"first","11":"instock","12":"product-type-external"},"acf":[],"_links":{"self":[{"href":"https:\/\/bitsmag.ro\/aff\/wp-json\/wp\/v2\/product\/154575","targetHints":{"allow":["GET"]}}],"collection":[{"href":"https:\/\/bitsmag.ro\/aff\/wp-json\/wp\/v2\/product"}],"about":[{"href":"https:\/\/bitsmag.ro\/aff\/wp-json\/wp\/v2\/types\/product"}],"replies":[{"embeddable":true,"href":"https:\/\/bitsmag.ro\/aff\/wp-json\/wp\/v2\/comments?post=154575"}],"wp:featuredmedia":[{"embeddable":true,"href":"https:\/\/bitsmag.ro\/aff\/wp-json\/wp\/v2\/media\/154576"}],"wp:attachment":[{"href":"https:\/\/bitsmag.ro\/aff\/wp-json\/wp\/v2\/media?parent=154575"}],"wp:term":[{"taxonomy":"product_brand","embeddable":true,"href":"https:\/\/bitsmag.ro\/aff\/wp-json\/wp\/v2\/product_brand?post=154575"},{"taxonomy":"product_cat","embeddable":true,"href":"https:\/\/bitsmag.ro\/aff\/wp-json\/wp\/v2\/product_cat?post=154575"},{"taxonomy":"product_tag","embeddable":true,"href":"https:\/\/bitsmag.ro\/aff\/wp-json\/wp\/v2\/product_tag?post=154575"}],"curies":[{"name":"wp","href":"https:\/\/api.w.org\/{rel}","templated":true}]}}