{"id":159825,"date":"2025-11-24T12:20:00","date_gmt":"2025-11-24T12:20:00","guid":{"rendered":"https:\/\/bitsmag.ro\/aff\/shop\/uncategorized\/carcasa-cheie-auto-transformatoare-in-flip-cu-2-butoane-upgrade-cu-lama-sx9-pentru-citroen-saxo-xsara-picasso-berlingo-1999-2008\/"},"modified":"2025-11-24T12:20:06","modified_gmt":"2025-11-24T12:20:06","slug":"carcasa-cheie-auto-transformatoare-in-flip-cu-2-butoane-upgrade-cu-lama-sx9-pentru-citroen-saxo-xsara-picasso-berlingo-1999-2008","status":"publish","type":"product","link":"https:\/\/bitsmag.ro\/aff\/shop\/techstar-ro\/kit-uri-cu-led-cree\/carcasa-cheie-auto-transformatoare-in-flip-cu-2-butoane-upgrade-cu-lama-sx9-pentru-citroen-saxo-xsara-picasso-berlingo-1999-2008\/","title":{"rendered":"Carcasa Cheie Auto Transformatoare in Flip, cu 2 Butoane, Upgrade cu Lama SX9 pentru Citroen Saxo, Xsara, Picasso, Berlingo (1999-2008)"},"content":{"rendered":"<p>Carcasa Cheie Auto Transformatoare in Flip, cu 2 Butoane, Upgrade cu Lama SX9 pentru Citroen Saxo, Xsara, Picasso, Berlingo (1999-2008)|Transforma\u021bi vechea cheie standard \u00eentr-o cheie modern\u0103 flip cu acest upgrade de carcasa cheie 2 butoane , compatibil\u0103 cu modelele Citroen Saxo, Xsara, Picasso \u0219i Berlingo produse \u00eentre 1999 \u0219i 2008 . Aceast\u0103 carcasa cheie de tip flip este special conceput\u0103 pentru a \u00eenlocui vechile carcase uzate sau deteriorate \u0219i ofer\u0103 un design elegant, compact \u0219i foarte pl\u0103cut la atingere. Lama cheii este de tip SX9 , iar pentru utilizare va trebui s\u0103 o t\u0103ia\u021bi la un l\u0103c\u0103tu\u0219 autorizat dup\u0103 modelul || Techstar.ro <\/p>\n<p>Disponibilitate: In Stoc<\/p>\n","protected":false},"excerpt":{"rendered":"<p>Transforma\u021bi vechea cheie standard \u00eentr-o cheie modern\u0103 flip cu acest upgrade de carcasa cheie 2 butoane , compatibil\u0103 cu modelele Citroen Saxo, Xsara, Picasso \u0219i Berlingo produse \u00eentre 1999 \u0219i 2008 . Aceast\u0103 carcasa cheie de tip flip este special conceput\u0103 pentru a \u00eenlocui vechile carcase uzate sau deteriorate \u0219i ofer\u0103 un design elegant, compact \u0219i foarte pl\u0103cut la atingere. Lama cheii este de tip SX9 , iar pentru utilizare va trebui s\u0103 o t\u0103ia\u021bi la un l\u0103c\u0103tu\u0219 autorizat dup\u0103 modelul<a class=\"button\" href=\"https:\/\/bitsmag.ro\/aff\/shop\/techstar-ro\/kit-uri-cu-led-cree\/carcasa-cheie-auto-transformatoare-in-flip-cu-2-butoane-upgrade-cu-lama-sx9-pentru-citroen-saxo-xsara-picasso-berlingo-1999-2008\/\" title=\"More\">Read more<\/a><\/p>\n","protected":false},"featured_media":159826,"comment_status":"open","ping_status":"open","template":"","meta":{"_acf_changed":false},"product_brand":[],"product_cat":[27134,175],"product_tag":[],"class_list":{"0":"post-159825","1":"product","2":"type-product","3":"status-publish","4":"has-post-thumbnail","6":"product_cat-kit-uri-cu-led-cree","7":"product_cat-techstar-ro","8":"pa_stock-disponibilitate-in-stoc","10":"first","11":"instock","12":"sale","13":"product-type-external"},"acf":[],"_links":{"self":[{"href":"https:\/\/bitsmag.ro\/aff\/wp-json\/wp\/v2\/product\/159825","targetHints":{"allow":["GET"]}}],"collection":[{"href":"https:\/\/bitsmag.ro\/aff\/wp-json\/wp\/v2\/product"}],"about":[{"href":"https:\/\/bitsmag.ro\/aff\/wp-json\/wp\/v2\/types\/product"}],"replies":[{"embeddable":true,"href":"https:\/\/bitsmag.ro\/aff\/wp-json\/wp\/v2\/comments?post=159825"}],"wp:featuredmedia":[{"embeddable":true,"href":"https:\/\/bitsmag.ro\/aff\/wp-json\/wp\/v2\/media\/159826"}],"wp:attachment":[{"href":"https:\/\/bitsmag.ro\/aff\/wp-json\/wp\/v2\/media?parent=159825"}],"wp:term":[{"taxonomy":"product_brand","embeddable":true,"href":"https:\/\/bitsmag.ro\/aff\/wp-json\/wp\/v2\/product_brand?post=159825"},{"taxonomy":"product_cat","embeddable":true,"href":"https:\/\/bitsmag.ro\/aff\/wp-json\/wp\/v2\/product_cat?post=159825"},{"taxonomy":"product_tag","embeddable":true,"href":"https:\/\/bitsmag.ro\/aff\/wp-json\/wp\/v2\/product_tag?post=159825"}],"curies":[{"name":"wp","href":"https:\/\/api.w.org\/{rel}","templated":true}]}}