{"id":159835,"date":"2025-11-24T12:20:00","date_gmt":"2025-11-24T12:20:00","guid":{"rendered":"https:\/\/bitsmag.ro\/aff\/shop\/uncategorized\/resigilat-invertor-de-putere-cu-unda-sinusoidala-pura-techstar-dc-12v-la-ac-220v-afisaj-lcd-1000w-pretabil-rulota-autorulota-camper-barca-casa-independenta-testat-osciloscop\/"},"modified":"2025-11-24T12:20:12","modified_gmt":"2025-11-24T12:20:12","slug":"resigilat-invertor-de-putere-cu-unda-sinusoidala-pura-techstar-dc-12v-la-ac-220v-afisaj-lcd-1000w-pretabil-rulota-autorulota-camper-barca-casa-independenta-testat-osciloscop","status":"publish","type":"product","link":"https:\/\/bitsmag.ro\/aff\/shop\/techstar-ro\/spoturi-led-rotunde\/resigilat-invertor-de-putere-cu-unda-sinusoidala-pura-techstar-dc-12v-la-ac-220v-afisaj-lcd-1000w-pretabil-rulota-autorulota-camper-barca-casa-independenta-testat-osciloscop\/","title":{"rendered":"Resigilat Invertor de putere cu und\u0103 sinusoidal\u0103 pur\u0103 Techstar\u00ae, DC 12V la AC 220V, Afi\u0219aj LCD, 1000w, Pretabil Rulota, Autorulota, Camper, Barca, Casa independenta, Testat Osciloscop"},"content":{"rendered":"<p>Resigilat Invertor de putere cu und\u0103 sinusoidal\u0103 pur\u0103 Techstar\u00ae, DC 12V la AC 220V, Afi\u0219aj LCD, 1000w, Pretabil Rulota, Autorulota, Camper, Barca, Casa independenta, Testat Osciloscop|Produsul poate prezenta urme minime de folosinta, lipsa folie protectie, cutie deteriorata\/lipsa, usoare zgarieturi etc. Convertorul Techstar cu und \u0103 sinusoidal \u0103 pur \u0103 ofer \u0103 o putere continu \u0103 de 1000 wa \u021b i de 12 vol \u021b i 24 vol \u021b i 48 vol \u021b i p\u00e2n \u0103 la 220 vol \u021b i AC und \u0103 sinusoidal \u0103 pur \u0103 , cu 1 priz \u0103 AC. Afi \u0219 aj LCD pentru vizualizarea u \u0219 oar \u0103 a tensiunii de intrare, a puterii de ie \u0219 ire \u0219 i a modurilor de || Techstar.ro <\/p>\n<p>Disponibilitate: In Stoc<\/p>\n","protected":false},"excerpt":{"rendered":"<p>Produsul poate prezenta urme minime de folosinta, lipsa folie protectie, cutie deteriorata\/lipsa, usoare zgarieturi etc. Convertorul Techstar cu und \u0103 sinusoidal \u0103 pur \u0103 ofer \u0103 o putere continu \u0103 de 1000 wa \u021b i de 12 vol \u021b i 24 vol \u021b i 48 vol \u021b i p\u00e2n \u0103 la 220 vol \u021b i AC und \u0103 sinusoidal \u0103 pur \u0103 , cu 1 priz \u0103 AC. Afi \u0219 aj LCD pentru vizualizarea u \u0219 oar \u0103 a tensiunii de intrare, a puterii de ie \u0219 ire \u0219 i a modurilor de<a class=\"button\" href=\"https:\/\/bitsmag.ro\/aff\/shop\/techstar-ro\/spoturi-led-rotunde\/resigilat-invertor-de-putere-cu-unda-sinusoidala-pura-techstar-dc-12v-la-ac-220v-afisaj-lcd-1000w-pretabil-rulota-autorulota-camper-barca-casa-independenta-testat-osciloscop\/\" title=\"More\">Read more<\/a><\/p>\n","protected":false},"featured_media":159836,"comment_status":"open","ping_status":"open","template":"","meta":{"_acf_changed":false},"product_brand":[],"product_cat":[13613,175],"product_tag":[],"class_list":{"0":"post-159835","1":"product","2":"type-product","3":"status-publish","4":"has-post-thumbnail","6":"product_cat-spoturi-led-rotunde","7":"product_cat-techstar-ro","8":"pa_stock-disponibilitate-in-stoc","10":"first","11":"instock","12":"sale","13":"product-type-external"},"acf":[],"_links":{"self":[{"href":"https:\/\/bitsmag.ro\/aff\/wp-json\/wp\/v2\/product\/159835","targetHints":{"allow":["GET"]}}],"collection":[{"href":"https:\/\/bitsmag.ro\/aff\/wp-json\/wp\/v2\/product"}],"about":[{"href":"https:\/\/bitsmag.ro\/aff\/wp-json\/wp\/v2\/types\/product"}],"replies":[{"embeddable":true,"href":"https:\/\/bitsmag.ro\/aff\/wp-json\/wp\/v2\/comments?post=159835"}],"wp:featuredmedia":[{"embeddable":true,"href":"https:\/\/bitsmag.ro\/aff\/wp-json\/wp\/v2\/media\/159836"}],"wp:attachment":[{"href":"https:\/\/bitsmag.ro\/aff\/wp-json\/wp\/v2\/media?parent=159835"}],"wp:term":[{"taxonomy":"product_brand","embeddable":true,"href":"https:\/\/bitsmag.ro\/aff\/wp-json\/wp\/v2\/product_brand?post=159835"},{"taxonomy":"product_cat","embeddable":true,"href":"https:\/\/bitsmag.ro\/aff\/wp-json\/wp\/v2\/product_cat?post=159835"},{"taxonomy":"product_tag","embeddable":true,"href":"https:\/\/bitsmag.ro\/aff\/wp-json\/wp\/v2\/product_tag?post=159835"}],"curies":[{"name":"wp","href":"https:\/\/api.w.org\/{rel}","templated":true}]}}