{"id":159907,"date":"2025-11-24T12:23:48","date_gmt":"2025-11-24T12:23:48","guid":{"rendered":"https:\/\/bitsmag.ro\/aff\/shop\/uncategorized\/camera-video-auto-dubla-techstar-t810-fullhd-cu-functia-wdr-si-ecran-ips-4inch\/"},"modified":"2025-11-24T12:23:53","modified_gmt":"2025-11-24T12:23:53","slug":"camera-video-auto-dubla-techstar-t810-fullhd-cu-functia-wdr-si-ecran-ips-4inch","status":"publish","type":"product","link":"https:\/\/bitsmag.ro\/aff\/shop\/techstar-ro\/alimentare-banda-led-220v\/camera-video-auto-dubla-techstar-t810-fullhd-cu-functia-wdr-si-ecran-ips-4inch\/","title":{"rendered":"Camera Video Auto Dubla Techstar\u00ae T810 FullHD Cu Functia WDR si Ecran IPS 4inch"},"content":{"rendered":"<p>Camera Video Auto Dubla Techstar\u00ae T810 FullHD Cu Functia WDR si Ecran IPS 4inch|Specificatii si detalii ale camerei T810 dubla: Dimensiune ecran: 4.0 &#8221; Aparat foto: 3 MP Lentile 6G Rezolutie Fata: 1080P 1920&#215;1080 30 fps; Spate: VGA @ 30fps Chipset: NTK 96658 + senzor AR0330 Night Vision: sprijin viziune de noapte in timp ce masina este conectata la bricheta masinii Limb\u0103: englez\u0103, chinez\u0103, italian\u0103, spaniol\u0103, portugheza, german\u0103, francez\u0103, rus\u0103, japonez\u0103 etc. Func\u021bie: WDR\/HDR, Blocare fisiere, Detectarea miscarii, G-Sensor, \u00cenregistrare || Techstar.ro <\/p>\n<p>Disponibilitate: In Stoc<\/p>\n","protected":false},"excerpt":{"rendered":"<p>Specificatii si detalii ale camerei T810 dubla: Dimensiune ecran: 4.0 &#8221; Aparat foto: 3 MP Lentile 6G Rezolutie Fata: 1080P 1920&#215;1080 30 fps; Spate: VGA @ 30fps Chipset: NTK 96658 + senzor AR0330 Night Vision: sprijin viziune de noapte in timp ce masina este conectata la bricheta masinii Limb\u0103: englez\u0103, chinez\u0103, italian\u0103, spaniol\u0103, portugheza, german\u0103, francez\u0103, rus\u0103, japonez\u0103 etc. Func\u021bie: WDR\/HDR, Blocare fisiere, Detectarea miscarii, G-Sensor, \u00cenregistrare<a class=\"button\" href=\"https:\/\/bitsmag.ro\/aff\/shop\/techstar-ro\/alimentare-banda-led-220v\/camera-video-auto-dubla-techstar-t810-fullhd-cu-functia-wdr-si-ecran-ips-4inch\/\" title=\"More\">Read more<\/a><\/p>\n","protected":false},"featured_media":159908,"comment_status":"open","ping_status":"open","template":"","meta":{"_acf_changed":false},"product_brand":[],"product_cat":[13593,175],"product_tag":[],"class_list":{"0":"post-159907","1":"product","2":"type-product","3":"status-publish","4":"has-post-thumbnail","6":"product_cat-alimentare-banda-led-220v","7":"product_cat-techstar-ro","8":"pa_stock-disponibilitate-in-stoc","10":"first","11":"instock","12":"sale","13":"product-type-external"},"acf":[],"_links":{"self":[{"href":"https:\/\/bitsmag.ro\/aff\/wp-json\/wp\/v2\/product\/159907","targetHints":{"allow":["GET"]}}],"collection":[{"href":"https:\/\/bitsmag.ro\/aff\/wp-json\/wp\/v2\/product"}],"about":[{"href":"https:\/\/bitsmag.ro\/aff\/wp-json\/wp\/v2\/types\/product"}],"replies":[{"embeddable":true,"href":"https:\/\/bitsmag.ro\/aff\/wp-json\/wp\/v2\/comments?post=159907"}],"wp:featuredmedia":[{"embeddable":true,"href":"https:\/\/bitsmag.ro\/aff\/wp-json\/wp\/v2\/media\/159908"}],"wp:attachment":[{"href":"https:\/\/bitsmag.ro\/aff\/wp-json\/wp\/v2\/media?parent=159907"}],"wp:term":[{"taxonomy":"product_brand","embeddable":true,"href":"https:\/\/bitsmag.ro\/aff\/wp-json\/wp\/v2\/product_brand?post=159907"},{"taxonomy":"product_cat","embeddable":true,"href":"https:\/\/bitsmag.ro\/aff\/wp-json\/wp\/v2\/product_cat?post=159907"},{"taxonomy":"product_tag","embeddable":true,"href":"https:\/\/bitsmag.ro\/aff\/wp-json\/wp\/v2\/product_tag?post=159907"}],"curies":[{"name":"wp","href":"https:\/\/api.w.org\/{rel}","templated":true}]}}