{"id":82327,"date":"2025-04-21T16:29:46","date_gmt":"2025-04-21T16:29:46","guid":{"rendered":"https:\/\/bitsmag.ro\/aff\/shop\/uncategorized\/imprimanta-laserjet-monocrom-hp-p3015-a4-duplex-usb-toner-inclus-pagini-printate-20k-50k-2-ani-garantie-refurbished\/"},"modified":"2025-04-21T16:29:56","modified_gmt":"2025-04-21T16:29:56","slug":"imprimanta-laserjet-monocrom-hp-p3015-a4-duplex-usb-toner-inclus-pagini-printate-20k-50k-2-ani-garantie-refurbished","status":"publish","type":"product","link":"https:\/\/bitsmag.ro\/aff\/shop\/citgrup-ro\/imprimante-citgrup-ro\/refurbished\/imprimanta-laserjet-monocrom-hp-p3015-a4-duplex-usb-toner-inclus-pagini-printate-20k-50k-2-ani-garantie-refurbished\/","title":{"rendered":"Imprimanta LaserJet Monocrom, HP P3015, A4, Duplex, USB, Toner inclus, Pagini printate 20k &#8211; 50K, 2 Ani Garantie, Refurbished"},"content":{"rendered":"<p>Departamentele IT au devenit preocupate de eficien\u021ba energetic\u0103, c\u0103ut\u00e2nd s\u0103 economiseasc\u0103 fiecare watt posibil, f\u0103r\u0103 sa sacrifice performan\u021ba. Eficienta \u00eenseamn\u0103 procentul puterii pierdute in conversia din AC in DC. O sursa cu eficienta 80+ este capabila de o eficienta de 80%. Produsele citgrup.ro au surse cu eficienta de minim 80+ astfel poti economisii pana la 80% la factura de curent. Vrei sa stii cum? Trimite comanda si te lamurim cum poti economisii cu acest produs (te c<\/p>\n<p>Disponibilitate: In Stoc<br \/>\n<br \/>\n<img src =https:\/\/api.citgrup.ro\/storage\/products\/2023\/10\/P3015_cit_grup_1-9.webp alt =Imprimanta LaserJet Monocrom, HP P3015, A4, Duplex, USB, Toner inclus, Pagini printate 20k - 50K, 2 Ani Garantie, Refurbished><\/><\/p>\n","protected":false},"excerpt":{"rendered":"<p>Departamentele IT au devenit preocupate de eficien\u021ba energetic\u0103, c\u0103ut\u00e2nd s\u0103 economiseasc\u0103 fiecare watt posibil, f\u0103r\u0103 sa sacrifice performan\u021ba. Eficienta \u00eenseamn\u0103 procentul puterii pierdute in conversia din AC in DC. O sursa cu eficienta 80+ este capabila de o eficienta de 80%. Produsele citgrup.ro au surse cu eficienta de minim 80+ astfel poti economisii pana la 80% la factura de curent. Vrei sa stii cum? Trimite comanda si te lamurim cum poti economisii cu acest produs (te c<a class=\"button\" href=\"https:\/\/bitsmag.ro\/aff\/shop\/citgrup-ro\/imprimante-citgrup-ro\/refurbished\/imprimanta-laserjet-monocrom-hp-p3015-a4-duplex-usb-toner-inclus-pagini-printate-20k-50k-2-ani-garantie-refurbished\/\" title=\"More\">Read more<\/a><\/p>\n","protected":false},"featured_media":82191,"comment_status":"open","ping_status":"open","template":"","meta":{"_acf_changed":false},"product_brand":[],"product_cat":[170,13386,13470],"product_tag":[],"class_list":{"0":"post-82327","1":"product","2":"type-product","3":"status-publish","4":"has-post-thumbnail","6":"product_cat-citgrup-ro","7":"product_cat-imprimante-citgrup-ro","8":"product_cat-refurbished","9":"pa_disponibilitate-disponibilitate-in-stoc","11":"first","12":"instock","13":"product-type-external"},"acf":[],"_links":{"self":[{"href":"https:\/\/bitsmag.ro\/aff\/wp-json\/wp\/v2\/product\/82327","targetHints":{"allow":["GET"]}}],"collection":[{"href":"https:\/\/bitsmag.ro\/aff\/wp-json\/wp\/v2\/product"}],"about":[{"href":"https:\/\/bitsmag.ro\/aff\/wp-json\/wp\/v2\/types\/product"}],"replies":[{"embeddable":true,"href":"https:\/\/bitsmag.ro\/aff\/wp-json\/wp\/v2\/comments?post=82327"}],"wp:featuredmedia":[{"embeddable":true,"href":"https:\/\/bitsmag.ro\/aff\/wp-json\/wp\/v2\/media\/82191"}],"wp:attachment":[{"href":"https:\/\/bitsmag.ro\/aff\/wp-json\/wp\/v2\/media?parent=82327"}],"wp:term":[{"taxonomy":"product_brand","embeddable":true,"href":"https:\/\/bitsmag.ro\/aff\/wp-json\/wp\/v2\/product_brand?post=82327"},{"taxonomy":"product_cat","embeddable":true,"href":"https:\/\/bitsmag.ro\/aff\/wp-json\/wp\/v2\/product_cat?post=82327"},{"taxonomy":"product_tag","embeddable":true,"href":"https:\/\/bitsmag.ro\/aff\/wp-json\/wp\/v2\/product_tag?post=82327"}],"curies":[{"name":"wp","href":"https:\/\/api.w.org\/{rel}","templated":true}]}}