{"id":85090,"date":"2025-04-21T16:57:01","date_gmt":"2025-04-21T16:57:01","guid":{"rendered":"https:\/\/bitsmag.ro\/aff\/shop\/uncategorized\/videoproiector-portabil-techstar-g2-full-hd-1080p-1000-lumeni-gri-mini-proiector-cu-usb-hdmi-ideal-pentru-home-cinema-gaming-si-prezentari\/"},"modified":"2025-04-21T16:57:09","modified_gmt":"2025-04-21T16:57:09","slug":"videoproiector-portabil-techstar-g2-full-hd-1080p-1000-lumeni-gri-mini-proiector-cu-usb-hdmi-ideal-pentru-home-cinema-gaming-si-prezentari","status":"publish","type":"product","link":"https:\/\/bitsmag.ro\/aff\/shop\/techstar-ro\/videoproiectoare\/videoproiector-portabil-techstar-g2-full-hd-1080p-1000-lumeni-gri-mini-proiector-cu-usb-hdmi-ideal-pentru-home-cinema-gaming-si-prezentari\/","title":{"rendered":"Videoproiector Portabil Techstar\u00ae G2, Full HD 1080p, 1000 lumeni, Gri, Mini Proiector cu USB, HDMI, Ideal pentru Home Cinema, Gaming si Prezentari"},"content":{"rendered":"<p>Videoproiector Portabil Techstar\u00ae G2, Full HD 1080p, 1000 lumeni, Gri, Mini Proiector cu USB, HDMI, Ideal pentru Home Cinema, Gaming si Prezentari|Transform\u0103 orice camer\u0103 \u00eentr-o experien\u021b\u0103 cinematografic\u0103 cu Techstar G2 , un videoproiector portabil modern, elegant \u0219i u\u0219or de utilizat. Av\u00e2nd o rezolu\u021bie Full HD 1080p, luminozitate de 1000 lumeni \u0219i un design compact, Techstar G2 este companionul perfect pentru filme, jocuri \u0219i prezent\u0103ri de afaceri, oriunde te afli. Caracteristici esen\u021biale: Rezolu\u021bie Full HD 1080p \u2013 Bucur\u0103-te de detalii fine \u0219i claritate uimitoare pentru toate tipurile de con\u021binut video. Luminozitate 1000 || Techstar.ro <\/p>\n<p>Disponibilitate: In Stoc<\/p>\n","protected":false},"excerpt":{"rendered":"<p>Transform\u0103 orice camer\u0103 \u00eentr-o experien\u021b\u0103 cinematografic\u0103 cu Techstar G2 , un videoproiector portabil modern, elegant \u0219i u\u0219or de utilizat. Av\u00e2nd o rezolu\u021bie Full HD 1080p, luminozitate de 1000 lumeni \u0219i un design compact, Techstar G2 este companionul perfect pentru filme, jocuri \u0219i prezent\u0103ri de afaceri, oriunde te afli. Caracteristici esen\u021biale: Rezolu\u021bie Full HD 1080p \u2013 Bucur\u0103-te de detalii fine \u0219i claritate uimitoare pentru toate tipurile de con\u021binut video. Luminozitate 1000<a class=\"button\" href=\"https:\/\/bitsmag.ro\/aff\/shop\/techstar-ro\/videoproiectoare\/videoproiector-portabil-techstar-g2-full-hd-1080p-1000-lumeni-gri-mini-proiector-cu-usb-hdmi-ideal-pentru-home-cinema-gaming-si-prezentari\/\" title=\"More\">Read more<\/a><\/p>\n","protected":false},"featured_media":82208,"comment_status":"open","ping_status":"open","template":"","meta":{"_acf_changed":false},"product_brand":[],"product_cat":[175,13534],"product_tag":[],"class_list":{"0":"post-85090","1":"product","2":"type-product","3":"status-publish","4":"has-post-thumbnail","6":"product_cat-techstar-ro","7":"product_cat-videoproiectoare","8":"pa_stock-disponibilitate-in-stoc","10":"first","11":"instock","12":"sale","13":"product-type-external"},"acf":[],"_links":{"self":[{"href":"https:\/\/bitsmag.ro\/aff\/wp-json\/wp\/v2\/product\/85090","targetHints":{"allow":["GET"]}}],"collection":[{"href":"https:\/\/bitsmag.ro\/aff\/wp-json\/wp\/v2\/product"}],"about":[{"href":"https:\/\/bitsmag.ro\/aff\/wp-json\/wp\/v2\/types\/product"}],"replies":[{"embeddable":true,"href":"https:\/\/bitsmag.ro\/aff\/wp-json\/wp\/v2\/comments?post=85090"}],"wp:featuredmedia":[{"embeddable":true,"href":"https:\/\/bitsmag.ro\/aff\/wp-json\/wp\/v2\/media\/82208"}],"wp:attachment":[{"href":"https:\/\/bitsmag.ro\/aff\/wp-json\/wp\/v2\/media?parent=85090"}],"wp:term":[{"taxonomy":"product_brand","embeddable":true,"href":"https:\/\/bitsmag.ro\/aff\/wp-json\/wp\/v2\/product_brand?post=85090"},{"taxonomy":"product_cat","embeddable":true,"href":"https:\/\/bitsmag.ro\/aff\/wp-json\/wp\/v2\/product_cat?post=85090"},{"taxonomy":"product_tag","embeddable":true,"href":"https:\/\/bitsmag.ro\/aff\/wp-json\/wp\/v2\/product_tag?post=85090"}],"curies":[{"name":"wp","href":"https:\/\/api.w.org\/{rel}","templated":true}]}}