{"id":85109,"date":"2024-11-09T17:02:09","date_gmt":"2024-11-09T17:02:09","guid":{"rendered":"https:\/\/bitsmag.ro\/aff\/shop\/uncategorized\/emulator-universal-auto-techstar-squ-of110-diagnosticare-immo-programare-chei-ecu-bypass-blocare-volan-senzori-scaun-airbag\/"},"modified":"2024-11-09T17:02:19","modified_gmt":"2024-11-09T17:02:19","slug":"emulator-universal-auto-techstar-squ-of110-diagnosticare-immo-programare-chei-ecu-bypass-blocare-volan-senzori-scaun-airbag","status":"publish","type":"product","link":"https:\/\/bitsmag.ro\/aff\/shop\/techstar-ro\/storcatoare-fructe\/emulator-universal-auto-techstar-squ-of110-diagnosticare-immo-programare-chei-ecu-bypass-blocare-volan-senzori-scaun-airbag\/","title":{"rendered":"Emulator Universal Auto Techstar\u00ae SQU OF110, Diagnosticare IMMO, Programare Chei ECU, Bypass Blocare Volan, Senzori Scaun Airbag"},"content":{"rendered":"<p>Emulator Universal Auto Techstar\u00ae SQU OF110, Diagnosticare IMMO, Programare Chei ECU, Bypass Blocare Volan, Senzori Scaun Airbag|Introducere: SQU OF110 Emulator Pro este un dispozitiv avansat \u0219i versatil, utilizat pe scar\u0103 larg\u0103 \u00een domeniul emulatorilor auto pentru repara\u021bii rapide \u0219i eficiente ale sistemului IMMO (Imobilizator). Acest emulator ofer\u0103 o solu\u021bie accesibil\u0103 \u0219i fiabil\u0103 pentru diverse probleme electronice \u00eent\u00e2lnite frecvent \u00een vehicule, precum defec\u021biunile imobilizatorului, \u00eenlocuirea motorului, pierderea cheilor ECU, defec\u021biuni ale bloc\u0103rii electronice a volanului (ESL\/ELV) \u0219i senzorii scaunului || Techstar.ro <\/p>\n<p>Disponibilitate: In Stoc<\/p>\n","protected":false},"excerpt":{"rendered":"<p>Introducere: SQU OF110 Emulator Pro este un dispozitiv avansat \u0219i versatil, utilizat pe scar\u0103 larg\u0103 \u00een domeniul emulatorilor auto pentru repara\u021bii rapide \u0219i eficiente ale sistemului IMMO (Imobilizator). Acest emulator ofer\u0103 o solu\u021bie accesibil\u0103 \u0219i fiabil\u0103 pentru diverse probleme electronice \u00eent\u00e2lnite frecvent \u00een vehicule, precum defec\u021biunile imobilizatorului, \u00eenlocuirea motorului, pierderea cheilor ECU, defec\u021biuni ale bloc\u0103rii electronice a volanului (ESL\/ELV) \u0219i senzorii scaunului<a class=\"button\" href=\"https:\/\/bitsmag.ro\/aff\/shop\/techstar-ro\/storcatoare-fructe\/emulator-universal-auto-techstar-squ-of110-diagnosticare-immo-programare-chei-ecu-bypass-blocare-volan-senzori-scaun-airbag\/\" title=\"More\">Read more<\/a><\/p>\n","protected":false},"featured_media":69763,"comment_status":"open","ping_status":"open","template":"","meta":{"_acf_changed":false},"product_brand":[],"product_cat":[13544,175],"product_tag":[],"class_list":{"0":"post-85109","1":"product","2":"type-product","3":"status-publish","4":"has-post-thumbnail","6":"product_cat-storcatoare-fructe","7":"product_cat-techstar-ro","8":"pa_stock-disponibilitate-in-stoc","10":"first","11":"instock","12":"sale","13":"product-type-external"},"acf":[],"_links":{"self":[{"href":"https:\/\/bitsmag.ro\/aff\/wp-json\/wp\/v2\/product\/85109","targetHints":{"allow":["GET"]}}],"collection":[{"href":"https:\/\/bitsmag.ro\/aff\/wp-json\/wp\/v2\/product"}],"about":[{"href":"https:\/\/bitsmag.ro\/aff\/wp-json\/wp\/v2\/types\/product"}],"replies":[{"embeddable":true,"href":"https:\/\/bitsmag.ro\/aff\/wp-json\/wp\/v2\/comments?post=85109"}],"wp:featuredmedia":[{"embeddable":true,"href":"https:\/\/bitsmag.ro\/aff\/wp-json\/wp\/v2\/media\/69763"}],"wp:attachment":[{"href":"https:\/\/bitsmag.ro\/aff\/wp-json\/wp\/v2\/media?parent=85109"}],"wp:term":[{"taxonomy":"product_brand","embeddable":true,"href":"https:\/\/bitsmag.ro\/aff\/wp-json\/wp\/v2\/product_brand?post=85109"},{"taxonomy":"product_cat","embeddable":true,"href":"https:\/\/bitsmag.ro\/aff\/wp-json\/wp\/v2\/product_cat?post=85109"},{"taxonomy":"product_tag","embeddable":true,"href":"https:\/\/bitsmag.ro\/aff\/wp-json\/wp\/v2\/product_tag?post=85109"}],"curies":[{"name":"wp","href":"https:\/\/api.w.org\/{rel}","templated":true}]}}