{"id":85116,"date":"2025-04-21T16:57:01","date_gmt":"2025-04-21T16:57:01","guid":{"rendered":"https:\/\/bitsmag.ro\/aff\/shop\/uncategorized\/lustra-industriala-techstar-cu-8-lumini-e27-metal-negru-si-auriu-satinat-design-nordic-scandinav\/"},"modified":"2025-04-21T16:57:18","modified_gmt":"2025-04-21T16:57:18","slug":"lustra-industriala-techstar-cu-8-lumini-e27-metal-negru-si-auriu-satinat-design-nordic-scandinav","status":"publish","type":"product","link":"https:\/\/bitsmag.ro\/aff\/shop\/techstar-ro\/wallwasher-led\/lustra-industriala-techstar-cu-8-lumini-e27-metal-negru-si-auriu-satinat-design-nordic-scandinav\/","title":{"rendered":"Lustra Industriala Techstar\u00ae cu 8 Lumini E27, Metal Negru si Auriu Satinat, Design Nordic Scandinav"},"content":{"rendered":"<p>Lustra Industriala Techstar\u00ae cu 8 Lumini E27, Metal Negru si Auriu Satinat, Design Nordic Scandinav|Aceast\u0103 lustr\u0103 modern\u0103 cu 8 l\u0103mpi este o interpretare elegant\u0103 a stilului industrial combinat cu influen\u021be de design mid-century. Cu un aspect sofisticat \u0219i un finisaj \u00een negru mat \u0219i auriu, acest candelabru stil Sputnik aduce un plus de rafinament \u0219i func\u021bionalitate \u00een orice \u00eenc\u0103pere. Caracteristici Cheie: Design \u0219i Construc\u021bie: Lustra dispune de un design distinctiv cu dou\u0103 niveluri, av\u00e2nd bra\u021be multiple care se extind radial, cre\u00e2nd un efect dinamic \u0219i tridimensional. || Techstar.ro <\/p>\n<p>Disponibilitate: In Stoc<\/p>\n","protected":false},"excerpt":{"rendered":"<p>Aceast\u0103 lustr\u0103 modern\u0103 cu 8 l\u0103mpi este o interpretare elegant\u0103 a stilului industrial combinat cu influen\u021be de design mid-century. Cu un aspect sofisticat \u0219i un finisaj \u00een negru mat \u0219i auriu, acest candelabru stil Sputnik aduce un plus de rafinament \u0219i func\u021bionalitate \u00een orice \u00eenc\u0103pere. Caracteristici Cheie: Design \u0219i Construc\u021bie: Lustra dispune de un design distinctiv cu dou\u0103 niveluri, av\u00e2nd bra\u021be multiple care se extind radial, cre\u00e2nd un efect dinamic \u0219i tridimensional.<a class=\"button\" href=\"https:\/\/bitsmag.ro\/aff\/shop\/techstar-ro\/wallwasher-led\/lustra-industriala-techstar-cu-8-lumini-e27-metal-negru-si-auriu-satinat-design-nordic-scandinav\/\" title=\"More\">Read more<\/a><\/p>\n","protected":false},"featured_media":69777,"comment_status":"open","ping_status":"open","template":"","meta":{"_acf_changed":false},"product_brand":[],"product_cat":[175,13546],"product_tag":[],"class_list":{"0":"post-85116","1":"product","2":"type-product","3":"status-publish","4":"has-post-thumbnail","6":"product_cat-techstar-ro","7":"product_cat-wallwasher-led","8":"pa_stock-disponibilitate-in-stoc","10":"first","11":"instock","12":"sale","13":"product-type-external"},"acf":[],"_links":{"self":[{"href":"https:\/\/bitsmag.ro\/aff\/wp-json\/wp\/v2\/product\/85116","targetHints":{"allow":["GET"]}}],"collection":[{"href":"https:\/\/bitsmag.ro\/aff\/wp-json\/wp\/v2\/product"}],"about":[{"href":"https:\/\/bitsmag.ro\/aff\/wp-json\/wp\/v2\/types\/product"}],"replies":[{"embeddable":true,"href":"https:\/\/bitsmag.ro\/aff\/wp-json\/wp\/v2\/comments?post=85116"}],"wp:featuredmedia":[{"embeddable":true,"href":"https:\/\/bitsmag.ro\/aff\/wp-json\/wp\/v2\/media\/69777"}],"wp:attachment":[{"href":"https:\/\/bitsmag.ro\/aff\/wp-json\/wp\/v2\/media?parent=85116"}],"wp:term":[{"taxonomy":"product_brand","embeddable":true,"href":"https:\/\/bitsmag.ro\/aff\/wp-json\/wp\/v2\/product_brand?post=85116"},{"taxonomy":"product_cat","embeddable":true,"href":"https:\/\/bitsmag.ro\/aff\/wp-json\/wp\/v2\/product_cat?post=85116"},{"taxonomy":"product_tag","embeddable":true,"href":"https:\/\/bitsmag.ro\/aff\/wp-json\/wp\/v2\/product_tag?post=85116"}],"curies":[{"name":"wp","href":"https:\/\/api.w.org\/{rel}","templated":true}]}}