{"id":85118,"date":"2025-08-01T12:58:14","date_gmt":"2025-08-01T12:58:14","guid":{"rendered":"https:\/\/bitsmag.ro\/aff\/shop\/uncategorized\/lustra-industriala-techstar-cu-6-lumini-e27-metal-negru-si-auriu-satinat-design-nordic-scandinav\/"},"modified":"2025-08-01T12:58:19","modified_gmt":"2025-08-01T12:58:19","slug":"lustra-industriala-techstar-cu-6-lumini-e27-metal-negru-si-auriu-satinat-design-nordic-scandinav","status":"publish","type":"product","link":"https:\/\/bitsmag.ro\/aff\/shop\/techstar-ro\/wallwasher-led\/lustra-industriala-techstar-cu-6-lumini-e27-metal-negru-si-auriu-satinat-design-nordic-scandinav\/","title":{"rendered":"Lustra Industriala Techstar\u00ae cu 6 Lumini E27, Metal Negru si Auriu Satinat, Design Nordic Scandinav"},"content":{"rendered":"<p>Lustra Industriala Techstar\u00ae cu 6 Lumini E27, Metal Negru si Auriu Satinat, Design Nordic Scandinav|Aceast\u0103 lustr\u0103 modern\u0103 industrial\u0103 cu \u0219ase l\u0103mpi, cunoscut\u0103 sub denumirea de candelabru Sputnik, este o alegere ideal\u0103 pentru cei care doresc s\u0103 \u00eembine designul modern cu influen\u021bele stilului mid-century. Proiectat\u0103 cu dou\u0103 niveluri \u0219i finisaje elegante \u00een negru mat \u0219i auriu, acest candelabru adaug\u0103 o not\u0103 sofisticat\u0103 oric\u0103rui spa\u021biu interior. Caracteristici Cheie: Design \u0219i Construc\u021bie: Lustra are un design inspirat din stilul mid-century modern, fiind caracterizat\u0103 de bra\u021be || Techstar.ro <\/p>\n<p>Disponibilitate: In Stoc<\/p>\n","protected":false},"excerpt":{"rendered":"<p>Aceast\u0103 lustr\u0103 modern\u0103 industrial\u0103 cu \u0219ase l\u0103mpi, cunoscut\u0103 sub denumirea de candelabru Sputnik, este o alegere ideal\u0103 pentru cei care doresc s\u0103 \u00eembine designul modern cu influen\u021bele stilului mid-century. Proiectat\u0103 cu dou\u0103 niveluri \u0219i finisaje elegante \u00een negru mat \u0219i auriu, acest candelabru adaug\u0103 o not\u0103 sofisticat\u0103 oric\u0103rui spa\u021biu interior. Caracteristici Cheie: Design \u0219i Construc\u021bie: Lustra are un design inspirat din stilul mid-century modern, fiind caracterizat\u0103 de bra\u021be<a class=\"button\" href=\"https:\/\/bitsmag.ro\/aff\/shop\/techstar-ro\/wallwasher-led\/lustra-industriala-techstar-cu-6-lumini-e27-metal-negru-si-auriu-satinat-design-nordic-scandinav\/\" title=\"More\">Read more<\/a><\/p>\n","protected":false},"featured_media":69782,"comment_status":"open","ping_status":"open","template":"","meta":{"_acf_changed":false},"product_brand":[],"product_cat":[175,13546],"product_tag":[],"class_list":{"0":"post-85118","1":"product","2":"type-product","3":"status-publish","4":"has-post-thumbnail","6":"product_cat-techstar-ro","7":"product_cat-wallwasher-led","8":"pa_stock-disponibilitate-in-stoc","10":"first","11":"instock","12":"sale","13":"product-type-external"},"acf":[],"_links":{"self":[{"href":"https:\/\/bitsmag.ro\/aff\/wp-json\/wp\/v2\/product\/85118","targetHints":{"allow":["GET"]}}],"collection":[{"href":"https:\/\/bitsmag.ro\/aff\/wp-json\/wp\/v2\/product"}],"about":[{"href":"https:\/\/bitsmag.ro\/aff\/wp-json\/wp\/v2\/types\/product"}],"replies":[{"embeddable":true,"href":"https:\/\/bitsmag.ro\/aff\/wp-json\/wp\/v2\/comments?post=85118"}],"wp:featuredmedia":[{"embeddable":true,"href":"https:\/\/bitsmag.ro\/aff\/wp-json\/wp\/v2\/media\/69782"}],"wp:attachment":[{"href":"https:\/\/bitsmag.ro\/aff\/wp-json\/wp\/v2\/media?parent=85118"}],"wp:term":[{"taxonomy":"product_brand","embeddable":true,"href":"https:\/\/bitsmag.ro\/aff\/wp-json\/wp\/v2\/product_brand?post=85118"},{"taxonomy":"product_cat","embeddable":true,"href":"https:\/\/bitsmag.ro\/aff\/wp-json\/wp\/v2\/product_cat?post=85118"},{"taxonomy":"product_tag","embeddable":true,"href":"https:\/\/bitsmag.ro\/aff\/wp-json\/wp\/v2\/product_tag?post=85118"}],"curies":[{"name":"wp","href":"https:\/\/api.w.org\/{rel}","templated":true}]}}