{"id":85140,"date":"2025-08-01T12:58:14","date_gmt":"2025-08-01T12:58:14","guid":{"rendered":"https:\/\/bitsmag.ro\/aff\/shop\/uncategorized\/aplica-de-tavan-interior-techstar-5w-negru-6500k-led-ip44-design-modern\/"},"modified":"2025-08-01T12:58:24","modified_gmt":"2025-08-01T12:58:24","slug":"aplica-de-tavan-interior-techstar-5w-negru-6500k-led-ip44-design-modern","status":"publish","type":"product","link":"https:\/\/bitsmag.ro\/aff\/shop\/techstar-ro\/cartuse-toner-hp\/aplica-de-tavan-interior-techstar-5w-negru-6500k-led-ip44-design-modern\/","title":{"rendered":"Aplica de Tavan Interior Techstar\u00ae 5W, Negru, 6500K, LED, IP44, Design Modern"},"content":{"rendered":"<p>Aplica de Tavan Interior Techstar\u00ae 5W, Negru, 6500K, LED, IP44, Design Modern|Ad\u0103uga\u021bi un plus de elegan\u021b\u0103 \u0219i func\u021bionalitate spa\u021biilor interioare cu aplica de perete LED de 5W, un produs care combin\u0103 eficien\u021ba energetic\u0103 cu un design modern \u0219i sofisticat. Aceast\u0103 aplica este ideal\u0103 pentru a oferi o lumin\u0103 de \u00eenalt\u0103 calitate \u00een diverse spa\u021bii interioare, precum holuri, b\u0103i, coridoare sau camere de zi. Caracteristici principale: Eficien\u021b\u0103 Energetic\u0103: Aplica LED de 5W ofer\u0103 o lumin\u0103 puternic\u0103 \u0219i clar\u0103, cu un consum redus de energie, contribuind la economisirea || Techstar.ro <\/p>\n<p>Disponibilitate: In Stoc<\/p>\n","protected":false},"excerpt":{"rendered":"<p>Ad\u0103uga\u021bi un plus de elegan\u021b\u0103 \u0219i func\u021bionalitate spa\u021biilor interioare cu aplica de perete LED de 5W, un produs care combin\u0103 eficien\u021ba energetic\u0103 cu un design modern \u0219i sofisticat. Aceast\u0103 aplica este ideal\u0103 pentru a oferi o lumin\u0103 de \u00eenalt\u0103 calitate \u00een diverse spa\u021bii interioare, precum holuri, b\u0103i, coridoare sau camere de zi. Caracteristici principale: Eficien\u021b\u0103 Energetic\u0103: Aplica LED de 5W ofer\u0103 o lumin\u0103 puternic\u0103 \u0219i clar\u0103, cu un consum redus de energie, contribuind la economisirea<a class=\"button\" href=\"https:\/\/bitsmag.ro\/aff\/shop\/techstar-ro\/cartuse-toner-hp\/aplica-de-tavan-interior-techstar-5w-negru-6500k-led-ip44-design-modern\/\" title=\"More\">Read more<\/a><\/p>\n","protected":false},"featured_media":69826,"comment_status":"open","ping_status":"open","template":"","meta":{"_acf_changed":false},"product_brand":[],"product_cat":[13547,175],"product_tag":[],"class_list":{"0":"post-85140","1":"product","2":"type-product","3":"status-publish","4":"has-post-thumbnail","6":"product_cat-cartuse-toner-hp","7":"product_cat-techstar-ro","8":"pa_stock-disponibilitate-in-stoc","10":"first","11":"instock","12":"sale","13":"product-type-external"},"acf":[],"_links":{"self":[{"href":"https:\/\/bitsmag.ro\/aff\/wp-json\/wp\/v2\/product\/85140","targetHints":{"allow":["GET"]}}],"collection":[{"href":"https:\/\/bitsmag.ro\/aff\/wp-json\/wp\/v2\/product"}],"about":[{"href":"https:\/\/bitsmag.ro\/aff\/wp-json\/wp\/v2\/types\/product"}],"replies":[{"embeddable":true,"href":"https:\/\/bitsmag.ro\/aff\/wp-json\/wp\/v2\/comments?post=85140"}],"wp:featuredmedia":[{"embeddable":true,"href":"https:\/\/bitsmag.ro\/aff\/wp-json\/wp\/v2\/media\/69826"}],"wp:attachment":[{"href":"https:\/\/bitsmag.ro\/aff\/wp-json\/wp\/v2\/media?parent=85140"}],"wp:term":[{"taxonomy":"product_brand","embeddable":true,"href":"https:\/\/bitsmag.ro\/aff\/wp-json\/wp\/v2\/product_brand?post=85140"},{"taxonomy":"product_cat","embeddable":true,"href":"https:\/\/bitsmag.ro\/aff\/wp-json\/wp\/v2\/product_cat?post=85140"},{"taxonomy":"product_tag","embeddable":true,"href":"https:\/\/bitsmag.ro\/aff\/wp-json\/wp\/v2\/product_tag?post=85140"}],"curies":[{"name":"wp","href":"https:\/\/api.w.org\/{rel}","templated":true}]}}