{"id":85192,"date":"2025-11-24T12:23:09","date_gmt":"2025-11-24T12:23:09","guid":{"rendered":"https:\/\/bitsmag.ro\/aff\/shop\/uncategorized\/incarcator-baterie-auto-cu-microprocesor-foxsur-b0228-y-12-24v-4-8a-display-lcd-functie-de-reparare-cu-puls-170x98x58mm-galben\/"},"modified":"2025-11-24T12:23:11","modified_gmt":"2025-11-24T12:23:11","slug":"incarcator-baterie-auto-cu-microprocesor-foxsur-b0228-y-12-24v-4-8a-display-lcd-functie-de-reparare-cu-puls-170x98x58mm-galben","status":"publish","type":"product","link":"https:\/\/bitsmag.ro\/aff\/shop\/techstar-ro\/redresoare-si-incarcatoare-baterie-auto\/incarcator-baterie-auto-cu-microprocesor-foxsur-b0228-y-12-24v-4-8a-display-lcd-functie-de-reparare-cu-puls-170x98x58mm-galben\/","title":{"rendered":"Incarcator Baterie Auto Cu Microprocesor Foxsur B0228-Y, 12\/24V, 4\/8A, Display LCD, Functie De Reparare Cu Puls, 170x98x58mm, Galben"},"content":{"rendered":"<p>Incarcator Baterie Auto Cu Microprocesor Foxsur B0228-Y, 12\/24V, 4\/8A, Display LCD, Functie De Reparare Cu Puls, 170x98x58mm, Galben|Incarcatorul pentru Baterie Auto Cu Microprocesor Foxsur B0228-Y este echipat cu un afisaj LCD inteligent care ofer\u0103 o serie de func\u021bii \u0219i protec\u021bii avansate pentru bateriile cu plumb-acid. Caracteristici principale: Afi\u0219aj digital inteligent: Detecteaz\u0103 automat temperatura exterioar\u0103. Afi\u0219eaz\u0103 curent, tensiune \u0219i putere pentru o operare u\u0219oar\u0103. \u00cenc\u0103rcare inteligent\u0103 f\u0103r\u0103 reglare manual\u0103. Afi\u0219aj carusel automat de date care arat\u0103 temperatura \u0219i tensiunea de \u00eenc\u0103rcare. || Techstar.ro <\/p>\n<p>Disponibilitate: In Stoc<\/p>\n","protected":false},"excerpt":{"rendered":"<p>Incarcatorul pentru Baterie Auto Cu Microprocesor Foxsur B0228-Y este echipat cu un afisaj LCD inteligent care ofer\u0103 o serie de func\u021bii \u0219i protec\u021bii avansate pentru bateriile cu plumb-acid. Caracteristici principale: Afi\u0219aj digital inteligent: Detecteaz\u0103 automat temperatura exterioar\u0103. Afi\u0219eaz\u0103 curent, tensiune \u0219i putere pentru o operare u\u0219oar\u0103. \u00cenc\u0103rcare inteligent\u0103 f\u0103r\u0103 reglare manual\u0103. Afi\u0219aj carusel automat de date care arat\u0103 temperatura \u0219i tensiunea de \u00eenc\u0103rcare.<a class=\"button\" href=\"https:\/\/bitsmag.ro\/aff\/shop\/techstar-ro\/redresoare-si-incarcatoare-baterie-auto\/incarcator-baterie-auto-cu-microprocesor-foxsur-b0228-y-12-24v-4-8a-display-lcd-functie-de-reparare-cu-puls-170x98x58mm-galben\/\" title=\"More\">Read more<\/a><\/p>\n","protected":false},"featured_media":69945,"comment_status":"open","ping_status":"open","template":"","meta":{"_acf_changed":false},"product_brand":[],"product_cat":[13550,175],"product_tag":[],"class_list":{"0":"post-85192","1":"product","2":"type-product","3":"status-publish","4":"has-post-thumbnail","6":"product_cat-redresoare-si-incarcatoare-baterie-auto","7":"product_cat-techstar-ro","8":"pa_stock-disponibilitate-in-stoc","10":"first","11":"instock","12":"sale","13":"product-type-external"},"acf":[],"_links":{"self":[{"href":"https:\/\/bitsmag.ro\/aff\/wp-json\/wp\/v2\/product\/85192","targetHints":{"allow":["GET"]}}],"collection":[{"href":"https:\/\/bitsmag.ro\/aff\/wp-json\/wp\/v2\/product"}],"about":[{"href":"https:\/\/bitsmag.ro\/aff\/wp-json\/wp\/v2\/types\/product"}],"replies":[{"embeddable":true,"href":"https:\/\/bitsmag.ro\/aff\/wp-json\/wp\/v2\/comments?post=85192"}],"wp:featuredmedia":[{"embeddable":true,"href":"https:\/\/bitsmag.ro\/aff\/wp-json\/wp\/v2\/media\/69945"}],"wp:attachment":[{"href":"https:\/\/bitsmag.ro\/aff\/wp-json\/wp\/v2\/media?parent=85192"}],"wp:term":[{"taxonomy":"product_brand","embeddable":true,"href":"https:\/\/bitsmag.ro\/aff\/wp-json\/wp\/v2\/product_brand?post=85192"},{"taxonomy":"product_cat","embeddable":true,"href":"https:\/\/bitsmag.ro\/aff\/wp-json\/wp\/v2\/product_cat?post=85192"},{"taxonomy":"product_tag","embeddable":true,"href":"https:\/\/bitsmag.ro\/aff\/wp-json\/wp\/v2\/product_tag?post=85192"}],"curies":[{"name":"wp","href":"https:\/\/api.w.org\/{rel}","templated":true}]}}