{"id":85202,"date":"2025-08-01T12:58:49","date_gmt":"2025-08-01T12:58:49","guid":{"rendered":"https:\/\/bitsmag.ro\/aff\/shop\/uncategorized\/set-12-piese-pentru-demontare-tapiterie-sau-elemente-auto-de-interior-techstar-d0087-plastic-portocaliu\/"},"modified":"2025-08-01T12:58:55","modified_gmt":"2025-08-01T12:58:55","slug":"set-12-piese-pentru-demontare-tapiterie-sau-elemente-auto-de-interior-techstar-d0087-plastic-portocaliu","status":"publish","type":"product","link":"https:\/\/bitsmag.ro\/aff\/shop\/techstar-ro\/scule-si-unelte-reparatie-auto\/set-12-piese-pentru-demontare-tapiterie-sau-elemente-auto-de-interior-techstar-d0087-plastic-portocaliu\/","title":{"rendered":"Set 12 piese pentru demontare tapiterie sau elemente auto de interior, Techstar\u00ae D0087, plastic, portocaliu"},"content":{"rendered":"<p>Set 12 piese pentru demontare tapiterie sau elemente auto de interior, Techstar\u00ae D0087, plastic, portocaliu|Set de instrumente multifunc\u021bionale Techstar\u00ae D0087 pentru \u00eendep\u0103rtarea ornamentelor cu dispozitiv de fixare sunt ideale pentru dezasamblarea \u0219i asamblarea de radiouri, grile difuzoare, panou, ecran LCD, tablou de bord, ornamente, asamblare, panouri u\u0219i, alte sisteme video \u0219i audio pe ma\u0219ini. Multifunc\u021bionale \u0219i universale: varietatea de modele \u0219i dimensiuni ale setului de unelte de buzunar multifunc\u021bionale le permite s\u0103 fie utilizate \u00een multe domenii. Sunt ideale pentru lucr\u0103ri mici \u0219i || Techstar.ro <\/p>\n<p>Disponibilitate: In Stoc<\/p>\n","protected":false},"excerpt":{"rendered":"<p>Set de instrumente multifunc\u021bionale Techstar\u00ae D0087 pentru \u00eendep\u0103rtarea ornamentelor cu dispozitiv de fixare sunt ideale pentru dezasamblarea \u0219i asamblarea de radiouri, grile difuzoare, panou, ecran LCD, tablou de bord, ornamente, asamblare, panouri u\u0219i, alte sisteme video \u0219i audio pe ma\u0219ini. Multifunc\u021bionale \u0219i universale: varietatea de modele \u0219i dimensiuni ale setului de unelte de buzunar multifunc\u021bionale le permite s\u0103 fie utilizate \u00een multe domenii. Sunt ideale pentru lucr\u0103ri mici \u0219i<a class=\"button\" href=\"https:\/\/bitsmag.ro\/aff\/shop\/techstar-ro\/scule-si-unelte-reparatie-auto\/set-12-piese-pentru-demontare-tapiterie-sau-elemente-auto-de-interior-techstar-d0087-plastic-portocaliu\/\" title=\"More\">Read more<\/a><\/p>\n","protected":false},"featured_media":69973,"comment_status":"open","ping_status":"open","template":"","meta":{"_acf_changed":false},"product_brand":[],"product_cat":[13553,175],"product_tag":[],"class_list":{"0":"post-85202","1":"product","2":"type-product","3":"status-publish","4":"has-post-thumbnail","6":"product_cat-scule-si-unelte-reparatie-auto","7":"product_cat-techstar-ro","8":"pa_stock-disponibilitate-in-stoc","10":"first","11":"instock","12":"product-type-external"},"acf":[],"_links":{"self":[{"href":"https:\/\/bitsmag.ro\/aff\/wp-json\/wp\/v2\/product\/85202","targetHints":{"allow":["GET"]}}],"collection":[{"href":"https:\/\/bitsmag.ro\/aff\/wp-json\/wp\/v2\/product"}],"about":[{"href":"https:\/\/bitsmag.ro\/aff\/wp-json\/wp\/v2\/types\/product"}],"replies":[{"embeddable":true,"href":"https:\/\/bitsmag.ro\/aff\/wp-json\/wp\/v2\/comments?post=85202"}],"wp:featuredmedia":[{"embeddable":true,"href":"https:\/\/bitsmag.ro\/aff\/wp-json\/wp\/v2\/media\/69973"}],"wp:attachment":[{"href":"https:\/\/bitsmag.ro\/aff\/wp-json\/wp\/v2\/media?parent=85202"}],"wp:term":[{"taxonomy":"product_brand","embeddable":true,"href":"https:\/\/bitsmag.ro\/aff\/wp-json\/wp\/v2\/product_brand?post=85202"},{"taxonomy":"product_cat","embeddable":true,"href":"https:\/\/bitsmag.ro\/aff\/wp-json\/wp\/v2\/product_cat?post=85202"},{"taxonomy":"product_tag","embeddable":true,"href":"https:\/\/bitsmag.ro\/aff\/wp-json\/wp\/v2\/product_tag?post=85202"}],"curies":[{"name":"wp","href":"https:\/\/api.w.org\/{rel}","templated":true}]}}