{"id":85206,"date":"2025-08-01T12:58:49","date_gmt":"2025-08-01T12:58:49","guid":{"rendered":"https:\/\/bitsmag.ro\/aff\/shop\/uncategorized\/set-dispozitiv-anti-pierdere-viecar-dw01-gps-tracker-bluetooth-smart-tag-cu-alarma-compatibil-cu-ios-find-my-localizare-in-timp-real-pentru-copii-animale-auto-chei-bagaje-alb\/"},"modified":"2025-08-01T12:58:55","modified_gmt":"2025-08-01T12:58:55","slug":"set-dispozitiv-anti-pierdere-viecar-dw01-gps-tracker-bluetooth-smart-tag-cu-alarma-compatibil-cu-ios-find-my-localizare-in-timp-real-pentru-copii-animale-auto-chei-bagaje-alb","status":"publish","type":"product","link":"https:\/\/bitsmag.ro\/aff\/shop\/techstar-ro\/suporturi-tv\/set-dispozitiv-anti-pierdere-viecar-dw01-gps-tracker-bluetooth-smart-tag-cu-alarma-compatibil-cu-ios-find-my-localizare-in-timp-real-pentru-copii-animale-auto-chei-bagaje-alb\/","title":{"rendered":"Set Dispozitiv Anti-pierdere Viecar DW01 GPS Tracker, Bluetooth, Smart Tag cu alarma, compatibil cu iOS Find My, localizare in timp real, pentru copii, animale, auto, chei, bagaje, Alb"},"content":{"rendered":"<p>Set Dispozitiv Anti-pierdere Viecar DW01 GPS Tracker, Bluetooth, Smart Tag cu alarma, compatibil cu iOS Find My, localizare in timp real, pentru copii, animale, auto, chei, bagaje, Alb|Viecar DW01 este un pandantiv inteligent pentru utilizatorii Apple care v\u0103 face via\u021ba mai u\u0219oar\u0103. Acesta serve\u0219te ca un gardian personal al lucrurilor tale, doar prinde-l de chei, pune-l \u00een portofel sau prinde-l de rucsac \u0219i vei vedea loca\u021bia acestuia pe o hart\u0103 \u00een aplica\u021bia Apple Find My. Este o solu\u021bie simpl\u0103 \u0219i eficient\u0103 pentru urm\u0103rirea \u0219i g\u0103sirea obiectelor pierdute, care func\u021bioneaz\u0103 f\u0103r\u0103 tax\u0103, dureaz\u0103 p\u00e2n\u0103 la un an \u00eenc\u0103rcat\u0103 \u0219i func\u021bioneaz\u0103 perfect \u00een ecosistemul Apple. || Techstar.ro <\/p>\n<p>Disponibilitate: In Stoc<\/p>\n","protected":false},"excerpt":{"rendered":"<p>Viecar DW01 este un pandantiv inteligent pentru utilizatorii Apple care v\u0103 face via\u021ba mai u\u0219oar\u0103. Acesta serve\u0219te ca un gardian personal al lucrurilor tale, doar prinde-l de chei, pune-l \u00een portofel sau prinde-l de rucsac \u0219i vei vedea loca\u021bia acestuia pe o hart\u0103 \u00een aplica\u021bia Apple Find My. Este o solu\u021bie simpl\u0103 \u0219i eficient\u0103 pentru urm\u0103rirea \u0219i g\u0103sirea obiectelor pierdute, care func\u021bioneaz\u0103 f\u0103r\u0103 tax\u0103, dureaz\u0103 p\u00e2n\u0103 la un an \u00eenc\u0103rcat\u0103 \u0219i func\u021bioneaz\u0103 perfect \u00een ecosistemul Apple.<a class=\"button\" href=\"https:\/\/bitsmag.ro\/aff\/shop\/techstar-ro\/suporturi-tv\/set-dispozitiv-anti-pierdere-viecar-dw01-gps-tracker-bluetooth-smart-tag-cu-alarma-compatibil-cu-ios-find-my-localizare-in-timp-real-pentru-copii-animale-auto-chei-bagaje-alb\/\" title=\"More\">Read more<\/a><\/p>\n","protected":false},"featured_media":69978,"comment_status":"open","ping_status":"open","template":"","meta":{"_acf_changed":false},"product_brand":[],"product_cat":[13554,175],"product_tag":[],"class_list":{"0":"post-85206","1":"product","2":"type-product","3":"status-publish","4":"has-post-thumbnail","6":"product_cat-suporturi-tv","7":"product_cat-techstar-ro","8":"pa_stock-disponibilitate-in-stoc","10":"first","11":"instock","12":"sale","13":"product-type-external"},"acf":[],"_links":{"self":[{"href":"https:\/\/bitsmag.ro\/aff\/wp-json\/wp\/v2\/product\/85206","targetHints":{"allow":["GET"]}}],"collection":[{"href":"https:\/\/bitsmag.ro\/aff\/wp-json\/wp\/v2\/product"}],"about":[{"href":"https:\/\/bitsmag.ro\/aff\/wp-json\/wp\/v2\/types\/product"}],"replies":[{"embeddable":true,"href":"https:\/\/bitsmag.ro\/aff\/wp-json\/wp\/v2\/comments?post=85206"}],"wp:featuredmedia":[{"embeddable":true,"href":"https:\/\/bitsmag.ro\/aff\/wp-json\/wp\/v2\/media\/69978"}],"wp:attachment":[{"href":"https:\/\/bitsmag.ro\/aff\/wp-json\/wp\/v2\/media?parent=85206"}],"wp:term":[{"taxonomy":"product_brand","embeddable":true,"href":"https:\/\/bitsmag.ro\/aff\/wp-json\/wp\/v2\/product_brand?post=85206"},{"taxonomy":"product_cat","embeddable":true,"href":"https:\/\/bitsmag.ro\/aff\/wp-json\/wp\/v2\/product_cat?post=85206"},{"taxonomy":"product_tag","embeddable":true,"href":"https:\/\/bitsmag.ro\/aff\/wp-json\/wp\/v2\/product_tag?post=85206"}],"curies":[{"name":"wp","href":"https:\/\/api.w.org\/{rel}","templated":true}]}}