{"id":85218,"date":"2025-04-21T16:57:53","date_gmt":"2025-04-21T16:57:53","guid":{"rendered":"https:\/\/bitsmag.ro\/aff\/shop\/uncategorized\/diagnoza-auto-obd2-konnwei-kw905-bluetooth-5-0-buton-on-off-compatibil-android-ios-elm-327-obdii-rosu\/"},"modified":"2025-04-21T16:57:56","modified_gmt":"2025-04-21T16:57:56","slug":"diagnoza-auto-obd2-konnwei-kw905-bluetooth-5-0-buton-on-off-compatibil-android-ios-elm-327-obdii-rosu","status":"publish","type":"product","link":"https:\/\/bitsmag.ro\/aff\/shop\/techstar-ro\/becuri\/diagnoza-auto-obd2-konnwei-kw905-bluetooth-5-0-buton-on-off-compatibil-android-ios-elm-327-obdii-rosu\/","title":{"rendered":"Diagnoza Auto OBD2 KONNWEI KW905, Bluetooth 5.0, Buton ON-OFF, Compatibil Android IOS, ELM 327 OBDII, Rosu"},"content":{"rendered":"<p>Diagnoza Auto OBD2 KONNWEI KW905, Bluetooth 5.0, Buton ON-OFF, Compatibil Android IOS, ELM 327 OBDII, Rosu|Adaptorul KONNWEI OBD II de la Techstar\u00ae este un instrument puternic de diagnosticare auto dezvoltat 1: Este compatibil cu specifica\u021biile complete OBD II\/EOBD. Diverse moduri de conectare f\u0103r\u0103 fir pentru a v\u0103 conecta smartphone-ul sau pad-ul. 2: Cite\u0219te datele \u00een timp real ale motorului ma\u0219inii, cum ar fi tura\u021bia motorului, timpul de aprindere, reglarea combustibilului, temperatura apei, consumul de combustibil. 3: Accept\u0103 o varietate de aplica\u021bii OBD II. Adpatorul KONNWEI OBD II este un || Techstar.ro <\/p>\n<p>Disponibilitate: In Stoc<\/p>\n","protected":false},"excerpt":{"rendered":"<p>Adaptorul KONNWEI OBD II de la Techstar\u00ae este un instrument puternic de diagnosticare auto dezvoltat 1: Este compatibil cu specifica\u021biile complete OBD II\/EOBD. Diverse moduri de conectare f\u0103r\u0103 fir pentru a v\u0103 conecta smartphone-ul sau pad-ul. 2: Cite\u0219te datele \u00een timp real ale motorului ma\u0219inii, cum ar fi tura\u021bia motorului, timpul de aprindere, reglarea combustibilului, temperatura apei, consumul de combustibil. 3: Accept\u0103 o varietate de aplica\u021bii OBD II. Adpatorul KONNWEI OBD II este un<a class=\"button\" href=\"https:\/\/bitsmag.ro\/aff\/shop\/techstar-ro\/becuri\/diagnoza-auto-obd2-konnwei-kw905-bluetooth-5-0-buton-on-off-compatibil-android-ios-elm-327-obdii-rosu\/\" title=\"More\">Read more<\/a><\/p>\n","protected":false},"featured_media":69997,"comment_status":"open","ping_status":"open","template":"","meta":{"_acf_changed":false},"product_brand":[],"product_cat":[13555,175],"product_tag":[],"class_list":{"0":"post-85218","1":"product","2":"type-product","3":"status-publish","4":"has-post-thumbnail","6":"product_cat-becuri","7":"product_cat-techstar-ro","8":"pa_stock-disponibilitate-in-stoc","10":"first","11":"instock","12":"product-type-external"},"acf":[],"_links":{"self":[{"href":"https:\/\/bitsmag.ro\/aff\/wp-json\/wp\/v2\/product\/85218","targetHints":{"allow":["GET"]}}],"collection":[{"href":"https:\/\/bitsmag.ro\/aff\/wp-json\/wp\/v2\/product"}],"about":[{"href":"https:\/\/bitsmag.ro\/aff\/wp-json\/wp\/v2\/types\/product"}],"replies":[{"embeddable":true,"href":"https:\/\/bitsmag.ro\/aff\/wp-json\/wp\/v2\/comments?post=85218"}],"wp:featuredmedia":[{"embeddable":true,"href":"https:\/\/bitsmag.ro\/aff\/wp-json\/wp\/v2\/media\/69997"}],"wp:attachment":[{"href":"https:\/\/bitsmag.ro\/aff\/wp-json\/wp\/v2\/media?parent=85218"}],"wp:term":[{"taxonomy":"product_brand","embeddable":true,"href":"https:\/\/bitsmag.ro\/aff\/wp-json\/wp\/v2\/product_brand?post=85218"},{"taxonomy":"product_cat","embeddable":true,"href":"https:\/\/bitsmag.ro\/aff\/wp-json\/wp\/v2\/product_cat?post=85218"},{"taxonomy":"product_tag","embeddable":true,"href":"https:\/\/bitsmag.ro\/aff\/wp-json\/wp\/v2\/product_tag?post=85218"}],"curies":[{"name":"wp","href":"https:\/\/api.w.org\/{rel}","templated":true}]}}