{"id":85245,"date":"2024-12-13T19:02:59","date_gmt":"2024-12-13T19:02:59","guid":{"rendered":"https:\/\/bitsmag.ro\/aff\/shop\/uncategorized\/bara-proiectoare-led-auto-offroad-techstar-pnb3-120w-12v-24v-6000-k-6240-lumeni-ip-67-61-cm-flood-beam-60-cu-leduri-cree-xbd-negru\/"},"modified":"2024-12-13T19:03:10","modified_gmt":"2024-12-13T19:03:10","slug":"bara-proiectoare-led-auto-offroad-techstar-pnb3-120w-12v-24v-6000-k-6240-lumeni-ip-67-61-cm-flood-beam-60-cu-leduri-cree-xbd-negru","status":"publish","type":"product","link":"https:\/\/bitsmag.ro\/aff\/shop\/techstar-ro\/bare-si-proiectoare-auto-led\/bara-proiectoare-led-auto-offroad-techstar-pnb3-120w-12v-24v-6000-k-6240-lumeni-ip-67-61-cm-flood-beam-60-cu-leduri-cree-xbd-negru\/","title":{"rendered":"Bara proiectoare LED Auto Offroad Techstar\u00ae PNB3, 120W, 12V-24V, 6000 K, 6240 Lumeni, IP 67, 61 cm, Flood Beam 60\u00b0 cu Leduri CREE XBD, Negru"},"content":{"rendered":"<p>Bara proiectoare LED Auto Offroad Techstar\u00ae PNB3, 120W, 12V-24V, 6000 K, 6240 Lumeni, IP 67, 61 cm, Flood Beam 60\u00b0 cu Leduri CREE XBD, Negru|Proiectorul LED auto pentru Off Road de la Techstar\u00ae PNB3 poate fi utilizat intr-o gama larga: Cu excep\u021bia iluminatului vehiculelor de teren, acesta poate fi aplicat \u0219i la manipularea materialelor, iluminatul ma\u0219inilor agricole, iluminatul cu LED-uri marin \u0219i luminile LED de urgen\u021b\u0103 \u0219i salvare, cum ar fi: Vehicule off-road: UTV, \u0219enilat\u0103 de nisip, buggy, ATV, SUV, camion, tren, motociclet\u0103, autobuz, rezervor etc. Vehicule de inginerie: excavator, t\u0103v\u0103lug, buldozer, macara, stivuitor \u0219i || Techstar.ro <\/p>\n<p>Disponibilitate: In Stoc<\/p>\n","protected":false},"excerpt":{"rendered":"<p>Proiectorul LED auto pentru Off Road de la Techstar\u00ae PNB3 poate fi utilizat intr-o gama larga: Cu excep\u021bia iluminatului vehiculelor de teren, acesta poate fi aplicat \u0219i la manipularea materialelor, iluminatul ma\u0219inilor agricole, iluminatul cu LED-uri marin \u0219i luminile LED de urgen\u021b\u0103 \u0219i salvare, cum ar fi: Vehicule off-road: UTV, \u0219enilat\u0103 de nisip, buggy, ATV, SUV, camion, tren, motociclet\u0103, autobuz, rezervor etc. Vehicule de inginerie: excavator, t\u0103v\u0103lug, buldozer, macara, stivuitor \u0219i<a class=\"button\" href=\"https:\/\/bitsmag.ro\/aff\/shop\/techstar-ro\/bare-si-proiectoare-auto-led\/bara-proiectoare-led-auto-offroad-techstar-pnb3-120w-12v-24v-6000-k-6240-lumeni-ip-67-61-cm-flood-beam-60-cu-leduri-cree-xbd-negru\/\" title=\"More\">Read more<\/a><\/p>\n","protected":false},"featured_media":70052,"comment_status":"open","ping_status":"open","template":"","meta":{"_acf_changed":false},"product_brand":[],"product_cat":[13561,175],"product_tag":[],"class_list":{"0":"post-85245","1":"product","2":"type-product","3":"status-publish","4":"has-post-thumbnail","6":"product_cat-bare-si-proiectoare-auto-led","7":"product_cat-techstar-ro","8":"pa_stock-disponibilitate-in-stoc","10":"first","11":"instock","12":"product-type-external"},"acf":[],"_links":{"self":[{"href":"https:\/\/bitsmag.ro\/aff\/wp-json\/wp\/v2\/product\/85245","targetHints":{"allow":["GET"]}}],"collection":[{"href":"https:\/\/bitsmag.ro\/aff\/wp-json\/wp\/v2\/product"}],"about":[{"href":"https:\/\/bitsmag.ro\/aff\/wp-json\/wp\/v2\/types\/product"}],"replies":[{"embeddable":true,"href":"https:\/\/bitsmag.ro\/aff\/wp-json\/wp\/v2\/comments?post=85245"}],"wp:featuredmedia":[{"embeddable":true,"href":"https:\/\/bitsmag.ro\/aff\/wp-json\/wp\/v2\/media\/70052"}],"wp:attachment":[{"href":"https:\/\/bitsmag.ro\/aff\/wp-json\/wp\/v2\/media?parent=85245"}],"wp:term":[{"taxonomy":"product_brand","embeddable":true,"href":"https:\/\/bitsmag.ro\/aff\/wp-json\/wp\/v2\/product_brand?post=85245"},{"taxonomy":"product_cat","embeddable":true,"href":"https:\/\/bitsmag.ro\/aff\/wp-json\/wp\/v2\/product_cat?post=85245"},{"taxonomy":"product_tag","embeddable":true,"href":"https:\/\/bitsmag.ro\/aff\/wp-json\/wp\/v2\/product_tag?post=85245"}],"curies":[{"name":"wp","href":"https:\/\/api.w.org\/{rel}","templated":true}]}}