{"id":85288,"date":"2025-04-21T16:58:09","date_gmt":"2025-04-21T16:58:09","guid":{"rendered":"https:\/\/bitsmag.ro\/aff\/shop\/uncategorized\/priza-inteligenta-techstar-ecran-lcd-color-de-24-inch-16a-monitorizarea-puterii-detectarea-tensiunii-curentului-computer-aplicatie-pentru-telefon-mobil-dispozitiv-control-de-la-distanta\/"},"modified":"2025-04-21T16:58:21","modified_gmt":"2025-04-21T16:58:21","slug":"priza-inteligenta-techstar-ecran-lcd-color-de-24-inch-16a-monitorizarea-puterii-detectarea-tensiunii-curentului-computer-aplicatie-pentru-telefon-mobil-dispozitiv-control-de-la-distanta","status":"publish","type":"product","link":"https:\/\/bitsmag.ro\/aff\/shop\/techstar-ro\/autoaparare\/priza-inteligenta-techstar-ecran-lcd-color-de-24-inch-16a-monitorizarea-puterii-detectarea-tensiunii-curentului-computer-aplicatie-pentru-telefon-mobil-dispozitiv-control-de-la-distanta\/","title":{"rendered":"Priza inteligenta Techstar\u00ae, Ecran LCD color de 2,4 inch, 16A, Monitorizarea puterii, detectarea tensiunii curentului, Computer aplica\u021bie pentru telefon mobil, Dispozitiv control de la distanta, Alb"},"content":{"rendered":"<p>Priza inteligenta Techstar\u00ae, Ecran LCD color de 2,4 inch, 16A, Monitorizarea puterii, detectarea tensiunii curentului, Computer aplica\u021bie pentru telefon mobil, Dispozitiv control de la distanta, Alb|Priza inteligenta de la Techstar\u00ae utilizeaz\u0103 un ecran LCD color de 2,4 inchi cu rezolu\u021bie clar\u0103 care poate afi\u0219a o varietate de con\u021binut, de exemplu, detectarea tensiunii, curentului, puterii, electricit\u0103\u021bii, frecven\u021bei, factorului de putere \u0219i date de m\u0103surare. Designul cu dou\u0103 moduri de control accept\u0103 controlul manual de la distan\u021b\u0103, precum \u0219i ad\u0103ugarea mai multor grupuri de cronometrare automat\u0103 \u0219i mai multe grupuri de control automat al num\u0103r\u0103torii inverse. Citirea de la distan\u021b\u0103 a || Techstar.ro <\/p>\n<p>Disponibilitate: In Stoc<\/p>\n","protected":false},"excerpt":{"rendered":"<p>Priza inteligenta de la Techstar\u00ae utilizeaz\u0103 un ecran LCD color de 2,4 inchi cu rezolu\u021bie clar\u0103 care poate afi\u0219a o varietate de con\u021binut, de exemplu, detectarea tensiunii, curentului, puterii, electricit\u0103\u021bii, frecven\u021bei, factorului de putere \u0219i date de m\u0103surare. Designul cu dou\u0103 moduri de control accept\u0103 controlul manual de la distan\u021b\u0103, precum \u0219i ad\u0103ugarea mai multor grupuri de cronometrare automat\u0103 \u0219i mai multe grupuri de control automat al num\u0103r\u0103torii inverse. Citirea de la distan\u021b\u0103 a<a class=\"button\" href=\"https:\/\/bitsmag.ro\/aff\/shop\/techstar-ro\/autoaparare\/priza-inteligenta-techstar-ecran-lcd-color-de-24-inch-16a-monitorizarea-puterii-detectarea-tensiunii-curentului-computer-aplicatie-pentru-telefon-mobil-dispozitiv-control-de-la-distanta\/\" title=\"More\">Read more<\/a><\/p>\n","protected":false},"featured_media":85290,"comment_status":"open","ping_status":"open","template":"","meta":{"_acf_changed":false},"product_brand":[],"product_cat":[13625,175],"product_tag":[],"class_list":{"0":"post-85288","1":"product","2":"type-product","3":"status-publish","4":"has-post-thumbnail","6":"product_cat-autoaparare","7":"product_cat-techstar-ro","8":"pa_stock-disponibilitate-in-stoc","10":"first","11":"instock","12":"product-type-external"},"acf":[],"_links":{"self":[{"href":"https:\/\/bitsmag.ro\/aff\/wp-json\/wp\/v2\/product\/85288","targetHints":{"allow":["GET"]}}],"collection":[{"href":"https:\/\/bitsmag.ro\/aff\/wp-json\/wp\/v2\/product"}],"about":[{"href":"https:\/\/bitsmag.ro\/aff\/wp-json\/wp\/v2\/types\/product"}],"replies":[{"embeddable":true,"href":"https:\/\/bitsmag.ro\/aff\/wp-json\/wp\/v2\/comments?post=85288"}],"wp:featuredmedia":[{"embeddable":true,"href":"https:\/\/bitsmag.ro\/aff\/wp-json\/wp\/v2\/media\/85290"}],"wp:attachment":[{"href":"https:\/\/bitsmag.ro\/aff\/wp-json\/wp\/v2\/media?parent=85288"}],"wp:term":[{"taxonomy":"product_brand","embeddable":true,"href":"https:\/\/bitsmag.ro\/aff\/wp-json\/wp\/v2\/product_brand?post=85288"},{"taxonomy":"product_cat","embeddable":true,"href":"https:\/\/bitsmag.ro\/aff\/wp-json\/wp\/v2\/product_cat?post=85288"},{"taxonomy":"product_tag","embeddable":true,"href":"https:\/\/bitsmag.ro\/aff\/wp-json\/wp\/v2\/product_tag?post=85288"}],"curies":[{"name":"wp","href":"https:\/\/api.w.org\/{rel}","templated":true}]}}