{"id":85416,"date":"2024-11-09T17:03:50","date_gmt":"2024-11-09T17:03:50","guid":{"rendered":"https:\/\/bitsmag.ro\/aff\/shop\/uncategorized\/modulator-fm-auto-wireless-t50-car-kit-bluetooth-mp3-player-dual-usb-port\/"},"modified":"2024-11-09T17:04:00","modified_gmt":"2024-11-09T17:04:00","slug":"modulator-fm-auto-wireless-t50-car-kit-bluetooth-mp3-player-dual-usb-port","status":"publish","type":"product","link":"https:\/\/bitsmag.ro\/aff\/shop\/techstar-ro\/toastere\/modulator-fm-auto-wireless-t50-car-kit-bluetooth-mp3-player-dual-usb-port\/","title":{"rendered":"Modulator FM Auto Wireless T50 Car Kit Bluetooth MP3 Player Dual Usb Port"},"content":{"rendered":"<p>Modulator FM Auto Wireless T50 Car Kit Bluetooth MP3 Player Dual Usb Port|-Pentru a ob\u021bine cea mai bun\u0103 calitate a sunetului, v\u0103 rug\u0103m a seta volumul maxim al telefonului sau al dispozitivului \u0219i apoi s\u0103 regla\u021bi volumul pentru stereo-ul ma\u0219inii dvs. Nu v\u0103 suger\u0103m s\u0103 ajusta\u021bi volumul difuzorului dumneavoastr\u0103 auto la maxim (acest lucru va aduce mult zgomot). -Se recomanda folosirea unui card maxim de 32GB, folosind un card mai mare de atat poate cauza citirea anormala a acestuia. -Se accepta utilizarea unei baterii normale de 12-24 V in masina\/ camion, || Techstar.ro <\/p>\n<p>Disponibilitate: In Stoc<\/p>\n","protected":false},"excerpt":{"rendered":"<p>-Pentru a ob\u021bine cea mai bun\u0103 calitate a sunetului, v\u0103 rug\u0103m a seta volumul maxim al telefonului sau al dispozitivului \u0219i apoi s\u0103 regla\u021bi volumul pentru stereo-ul ma\u0219inii dvs. Nu v\u0103 suger\u0103m s\u0103 ajusta\u021bi volumul difuzorului dumneavoastr\u0103 auto la maxim (acest lucru va aduce mult zgomot). -Se recomanda folosirea unui card maxim de 32GB, folosind un card mai mare de atat poate cauza citirea anormala a acestuia. -Se accepta utilizarea unei baterii normale de 12-24 V in masina\/ camion,<a class=\"button\" href=\"https:\/\/bitsmag.ro\/aff\/shop\/techstar-ro\/toastere\/modulator-fm-auto-wireless-t50-car-kit-bluetooth-mp3-player-dual-usb-port\/\" title=\"More\">Read more<\/a><\/p>\n","protected":false},"featured_media":70300,"comment_status":"open","ping_status":"open","template":"","meta":{"_acf_changed":false},"product_brand":[],"product_cat":[175,13579],"product_tag":[],"class_list":{"0":"post-85416","1":"product","2":"type-product","3":"status-publish","4":"has-post-thumbnail","6":"product_cat-techstar-ro","7":"product_cat-toastere","8":"pa_stock-disponibilitate-in-stoc","10":"first","11":"instock","12":"sale","13":"product-type-external"},"acf":[],"_links":{"self":[{"href":"https:\/\/bitsmag.ro\/aff\/wp-json\/wp\/v2\/product\/85416","targetHints":{"allow":["GET"]}}],"collection":[{"href":"https:\/\/bitsmag.ro\/aff\/wp-json\/wp\/v2\/product"}],"about":[{"href":"https:\/\/bitsmag.ro\/aff\/wp-json\/wp\/v2\/types\/product"}],"replies":[{"embeddable":true,"href":"https:\/\/bitsmag.ro\/aff\/wp-json\/wp\/v2\/comments?post=85416"}],"wp:featuredmedia":[{"embeddable":true,"href":"https:\/\/bitsmag.ro\/aff\/wp-json\/wp\/v2\/media\/70300"}],"wp:attachment":[{"href":"https:\/\/bitsmag.ro\/aff\/wp-json\/wp\/v2\/media?parent=85416"}],"wp:term":[{"taxonomy":"product_brand","embeddable":true,"href":"https:\/\/bitsmag.ro\/aff\/wp-json\/wp\/v2\/product_brand?post=85416"},{"taxonomy":"product_cat","embeddable":true,"href":"https:\/\/bitsmag.ro\/aff\/wp-json\/wp\/v2\/product_cat?post=85416"},{"taxonomy":"product_tag","embeddable":true,"href":"https:\/\/bitsmag.ro\/aff\/wp-json\/wp\/v2\/product_tag?post=85416"}],"curies":[{"name":"wp","href":"https:\/\/api.w.org\/{rel}","templated":true}]}}