{"id":85430,"date":"2024-12-13T19:04:02","date_gmt":"2024-12-13T19:04:02","guid":{"rendered":"https:\/\/bitsmag.ro\/aff\/shop\/uncategorized\/localizator-auto-obd-techstar-tracker-j64-localizare-si-urmarire-gps-sim-reta-4g-12-36v-pluplay-negru\/"},"modified":"2024-12-13T19:04:06","modified_gmt":"2024-12-13T19:04:06","slug":"localizator-auto-obd-techstar-tracker-j64-localizare-si-urmarire-gps-sim-reta-4g-12-36v-pluplay-negru","status":"publish","type":"product","link":"https:\/\/bitsmag.ro\/aff\/shop\/techstar-ro\/suporturi-tv\/localizator-auto-obd-techstar-tracker-j64-localizare-si-urmarire-gps-sim-reta-4g-12-36v-pluplay-negru\/","title":{"rendered":"Localizator Auto OBD Techstar\u00ae Tracker J64, Localizare si Urmarire GPS, SIM, Reta 4G, 12-36V, Plu&#038;Play, Negru"},"content":{"rendered":"<p>Localizator Auto OBD Techstar\u00ae Tracker J64, Localizare si Urmarire GPS, SIM, Reta 4G, 12-36V, Plu&#038;Play, Negru|Localizatorul Auto OBD Techstar\u00ae Tracker J64 este un mic \u0219i simplu dispozitiv de localizare care se conecteaz\u0103 la conectorul OBD al ma\u0219inii. Conectarea la conectorul de diagnosticare OBD nu numai c\u0103 faciliteaz\u0103 instalarea dispozitivului de localizare GPS, dar garanteaz\u0103 \u0219i func\u021bionarea acestuia f\u0103r\u0103 \u00eentre\u021binere Localizatorul GPS conectat la conectorul OBD al autovehiculului nu numai c\u0103 v\u0103 permite s\u0103 monitoriza\u021bi pozi\u021bia \u00een timp real a autovehiculului, dar ofer\u0103 \u0219i o multitudine de alte || Techstar.ro <\/p>\n<p>Disponibilitate: In Stoc<\/p>\n","protected":false},"excerpt":{"rendered":"<p>Localizatorul Auto OBD Techstar\u00ae Tracker J64 este un mic \u0219i simplu dispozitiv de localizare care se conecteaz\u0103 la conectorul OBD al ma\u0219inii. Conectarea la conectorul de diagnosticare OBD nu numai c\u0103 faciliteaz\u0103 instalarea dispozitivului de localizare GPS, dar garanteaz\u0103 \u0219i func\u021bionarea acestuia f\u0103r\u0103 \u00eentre\u021binere Localizatorul GPS conectat la conectorul OBD al autovehiculului nu numai c\u0103 v\u0103 permite s\u0103 monitoriza\u021bi pozi\u021bia \u00een timp real a autovehiculului, dar ofer\u0103 \u0219i o multitudine de alte<a class=\"button\" href=\"https:\/\/bitsmag.ro\/aff\/shop\/techstar-ro\/suporturi-tv\/localizator-auto-obd-techstar-tracker-j64-localizare-si-urmarire-gps-sim-reta-4g-12-36v-pluplay-negru\/\" title=\"More\">Read more<\/a><\/p>\n","protected":false},"featured_media":70323,"comment_status":"open","ping_status":"open","template":"","meta":{"_acf_changed":false},"product_brand":[],"product_cat":[13554,175],"product_tag":[],"class_list":{"0":"post-85430","1":"product","2":"type-product","3":"status-publish","4":"has-post-thumbnail","6":"product_cat-suporturi-tv","7":"product_cat-techstar-ro","8":"pa_stock-disponibilitate-in-stoc","10":"first","11":"instock","12":"product-type-external"},"acf":[],"_links":{"self":[{"href":"https:\/\/bitsmag.ro\/aff\/wp-json\/wp\/v2\/product\/85430","targetHints":{"allow":["GET"]}}],"collection":[{"href":"https:\/\/bitsmag.ro\/aff\/wp-json\/wp\/v2\/product"}],"about":[{"href":"https:\/\/bitsmag.ro\/aff\/wp-json\/wp\/v2\/types\/product"}],"replies":[{"embeddable":true,"href":"https:\/\/bitsmag.ro\/aff\/wp-json\/wp\/v2\/comments?post=85430"}],"wp:featuredmedia":[{"embeddable":true,"href":"https:\/\/bitsmag.ro\/aff\/wp-json\/wp\/v2\/media\/70323"}],"wp:attachment":[{"href":"https:\/\/bitsmag.ro\/aff\/wp-json\/wp\/v2\/media?parent=85430"}],"wp:term":[{"taxonomy":"product_brand","embeddable":true,"href":"https:\/\/bitsmag.ro\/aff\/wp-json\/wp\/v2\/product_brand?post=85430"},{"taxonomy":"product_cat","embeddable":true,"href":"https:\/\/bitsmag.ro\/aff\/wp-json\/wp\/v2\/product_cat?post=85430"},{"taxonomy":"product_tag","embeddable":true,"href":"https:\/\/bitsmag.ro\/aff\/wp-json\/wp\/v2\/product_tag?post=85430"}],"curies":[{"name":"wp","href":"https:\/\/api.w.org\/{rel}","templated":true}]}}