{"id":85478,"date":"2025-04-21T16:59:02","date_gmt":"2025-04-21T16:59:02","guid":{"rendered":"https:\/\/bitsmag.ro\/aff\/shop\/uncategorized\/aplica-led-de-perete-interior-exterior-techstar-135-s-putere-10w-culoare-lumina-4000k-746-lm-13-5x8-2-cm-ip-44-negru\/"},"modified":"2025-04-21T16:59:05","modified_gmt":"2025-04-21T16:59:05","slug":"aplica-led-de-perete-interior-exterior-techstar-135-s-putere-10w-culoare-lumina-4000k-746-lm-13-5x8-2-cm-din-aluminiu-ip-65-waterproof-negru","status":"publish","type":"product","link":"https:\/\/bitsmag.ro\/aff\/shop\/techstar-ro\/cartuse-toner-brother\/aplica-led-de-perete-interior-exterior-techstar-135-s-putere-10w-culoare-lumina-4000k-746-lm-13-5x8-2-cm-din-aluminiu-ip-65-waterproof-negru\/","title":{"rendered":"Aplica LED De Perete Interior\/Exterior Techstar\u00ae 135 S, Putere 10W, Culoare Lumina 4000K, 746 Lm, 13.5&#215;8.2 Cm, din Aluminiu, IP 65 Waterproof, Negru"},"content":{"rendered":"<p>Aplica LED De Perete Interior\/Exterior Techstar\u00ae 135 S, Putere 10W, Culoare Lumina 4000K, 746 Lm, 13.5&#215;8.2 Cm, din Aluminiu, IP 65 Waterproof, Negru|Aplica de perete pentru interior si exterior de la Techstar 135 S este o lamp\u0103 solid\u0103 \u0219i fiabil\u0103 din aluminiu, care eman\u0103 m\u0103iestrie de calitate. Marginile simple \u0219i liniile ascu\u021bite ale l\u0103mpii solide \u00een form\u0103 de cub sunt \u00een mod clar \u00eenr\u0103d\u0103cinate \u00een filozofia contemporana care se afl\u0103 \u00een spatele a tot ceea ce face marca Techstar\u00ae. Exteriorul negru serve\u0219te ca un contrast minunat cu interiorul alb str\u0103lucitor. Acest lucru face u\u0219or s\u0103 g\u0103si\u021bi un loc bun pentru lamp\u0103, \u00een special \u00een casele moderne. || Techstar.ro <\/p>\n<p>Disponibilitate: In Stoc<\/p>\n","protected":false},"excerpt":{"rendered":"<p>Aplica de perete pentru interior si exterior de la Techstar 135 S este o lamp\u0103 solid\u0103 \u0219i fiabil\u0103 din aluminiu, care eman\u0103 m\u0103iestrie de calitate. Marginile simple \u0219i liniile ascu\u021bite ale l\u0103mpii solide \u00een form\u0103 de cub sunt \u00een mod clar \u00eenr\u0103d\u0103cinate \u00een filozofia contemporana care se afl\u0103 \u00een spatele a tot ceea ce face marca Techstar\u00ae. Exteriorul negru serve\u0219te ca un contrast minunat cu interiorul alb str\u0103lucitor. Acest lucru face u\u0219or s\u0103 g\u0103si\u021bi un loc bun pentru lamp\u0103, \u00een special \u00een casele moderne.<a class=\"button\" href=\"https:\/\/bitsmag.ro\/aff\/shop\/techstar-ro\/cartuse-toner-brother\/aplica-led-de-perete-interior-exterior-techstar-135-s-putere-10w-culoare-lumina-4000k-746-lm-13-5x8-2-cm-din-aluminiu-ip-65-waterproof-negru\/\" title=\"More\">Read more<\/a><\/p>\n","protected":false},"featured_media":70434,"comment_status":"open","ping_status":"open","template":"","meta":{"_acf_changed":false},"product_brand":[],"product_cat":[13545,175],"product_tag":[],"class_list":{"0":"post-85478","1":"product","2":"type-product","3":"status-publish","4":"has-post-thumbnail","6":"product_cat-cartuse-toner-brother","7":"product_cat-techstar-ro","8":"pa_stock-disponibilitate-in-stoc","10":"first","11":"instock","12":"sale","13":"product-type-external"},"acf":[],"_links":{"self":[{"href":"https:\/\/bitsmag.ro\/aff\/wp-json\/wp\/v2\/product\/85478","targetHints":{"allow":["GET"]}}],"collection":[{"href":"https:\/\/bitsmag.ro\/aff\/wp-json\/wp\/v2\/product"}],"about":[{"href":"https:\/\/bitsmag.ro\/aff\/wp-json\/wp\/v2\/types\/product"}],"replies":[{"embeddable":true,"href":"https:\/\/bitsmag.ro\/aff\/wp-json\/wp\/v2\/comments?post=85478"}],"wp:featuredmedia":[{"embeddable":true,"href":"https:\/\/bitsmag.ro\/aff\/wp-json\/wp\/v2\/media\/70434"}],"wp:attachment":[{"href":"https:\/\/bitsmag.ro\/aff\/wp-json\/wp\/v2\/media?parent=85478"}],"wp:term":[{"taxonomy":"product_brand","embeddable":true,"href":"https:\/\/bitsmag.ro\/aff\/wp-json\/wp\/v2\/product_brand?post=85478"},{"taxonomy":"product_cat","embeddable":true,"href":"https:\/\/bitsmag.ro\/aff\/wp-json\/wp\/v2\/product_cat?post=85478"},{"taxonomy":"product_tag","embeddable":true,"href":"https:\/\/bitsmag.ro\/aff\/wp-json\/wp\/v2\/product_tag?post=85478"}],"curies":[{"name":"wp","href":"https:\/\/api.w.org\/{rel}","templated":true}]}}