{"id":85509,"date":"2024-11-09T17:04:28","date_gmt":"2024-11-09T17:04:28","guid":{"rendered":"https:\/\/bitsmag.ro\/aff\/shop\/uncategorized\/resigilat-comutator-inteligent-wifi-techstar-16a-smart-home-compatibil-cu-ios-si-android-smart-life-si-control-vocal-prin-alexa-si-google-home-alb\/"},"modified":"2024-11-09T17:04:32","modified_gmt":"2024-11-09T17:04:32","slug":"resigilat-comutator-inteligent-wifi-techstar-16a-smart-home-compatibil-cu-ios-si-android-smart-life-si-control-vocal-prin-alexa-si-google-home-alb","status":"publish","type":"product","link":"https:\/\/bitsmag.ro\/aff\/shop\/techstar-ro\/drone\/resigilat-comutator-inteligent-wifi-techstar-16a-smart-home-compatibil-cu-ios-si-android-smart-life-si-control-vocal-prin-alexa-si-google-home-alb\/","title":{"rendered":"Resigilat Comutator inteligent WiFi Techstar\u00ae, 16A, Smart Home, Compatibil cu iOS si Android, Smart Life si control vocal prin Alexa si Google Home, Alb"},"content":{"rendered":"<p>Resigilat Comutator inteligent WiFi Techstar\u00ae, 16A, Smart Home, Compatibil cu iOS si Android, Smart Life si control vocal prin Alexa si Google Home, Alb|Comutatorul inteligent WiFi de la Techstar\u00ae este un comutator universal care permite sistemului dvs. de cas\u0103 inteligent\u0103 s\u0103 porneasc\u0103\/opreasc\u0103 automat de la distan\u021b\u0103 toate aparatele prin aplica\u021bia pentru telefon. C\u00e2nd temperatura mediului se afl\u0103 \u00een interval, dispozitivele conectate sunt pornite sau oprite automat. De asemenea, accept\u0103 sincronizarea pornirii\/opririi aparatului \u0219i permite un interval de temperatur\u0103 prestabilit. Lucra\u021bi cu comutatorul inteligent Techstar\u00ae \u0219i senzorul impermeabil || Techstar.ro <\/p>\n<p>Disponibilitate: In Stoc<\/p>\n","protected":false},"excerpt":{"rendered":"<p>Comutatorul inteligent WiFi de la Techstar\u00ae este un comutator universal care permite sistemului dvs. de cas\u0103 inteligent\u0103 s\u0103 porneasc\u0103\/opreasc\u0103 automat de la distan\u021b\u0103 toate aparatele prin aplica\u021bia pentru telefon. C\u00e2nd temperatura mediului se afl\u0103 \u00een interval, dispozitivele conectate sunt pornite sau oprite automat. De asemenea, accept\u0103 sincronizarea pornirii\/opririi aparatului \u0219i permite un interval de temperatur\u0103 prestabilit. Lucra\u021bi cu comutatorul inteligent Techstar\u00ae \u0219i senzorul impermeabil<a class=\"button\" href=\"https:\/\/bitsmag.ro\/aff\/shop\/techstar-ro\/drone\/resigilat-comutator-inteligent-wifi-techstar-16a-smart-home-compatibil-cu-ios-si-android-smart-life-si-control-vocal-prin-alexa-si-google-home-alb\/\" title=\"More\">Read more<\/a><\/p>\n","protected":false},"featured_media":70497,"comment_status":"open","ping_status":"open","template":"","meta":{"_acf_changed":false},"product_brand":[],"product_cat":[13568,175],"product_tag":[],"class_list":{"0":"post-85509","1":"product","2":"type-product","3":"status-publish","4":"has-post-thumbnail","6":"product_cat-drone","7":"product_cat-techstar-ro","8":"pa_stock-disponibilitate-in-stoc","10":"first","11":"instock","12":"sale","13":"product-type-external"},"acf":[],"_links":{"self":[{"href":"https:\/\/bitsmag.ro\/aff\/wp-json\/wp\/v2\/product\/85509","targetHints":{"allow":["GET"]}}],"collection":[{"href":"https:\/\/bitsmag.ro\/aff\/wp-json\/wp\/v2\/product"}],"about":[{"href":"https:\/\/bitsmag.ro\/aff\/wp-json\/wp\/v2\/types\/product"}],"replies":[{"embeddable":true,"href":"https:\/\/bitsmag.ro\/aff\/wp-json\/wp\/v2\/comments?post=85509"}],"wp:featuredmedia":[{"embeddable":true,"href":"https:\/\/bitsmag.ro\/aff\/wp-json\/wp\/v2\/media\/70497"}],"wp:attachment":[{"href":"https:\/\/bitsmag.ro\/aff\/wp-json\/wp\/v2\/media?parent=85509"}],"wp:term":[{"taxonomy":"product_brand","embeddable":true,"href":"https:\/\/bitsmag.ro\/aff\/wp-json\/wp\/v2\/product_brand?post=85509"},{"taxonomy":"product_cat","embeddable":true,"href":"https:\/\/bitsmag.ro\/aff\/wp-json\/wp\/v2\/product_cat?post=85509"},{"taxonomy":"product_tag","embeddable":true,"href":"https:\/\/bitsmag.ro\/aff\/wp-json\/wp\/v2\/product_tag?post=85509"}],"curies":[{"name":"wp","href":"https:\/\/api.w.org\/{rel}","templated":true}]}}