{"id":85526,"date":"2024-12-13T19:04:29","date_gmt":"2024-12-13T19:04:29","guid":{"rendered":"https:\/\/bitsmag.ro\/aff\/shop\/uncategorized\/ghirlanda-luminoasa-de-exterior-techstar-10m-cu-15-becuri-led-e26-1w-cablu-cu-pendul-negru-lumina-foarte-calda-2200k-conectabila-75m-negru\/"},"modified":"2024-12-13T19:04:33","modified_gmt":"2024-12-13T19:04:33","slug":"ghirlanda-luminoasa-de-exterior-techstar-10m-cu-15-becuri-led-e26-1w-cablu-cu-pendul-negru-lumina-foarte-calda-2200k-conectabila-75m-negru","status":"publish","type":"product","link":"https:\/\/bitsmag.ro\/aff\/shop\/techstar-ro\/aplice-de-tavan\/ghirlanda-luminoasa-de-exterior-techstar-10m-cu-15-becuri-led-e26-1w-cablu-cu-pendul-negru-lumina-foarte-calda-2200k-conectabila-75m-negru\/","title":{"rendered":"Ghirlanda Luminoasa de Exterior Techstar\u00ae 10M cu 15 Becuri LED, E26, 1W, Cablu cu Pendul Negru, Lumina Foarte Calda, 2200K, Conectabila 75M, Negru"},"content":{"rendered":"<p>Ghirlanda Luminoasa de Exterior Techstar\u00ae 10M cu 15 Becuri LED, E26, 1W, Cablu cu Pendul Negru, Lumina Foarte Calda, 2200K, Conectabila 75M, Negru|Ilumineaz\u0103-\u021bi gr\u0103dina cu stil cu aceste lumini de exterior alimentate de la re\u021bea. Setul de 15 de becuri rotunde, \u00een stil \u201epara\u201d, va ad\u0103uga o not\u0103 de clas\u0103 oric\u0103rui spa\u021biu exterior. Lungimea de 10 m a ghirlandei faciliteaz\u0103 alimentarea luminilor de la o priz\u0103. Pute\u021bi chiar conecta mai multe seturi \u00een secven\u021b\u0103 pentru a acoperi o zon\u0103 mai mare. Caracteristici: Lungimea standard este de 10 m Ghirlanda luminoasa are 15 becuri transparente cu un LED in interior, fasung E27, din || Techstar.ro <\/p>\n<p>Disponibilitate: In Stoc<\/p>\n","protected":false},"excerpt":{"rendered":"<p>Ilumineaz\u0103-\u021bi gr\u0103dina cu stil cu aceste lumini de exterior alimentate de la re\u021bea. Setul de 15 de becuri rotunde, \u00een stil \u201epara\u201d, va ad\u0103uga o not\u0103 de clas\u0103 oric\u0103rui spa\u021biu exterior. Lungimea de 10 m a ghirlandei faciliteaz\u0103 alimentarea luminilor de la o priz\u0103. Pute\u021bi chiar conecta mai multe seturi \u00een secven\u021b\u0103 pentru a acoperi o zon\u0103 mai mare. Caracteristici: Lungimea standard este de 10 m Ghirlanda luminoasa are 15 becuri transparente cu un LED in interior, fasung E27, din<a class=\"button\" href=\"https:\/\/bitsmag.ro\/aff\/shop\/techstar-ro\/aplice-de-tavan\/ghirlanda-luminoasa-de-exterior-techstar-10m-cu-15-becuri-led-e26-1w-cablu-cu-pendul-negru-lumina-foarte-calda-2200k-conectabila-75m-negru\/\" title=\"More\">Read more<\/a><\/p>\n","protected":false},"featured_media":70535,"comment_status":"open","ping_status":"open","template":"","meta":{"_acf_changed":false},"product_brand":[],"product_cat":[13558,175],"product_tag":[],"class_list":{"0":"post-85526","1":"product","2":"type-product","3":"status-publish","4":"has-post-thumbnail","6":"product_cat-aplice-de-tavan","7":"product_cat-techstar-ro","8":"pa_stock-disponibilitate-in-stoc","10":"first","11":"instock","12":"product-type-external"},"acf":[],"_links":{"self":[{"href":"https:\/\/bitsmag.ro\/aff\/wp-json\/wp\/v2\/product\/85526","targetHints":{"allow":["GET"]}}],"collection":[{"href":"https:\/\/bitsmag.ro\/aff\/wp-json\/wp\/v2\/product"}],"about":[{"href":"https:\/\/bitsmag.ro\/aff\/wp-json\/wp\/v2\/types\/product"}],"replies":[{"embeddable":true,"href":"https:\/\/bitsmag.ro\/aff\/wp-json\/wp\/v2\/comments?post=85526"}],"wp:featuredmedia":[{"embeddable":true,"href":"https:\/\/bitsmag.ro\/aff\/wp-json\/wp\/v2\/media\/70535"}],"wp:attachment":[{"href":"https:\/\/bitsmag.ro\/aff\/wp-json\/wp\/v2\/media?parent=85526"}],"wp:term":[{"taxonomy":"product_brand","embeddable":true,"href":"https:\/\/bitsmag.ro\/aff\/wp-json\/wp\/v2\/product_brand?post=85526"},{"taxonomy":"product_cat","embeddable":true,"href":"https:\/\/bitsmag.ro\/aff\/wp-json\/wp\/v2\/product_cat?post=85526"},{"taxonomy":"product_tag","embeddable":true,"href":"https:\/\/bitsmag.ro\/aff\/wp-json\/wp\/v2\/product_tag?post=85526"}],"curies":[{"name":"wp","href":"https:\/\/api.w.org\/{rel}","templated":true}]}}