{"id":85564,"date":"2025-11-24T12:24:01","date_gmt":"2025-11-24T12:24:01","guid":{"rendered":"https:\/\/bitsmag.ro\/aff\/shop\/uncategorized\/perna-pneumatica-cu-pompa-manuala-pentru-deschiderea-usii-masinii-techstar-cdt-23-28-x-12-5-cm-100-kg-forta-albastru\/"},"modified":"2025-11-24T12:24:06","modified_gmt":"2025-11-24T12:24:06","slug":"perna-pneumatica-cu-pompa-manuala-pentru-deschiderea-usii-masinii-techstar-cdt-23-28-x-12-5-cm-100-kg-forta-albastru","status":"publish","type":"product","link":"https:\/\/bitsmag.ro\/aff\/shop\/techstar-ro\/kit-uri-xenon\/perna-pneumatica-cu-pompa-manuala-pentru-deschiderea-usii-masinii-techstar-cdt-23-28-x-12-5-cm-100-kg-forta-albastru\/","title":{"rendered":"Perna pneumatica cu pompa manuala pentru deschiderea usii masinii Techstar\u00ae CDT-23, 28 x 12.5 cm, 100 kg\/forta, Albastru"},"content":{"rendered":"<p>Perna pneumatica cu pompa manuala pentru deschiderea usii masinii Techstar\u00ae CDT-23, 28 x 12.5 cm, 100 kg\/forta, Albastru|Perna pneumatica cu pompa manuala pentru deschiderea usii masinii Techstar\u00ae CDT-23. Fabricata din tesatura pe baza de fibra sintetica armata, cu dimensiunile 28&#215;12.5 mm. Prevazuta cu furtun si o pomp\u0103 cu supap\u0103 de siguran\u021b\u0103 de aproximativ 290 mm. \u00cen\u0103l\u021bimea de ridicare este de aproximativ 50 mm. Grosimea pernei, neumflata, este de aproximativ 2 mm. Caracteristici: Perna Aer Pentru Deschidere Portiera-usa Auto &#8211; Techstar\u00ae CDT-23 Perna Aer Pentru a Deschide Usa la Autovehicol, Fara a || Techstar.ro <\/p>\n<p>Disponibilitate: In Stoc<\/p>\n","protected":false},"excerpt":{"rendered":"<p>Perna pneumatica cu pompa manuala pentru deschiderea usii masinii Techstar\u00ae CDT-23. Fabricata din tesatura pe baza de fibra sintetica armata, cu dimensiunile 28&#215;12.5 mm. Prevazuta cu furtun si o pomp\u0103 cu supap\u0103 de siguran\u021b\u0103 de aproximativ 290 mm. \u00cen\u0103l\u021bimea de ridicare este de aproximativ 50 mm. Grosimea pernei, neumflata, este de aproximativ 2 mm. Caracteristici: Perna Aer Pentru Deschidere Portiera-usa Auto &#8211; Techstar\u00ae CDT-23 Perna Aer Pentru a Deschide Usa la Autovehicol, Fara a<a class=\"button\" href=\"https:\/\/bitsmag.ro\/aff\/shop\/techstar-ro\/kit-uri-xenon\/perna-pneumatica-cu-pompa-manuala-pentru-deschiderea-usii-masinii-techstar-cdt-23-28-x-12-5-cm-100-kg-forta-albastru\/\" title=\"More\">Read more<\/a><\/p>\n","protected":false},"featured_media":70612,"comment_status":"open","ping_status":"open","template":"","meta":{"_acf_changed":false},"product_brand":[],"product_cat":[27137,175],"product_tag":[],"class_list":{"0":"post-85564","1":"product","2":"type-product","3":"status-publish","4":"has-post-thumbnail","6":"product_cat-kit-uri-xenon","7":"product_cat-techstar-ro","8":"pa_stock-disponibilitate-in-stoc","10":"first","11":"instock","12":"sale","13":"product-type-external"},"acf":[],"_links":{"self":[{"href":"https:\/\/bitsmag.ro\/aff\/wp-json\/wp\/v2\/product\/85564","targetHints":{"allow":["GET"]}}],"collection":[{"href":"https:\/\/bitsmag.ro\/aff\/wp-json\/wp\/v2\/product"}],"about":[{"href":"https:\/\/bitsmag.ro\/aff\/wp-json\/wp\/v2\/types\/product"}],"replies":[{"embeddable":true,"href":"https:\/\/bitsmag.ro\/aff\/wp-json\/wp\/v2\/comments?post=85564"}],"wp:featuredmedia":[{"embeddable":true,"href":"https:\/\/bitsmag.ro\/aff\/wp-json\/wp\/v2\/media\/70612"}],"wp:attachment":[{"href":"https:\/\/bitsmag.ro\/aff\/wp-json\/wp\/v2\/media?parent=85564"}],"wp:term":[{"taxonomy":"product_brand","embeddable":true,"href":"https:\/\/bitsmag.ro\/aff\/wp-json\/wp\/v2\/product_brand?post=85564"},{"taxonomy":"product_cat","embeddable":true,"href":"https:\/\/bitsmag.ro\/aff\/wp-json\/wp\/v2\/product_cat?post=85564"},{"taxonomy":"product_tag","embeddable":true,"href":"https:\/\/bitsmag.ro\/aff\/wp-json\/wp\/v2\/product_tag?post=85564"}],"curies":[{"name":"wp","href":"https:\/\/api.w.org\/{rel}","templated":true}]}}