{"id":85611,"date":"2025-11-24T12:24:12","date_gmt":"2025-11-24T12:24:12","guid":{"rendered":"https:\/\/bitsmag.ro\/aff\/shop\/uncategorized\/incarcator-inteligent-pentru-baterii-auto-konnwei-rc-10-12v-24v-5a-10a-afisaj-lcd-functie-puls-reparare-al-bateriei-compatibil-baterie-li-ion-lifepo4-baterii-cu-gel-plumb-acid-rosu-negru\/"},"modified":"2025-11-24T12:24:18","modified_gmt":"2025-11-24T12:24:18","slug":"incarcator-inteligent-pentru-baterii-auto-konnwei-rc-10-12v-24v-5a-10a-afisaj-lcd-functie-puls-reparare-al-bateriei-compatibil-baterie-li-ion-lifepo4-baterii-cu-gel-plumb-acid-rosu-negru","status":"publish","type":"product","link":"https:\/\/bitsmag.ro\/aff\/shop\/techstar-ro\/redresoare-si-incarcatoare-baterie-auto\/incarcator-inteligent-pentru-baterii-auto-konnwei-rc-10-12v-24v-5a-10a-afisaj-lcd-functie-puls-reparare-al-bateriei-compatibil-baterie-li-ion-lifepo4-baterii-cu-gel-plumb-acid-rosu-negru\/","title":{"rendered":"Incarcator inteligent pentru baterii auto Konnwei RC-10, 12V\/24V, 5A\/10A, Afisaj LCD, Functie Puls Reparare al Bateriei, Compatibil Baterie Li Ion Lifepo4, baterii cu gel, plumb acid, Rosu\/Negru"},"content":{"rendered":"<p>Incarcator inteligent pentru baterii auto Konnwei RC-10, 12V\/24V, 5A\/10A, Afisaj LCD, Functie Puls Reparare al Bateriei, Compatibil Baterie Li Ion Lifepo4, baterii cu gel, plumb acid, Rosu\/Negru|Tehnologie de \u00eenc\u0103rcare rapid\u0103: Viteza conteaz\u0103! Cu \u00eenc\u0103rc\u0103torul rapid de 10 amperi de la KONNWEI RC-10 pentru 12 V \u0219i 5 amperi pentru 24 V, ve\u021bi experimenta viteze de \u00eenc\u0103rcare mult superioare \u00eenc\u0103rc\u0103toarelor standard de 8 amperi sau 5 amperi. Aceasta este solu\u021bia suprem\u0103 pentru ma\u0219ini, camioane, SUV-uri, motociclete, b\u0103rci \u0219i alte utilaje care func\u021bioneaz\u0103 cu baterii. \u00cenc\u0103rcare ultra-sigur\u0103: Dormi lini\u0219tit, \u0219tiind c\u0103 bateria ta este pe m\u00e2ini bune! Tehnologia noastr\u0103 inteligent\u0103 de || Techstar.ro <\/p>\n<p>Disponibilitate: In Stoc<\/p>\n","protected":false},"excerpt":{"rendered":"<p>Tehnologie de \u00eenc\u0103rcare rapid\u0103: Viteza conteaz\u0103! Cu \u00eenc\u0103rc\u0103torul rapid de 10 amperi de la KONNWEI RC-10 pentru 12 V \u0219i 5 amperi pentru 24 V, ve\u021bi experimenta viteze de \u00eenc\u0103rcare mult superioare \u00eenc\u0103rc\u0103toarelor standard de 8 amperi sau 5 amperi. Aceasta este solu\u021bia suprem\u0103 pentru ma\u0219ini, camioane, SUV-uri, motociclete, b\u0103rci \u0219i alte utilaje care func\u021bioneaz\u0103 cu baterii. \u00cenc\u0103rcare ultra-sigur\u0103: Dormi lini\u0219tit, \u0219tiind c\u0103 bateria ta este pe m\u00e2ini bune! Tehnologia noastr\u0103 inteligent\u0103 de<a class=\"button\" href=\"https:\/\/bitsmag.ro\/aff\/shop\/techstar-ro\/redresoare-si-incarcatoare-baterie-auto\/incarcator-inteligent-pentru-baterii-auto-konnwei-rc-10-12v-24v-5a-10a-afisaj-lcd-functie-puls-reparare-al-bateriei-compatibil-baterie-li-ion-lifepo4-baterii-cu-gel-plumb-acid-rosu-negru\/\" title=\"More\">Read more<\/a><\/p>\n","protected":false},"featured_media":70729,"comment_status":"open","ping_status":"open","template":"","meta":{"_acf_changed":false},"product_brand":[],"product_cat":[13550,175],"product_tag":[],"class_list":{"0":"post-85611","1":"product","2":"type-product","3":"status-publish","4":"has-post-thumbnail","6":"product_cat-redresoare-si-incarcatoare-baterie-auto","7":"product_cat-techstar-ro","8":"pa_stock-disponibilitate-in-stoc","10":"first","11":"instock","12":"sale","13":"product-type-external"},"acf":[],"_links":{"self":[{"href":"https:\/\/bitsmag.ro\/aff\/wp-json\/wp\/v2\/product\/85611","targetHints":{"allow":["GET"]}}],"collection":[{"href":"https:\/\/bitsmag.ro\/aff\/wp-json\/wp\/v2\/product"}],"about":[{"href":"https:\/\/bitsmag.ro\/aff\/wp-json\/wp\/v2\/types\/product"}],"replies":[{"embeddable":true,"href":"https:\/\/bitsmag.ro\/aff\/wp-json\/wp\/v2\/comments?post=85611"}],"wp:featuredmedia":[{"embeddable":true,"href":"https:\/\/bitsmag.ro\/aff\/wp-json\/wp\/v2\/media\/70729"}],"wp:attachment":[{"href":"https:\/\/bitsmag.ro\/aff\/wp-json\/wp\/v2\/media?parent=85611"}],"wp:term":[{"taxonomy":"product_brand","embeddable":true,"href":"https:\/\/bitsmag.ro\/aff\/wp-json\/wp\/v2\/product_brand?post=85611"},{"taxonomy":"product_cat","embeddable":true,"href":"https:\/\/bitsmag.ro\/aff\/wp-json\/wp\/v2\/product_cat?post=85611"},{"taxonomy":"product_tag","embeddable":true,"href":"https:\/\/bitsmag.ro\/aff\/wp-json\/wp\/v2\/product_tag?post=85611"}],"curies":[{"name":"wp","href":"https:\/\/api.w.org\/{rel}","templated":true}]}}