{"id":85621,"date":"2024-12-13T19:04:55","date_gmt":"2024-12-13T19:04:55","guid":{"rendered":"https:\/\/bitsmag.ro\/aff\/shop\/uncategorized\/carlinkit-carplay-ai-box-cu-android-11-0-techstar-cpc200-plus-ram-4g-rom-64g-5v-1a-redare-video-muzica-gps-tf-card-app-hotspot-wifi-negru\/"},"modified":"2024-12-13T19:05:01","modified_gmt":"2024-12-13T19:05:01","slug":"carlinkit-carplay-ai-box-cu-android-11-0-techstar-cpc200-plus-ram-4g-rom-64g-5v-1a-redare-video-muzica-gps-tf-card-app-hotspot-wifi-negru","status":"publish","type":"product","link":"https:\/\/bitsmag.ro\/aff\/shop\/techstar-ro\/becuri-spot-led-ar111\/carlinkit-carplay-ai-box-cu-android-11-0-techstar-cpc200-plus-ram-4g-rom-64g-5v-1a-redare-video-muzica-gps-tf-card-app-hotspot-wifi-negru\/","title":{"rendered":"Carlinkit CarPlay Ai Box cu Android 11.0 Techstar\u00ae CPC200 Plus, RAM 4G, ROM 64G, 5V-1A, Redare Video, Muzica, GPS, TF Card, APP, Hotspot WiFi, Negru"},"content":{"rendered":"<p>Carlinkit CarPlay Ai Box cu Android 11.0 Techstar\u00ae CPC200 Plus, RAM 4G, ROM 64G, 5V-1A, Redare Video, Muzica, GPS, TF Card, APP, Hotspot WiFi, Negru|Tendin\u021ba modern\u0103 acum este casa inteligent\u0103, dar de ce s\u0103 nu ave\u021bi \u0219i o ma\u0219in\u0103 inteligent\u0103? Acum este posibil \u0219i acest lucru! Dac\u0103 ave\u021bi un radio auto original care suport\u0103 conectivitatea prin cablu Apple Car Play \u0219i dori\u021bi s\u0103 v\u0103 extinde\u021bi radioul cu noi func\u021bii sau s\u0103 crea\u021bi un hotspot WiFI \u00een vehiculul dvs., atunci nu exist\u0103 nimic mai u\u0219or. Folosi\u021bi acest adaptor pentru a v\u0103 transforma \u201eradioul auto prost\u201c \u00eentr-un \u201eradio auto inteligent\u201c cu o mul\u021bime de func\u021bii noi datorit\u0103 Android 11. Cu || Techstar.ro <\/p>\n<p>Disponibilitate: In Stoc<\/p>\n","protected":false},"excerpt":{"rendered":"<p>Tendin\u021ba modern\u0103 acum este casa inteligent\u0103, dar de ce s\u0103 nu ave\u021bi \u0219i o ma\u0219in\u0103 inteligent\u0103? Acum este posibil \u0219i acest lucru! Dac\u0103 ave\u021bi un radio auto original care suport\u0103 conectivitatea prin cablu Apple Car Play \u0219i dori\u021bi s\u0103 v\u0103 extinde\u021bi radioul cu noi func\u021bii sau s\u0103 crea\u021bi un hotspot WiFI \u00een vehiculul dvs., atunci nu exist\u0103 nimic mai u\u0219or. Folosi\u021bi acest adaptor pentru a v\u0103 transforma \u201eradioul auto prost\u201c \u00eentr-un \u201eradio auto inteligent\u201c cu o mul\u021bime de func\u021bii noi datorit\u0103 Android 11. Cu<a class=\"button\" href=\"https:\/\/bitsmag.ro\/aff\/shop\/techstar-ro\/becuri-spot-led-ar111\/carlinkit-carplay-ai-box-cu-android-11-0-techstar-cpc200-plus-ram-4g-rom-64g-5v-1a-redare-video-muzica-gps-tf-card-app-hotspot-wifi-negru\/\" title=\"More\">Read more<\/a><\/p>\n","protected":false},"featured_media":70759,"comment_status":"open","ping_status":"open","template":"","meta":{"_acf_changed":false},"product_brand":[],"product_cat":[13557,175],"product_tag":[],"class_list":{"0":"post-85621","1":"product","2":"type-product","3":"status-publish","4":"has-post-thumbnail","6":"product_cat-becuri-spot-led-ar111","7":"product_cat-techstar-ro","8":"pa_stock-disponibilitate-in-stoc","10":"first","11":"instock","12":"product-type-external"},"acf":[],"_links":{"self":[{"href":"https:\/\/bitsmag.ro\/aff\/wp-json\/wp\/v2\/product\/85621","targetHints":{"allow":["GET"]}}],"collection":[{"href":"https:\/\/bitsmag.ro\/aff\/wp-json\/wp\/v2\/product"}],"about":[{"href":"https:\/\/bitsmag.ro\/aff\/wp-json\/wp\/v2\/types\/product"}],"replies":[{"embeddable":true,"href":"https:\/\/bitsmag.ro\/aff\/wp-json\/wp\/v2\/comments?post=85621"}],"wp:featuredmedia":[{"embeddable":true,"href":"https:\/\/bitsmag.ro\/aff\/wp-json\/wp\/v2\/media\/70759"}],"wp:attachment":[{"href":"https:\/\/bitsmag.ro\/aff\/wp-json\/wp\/v2\/media?parent=85621"}],"wp:term":[{"taxonomy":"product_brand","embeddable":true,"href":"https:\/\/bitsmag.ro\/aff\/wp-json\/wp\/v2\/product_brand?post=85621"},{"taxonomy":"product_cat","embeddable":true,"href":"https:\/\/bitsmag.ro\/aff\/wp-json\/wp\/v2\/product_cat?post=85621"},{"taxonomy":"product_tag","embeddable":true,"href":"https:\/\/bitsmag.ro\/aff\/wp-json\/wp\/v2\/product_tag?post=85621"}],"curies":[{"name":"wp","href":"https:\/\/api.w.org\/{rel}","templated":true}]}}